{"id":69,"date":"2021-01-11T12:08:02","date_gmt":"2021-01-11T11:08:02","guid":{"rendered":"http:\/\/fabric-insa.fr\/site\/?page_id=69"},"modified":"2026-02-21T15:43:47","modified_gmt":"2026-02-21T14:43:47","slug":"cao","status":"publish","type":"page","link":"https:\/\/fabric-insa.fr\/site\/materiel\/cao\/","title":{"rendered":"CAO"},"content":{"rendered":"\n<div class=\"wp-block-columns is-layout-flex wp-container-core-columns-is-layout-9d6595d7 wp-block-columns-is-layout-flex\">\n<div class=\"wp-block-column is-layout-flow wp-block-column-is-layout-flow\" style=\"flex-basis:33.33%\">\n<p><strong><mark style=\"background-color:rgba(0, 0, 0, 0)\" class=\"has-inline-color has-vivid-red-color\">Imprimante 3D BambuLab H2D<\/mark><\/strong><\/p>\n\n\n\n<figure class=\"wp-block-image size-full\"><img loading=\"lazy\" decoding=\"async\" width=\"700\" height=\"700\" src=\"https:\/\/fabric-insa.fr\/site\/wp-content\/uploads\/2026\/02\/imprimante3d_h2dcombo_bambulab_452873_2_14e2.webp\" alt=\"\" class=\"wp-image-810\" srcset=\"https:\/\/fabric-insa.fr\/site\/wp-content\/uploads\/2026\/02\/imprimante3d_h2dcombo_bambulab_452873_2_14e2.webp 700w, https:\/\/fabric-insa.fr\/site\/wp-content\/uploads\/2026\/02\/imprimante3d_h2dcombo_bambulab_452873_2_14e2-300x300.webp 300w, https:\/\/fabric-insa.fr\/site\/wp-content\/uploads\/2026\/02\/imprimante3d_h2dcombo_bambulab_452873_2_14e2-150x150.webp 150w, https:\/\/fabric-insa.fr\/site\/wp-content\/uploads\/2026\/02\/imprimante3d_h2dcombo_bambulab_452873_2_14e2-60x60.webp 60w\" sizes=\"auto, (max-width: 700px) 100vw, 700px\" \/><\/figure>\n<\/div>\n\n\n\n<div class=\"wp-block-column is-layout-flow wp-block-column-is-layout-flow\" style=\"flex-basis:66.66%\">\n<p>La Bambu Lab red\u00e9finit les standards de l&rsquo;impression 3D de bureau gr\u00e2ce \u00e0 une vitesse d&rsquo;ex\u00e9cution ph\u00e9nom\u00e9nale sans compromis sur la qualit\u00e9. \u00c9quip\u00e9e d&rsquo;une structure robuste et d&rsquo;une intelligence artificielle capable de d\u00e9tecter les erreurs d&rsquo;impression en temps r\u00e9el, elle est l&rsquo;outil id\u00e9al pour le prototypage rapide. Son syst\u00e8me multi-mat\u00e9riaux (AMS) permet d&rsquo;imprimer jusqu&rsquo;\u00e0 4 couleurs ou mat\u00e9riaux diff\u00e9rents simultan\u00e9ment, facilitant ainsi la cr\u00e9ation de mod\u00e8les complexes.<\/p>\n\n\n\n<p><strong>Caract\u00e9ristiques principales :<\/strong><\/p>\n\n\n\n<ul class=\"wp-block-list\">\n<li><strong>Vitesse d&rsquo;impression :<\/strong> Jusqu&rsquo;\u00e0 500 mm\/s.<\/li>\n\n\n\n<li><strong>Volume d&rsquo;impression :<\/strong> 350 x 320 x 325 mm.<\/li>\n\n\n\n<li><strong>Double extrusion :<\/strong> Impression de deux mat\u00e9riaux ou couleurs.<\/li>\n\n\n\n<li><strong>Multi-mat\u00e9riaux :<\/strong> Gestion automatique de 4 bobines (syst\u00e8me AMS).<\/li>\n\n\n\n<li><strong>Temp\u00e9rature buse :<\/strong> Jusqu&rsquo;\u00e0 300\u00b0C pour filaments techniques (PA, PC, CF).<\/li>\n<\/ul>\n<\/div>\n<\/div>\n\n\n\n<hr class=\"wp-block-separator has-alpha-channel-opacity\"\/>\n\n\n\n<div class=\"wp-block-columns is-layout-flex wp-container-core-columns-is-layout-9d6595d7 wp-block-columns-is-layout-flex\">\n<div class=\"wp-block-column is-layout-flow wp-block-column-is-layout-flow\" style=\"flex-basis:33.33%\">\n<h4 class=\"wp-block-heading has-text-align-center has-vivid-red-color has-text-color\">2 Imprimantes 3D Ultimaker S5<\/h4>\n\n\n<div class=\"wp-block-image\">\n<figure class=\"aligncenter size-large\"><img loading=\"lazy\" decoding=\"async\" width=\"795\" height=\"1024\" src=\"http:\/\/fabric-insa.fr\/site\/wp-content\/uploads\/2021\/01\/UM_S5_SDB2018-03-13_0001-9-795x1024.png\" alt=\"\" class=\"wp-image-70\" srcset=\"https:\/\/fabric-insa.fr\/site\/wp-content\/uploads\/2021\/01\/UM_S5_SDB2018-03-13_0001-9-795x1024.png 795w, https:\/\/fabric-insa.fr\/site\/wp-content\/uploads\/2021\/01\/UM_S5_SDB2018-03-13_0001-9-233x300.png 233w, https:\/\/fabric-insa.fr\/site\/wp-content\/uploads\/2021\/01\/UM_S5_SDB2018-03-13_0001-9-768x990.png 768w, https:\/\/fabric-insa.fr\/site\/wp-content\/uploads\/2021\/01\/UM_S5_SDB2018-03-13_0001-9-1192x1536.png 1192w, https:\/\/fabric-insa.fr\/site\/wp-content\/uploads\/2021\/01\/UM_S5_SDB2018-03-13_0001-9-1589x2048.png 1589w\" sizes=\"auto, (max-width: 795px) 100vw, 795px\" \/><\/figure>\n<\/div><\/div>\n\n\n\n<div class=\"wp-block-column is-layout-flow wp-block-column-is-layout-flow\" style=\"flex-basis:66.66%\">\n<p>V\u00e9ritable fer de lance de la fabrication additive professionnelle, l&rsquo;Ultimaker S5 est con\u00e7ue pour la fiabilit\u00e9 et la pr\u00e9cision. Son grand volume de construction et son syst\u00e8me de double extrusion permettent de r\u00e9aliser des pi\u00e8ces techniques de grande taille ou des g\u00e9om\u00e9tries complexes en utilisant des supports solubles (PVA). <\/p>\n\n\n\n<p><strong>Caract\u00e9ristiques principales :<\/strong><\/p>\n\n\n\n<ul class=\"wp-block-list\">\n<li><strong>Volume d&rsquo;impression :<\/strong> 330 x 240 x 300 mm.<\/li>\n\n\n\n<li><strong>Polyvalence :<\/strong> T\u00eates d&rsquo;impression interchangeables (Print Cores).<\/li>\n\n\n\n<li><strong>Double extrusion :<\/strong> Impression de deux mat\u00e9riaux ou couleurs.<\/li>\n\n\n\n<li><strong>Vitesse d\u2019impression<\/strong> : 70mm\/s<\/li>\n<\/ul>\n<\/div>\n<\/div>\n\n\n\n<hr class=\"wp-block-separator has-css-opacity is-style-wide\"\/>\n\n\n\n<div class=\"wp-block-columns is-layout-flex wp-container-core-columns-is-layout-9d6595d7 wp-block-columns-is-layout-flex\">\n<div class=\"wp-block-column is-layout-flow wp-block-column-is-layout-flow\" style=\"flex-basis:33.33%\">\n<h4 class=\"wp-block-heading has-text-align-center has-vivid-red-color has-text-color\">Imprimante 3D Ultimaker S3<\/h4>\n\n\n<div class=\"wp-block-image\">\n<figure class=\"aligncenter size-large\"><img loading=\"lazy\" decoding=\"async\" width=\"1024\" height=\"768\" src=\"http:\/\/fabric-insa.fr\/site\/wp-content\/uploads\/2021\/01\/ultimaker2-1024x768.jpg\" alt=\"\" class=\"wp-image-71\" srcset=\"https:\/\/fabric-insa.fr\/site\/wp-content\/uploads\/2021\/01\/ultimaker2-1024x768.jpg 1024w, https:\/\/fabric-insa.fr\/site\/wp-content\/uploads\/2021\/01\/ultimaker2-300x225.jpg 300w, https:\/\/fabric-insa.fr\/site\/wp-content\/uploads\/2021\/01\/ultimaker2-768x576.jpg 768w, https:\/\/fabric-insa.fr\/site\/wp-content\/uploads\/2021\/01\/ultimaker2.jpg 1200w\" sizes=\"auto, (max-width: 1024px) 100vw, 1024px\" \/><\/figure>\n<\/div><\/div>\n\n\n\n<div class=\"wp-block-column is-layout-flow wp-block-column-is-layout-flow\" style=\"flex-basis:66.66%\">\n<p>L&rsquo;Ultimaker S3 offre les performances industrielles de sa grande s\u0153ur, la S5, dans un format plus compact et accessible. C&rsquo;est la machine id\u00e9ale pour les utilisateurs exigeants qui ont besoin d&rsquo;une pr\u00e9cision irr\u00e9prochable pour des pi\u00e8ces de dimensions standards. Malgr\u00e9 sa taille r\u00e9duite, elle ne fait aucune concession sur la technologie : double extrusion, \u00e9cran tactile intuitif et capteurs de fin de filament sont au rendez-vous.<\/p>\n\n\n\n<p><strong>Caract\u00e9ristiques principales :<\/strong><\/p>\n\n\n\n<ul class=\"wp-block-list\">\n<li><strong><strong>Volume d&rsquo;impression :<\/strong> 230 x 190 x 200 mm.<\/strong><\/li>\n\n\n\n<li><strong>Polyvalence :<\/strong> T\u00eates d&rsquo;impression interchangeables (Print Cores).<\/li>\n\n\n\n<li><strong>Double extrusion :<\/strong> Impression de deux mat\u00e9riaux ou couleurs.<\/li>\n\n\n\n<li><strong>Vitesse d\u2019impression<\/strong> : 70mm\/s<\/li>\n<\/ul>\n<\/div>\n<\/div>\n\n\n\n<div class=\"wp-block-columns is-layout-flex wp-container-core-columns-is-layout-9d6595d7 wp-block-columns-is-layout-flex\">\n<div class=\"wp-block-column is-layout-flow wp-block-column-is-layout-flow\">\n<hr class=\"wp-block-separator has-alpha-channel-opacity\"\/>\n<\/div>\n<\/div>\n\n\n\n<div class=\"wp-block-columns is-layout-flex wp-container-core-columns-is-layout-9d6595d7 wp-block-columns-is-layout-flex\">\n<div class=\"wp-block-column is-layout-flow wp-block-column-is-layout-flow\" style=\"flex-basis:33.33%\">\n<h4 class=\"wp-block-heading has-text-align-center has-vivid-red-color has-text-color has-link-color wp-elements-b9f7c01aa849e77fffd76c499d9e6a9d\">D\u00e9coupeuse vinyle<\/h4>\n\n\n\n<figure class=\"wp-block-image size-full\"><img loading=\"lazy\" decoding=\"async\" width=\"640\" height=\"431\" src=\"http:\/\/fabric-insa.fr\/site\/wp-content\/uploads\/2024\/10\/1995989133.jpg\" alt=\"\" class=\"wp-image-669\" srcset=\"https:\/\/fabric-insa.fr\/site\/wp-content\/uploads\/2024\/10\/1995989133.jpg 640w, https:\/\/fabric-insa.fr\/site\/wp-content\/uploads\/2024\/10\/1995989133-300x202.jpg 300w\" sizes=\"auto, (max-width: 640px) 100vw, 640px\" \/><\/figure>\n<\/div>\n\n\n\n<div class=\"wp-block-column is-layout-flow wp-block-column-is-layout-flow\" style=\"flex-basis:66.66%\">\n<p>La Silhouette Cameo 4 Pro est la plus grande machine de d\u00e9coupe&nbsp;Silhouette D.I.Y. Elle peut couper jusqu&rsquo;\u00e0 <strong>60 cm<\/strong> de large. <\/p>\n\n\n\n<p>Cette machine est parfaite pour d\u00e9couper des mat\u00e9riaux en rouleaux comme le vinyle ou le film de transfert textile, ainsi que des mat\u00e9riaux courants comme le papier, le papier autocollant, etc.<\/p>\n<\/div>\n<\/div>\n\n\n\n<hr class=\"wp-block-separator has-alpha-channel-opacity\"\/>\n\n\n\n<div class=\"wp-block-columns is-layout-flex wp-container-core-columns-is-layout-9d6595d7 wp-block-columns-is-layout-flex\">\n<div class=\"wp-block-column is-layout-flow wp-block-column-is-layout-flow\" style=\"flex-basis:33.33%\">\n<h4 class=\"wp-block-heading has-text-align-center has-vivid-red-color has-text-color has-link-color wp-elements-236541ece6207a39fa5c5f3e19c5969e\">Brodeuse num\u00e9rique<\/h4>\n\n\n\n<figure class=\"wp-block-image size-large\"><img loading=\"lazy\" decoding=\"async\" width=\"1024\" height=\"625\" src=\"https:\/\/fabric-insa.fr\/site\/wp-content\/uploads\/2024\/10\/brodeuse-1024x625.jpg\" alt=\"\" class=\"wp-image-670\" srcset=\"https:\/\/fabric-insa.fr\/site\/wp-content\/uploads\/2024\/10\/brodeuse-1024x625.jpg 1024w, https:\/\/fabric-insa.fr\/site\/wp-content\/uploads\/2024\/10\/brodeuse-300x183.jpg 300w, https:\/\/fabric-insa.fr\/site\/wp-content\/uploads\/2024\/10\/brodeuse-768x469.jpg 768w, https:\/\/fabric-insa.fr\/site\/wp-content\/uploads\/2024\/10\/brodeuse.jpg 1200w\" sizes=\"auto, (max-width: 1024px) 100vw, 1024px\" \/><\/figure>\n<\/div>\n\n\n\n<div class=\"wp-block-column is-layout-flow wp-block-column-is-layout-flow\" style=\"flex-basis:66.66%\">\n<p>Gr\u00e2ce \u00e0 son large champ de broderie de 240 x 360mm et ses 28,6 cm d\u2019espace \u00e0 droite de l\u2019aiguille, vous avez toujours de la place pour travailler. Quilts, rideaux, robes de mari\u00e9e, manteaux \u00e9pais etc&#8230; Vous pouvez travailler rapidement et confortablement sur quasiment tous les ouvrages.&nbsp;<\/p>\n<\/div>\n<\/div>\n\n\n\n<hr class=\"wp-block-separator has-css-opacity is-style-wide\"\/>\n\n\n\n<p>Besoins de g\u00e9n\u00e9rer votre fichier machine ou de v\u00e9rifier si votre fichier est imprimable ? Nous utilisons les logiciels gratuits :<\/p>\n\n\n\n<p>&#8211; <a href=\"https:\/\/ultimaker.com\/en\/products\/cura-software\">Cura <\/a>: pour nos ultimaker<\/p>\n\n\n\n<p>Sinon venez directement avec vos fichiers <strong>.stl<\/strong> !!<\/p>\n\n\n\n<p>L\u2019utilisation des imprimantes 3D est soumise \u00e0 une tarification. Vous trouverez le d\u00e9tail par imprimante <a href=\"http:\/\/fabric-insa.fr\/site\/materiel\/tarifs\/\">ici<\/a>.<\/p>\n\n\n\n<div class=\"wp-block-columns is-layout-flex wp-container-core-columns-is-layout-9d6595d7 wp-block-columns-is-layout-flex\">\n<div class=\"wp-block-column is-layout-flow wp-block-column-is-layout-flow\" style=\"flex-basis:33.33%\"><\/div>\n\n\n\n<div class=\"wp-block-column is-layout-flow wp-block-column-is-layout-flow\" style=\"flex-basis:66.66%\"><\/div>\n<\/div>\n","protected":false},"excerpt":{"rendered":"<p>Imprimante 3D BambuLab H2D La Bambu Lab red\u00e9finit les standards de l&rsquo;impression 3D de bureau gr\u00e2ce \u00e0 une vitesse d&rsquo;ex\u00e9cution ph\u00e9nom\u00e9nale sans compromis sur la qualit\u00e9. \u00c9quip\u00e9e d&rsquo;une structure robuste et d&rsquo;une intelligence artificielle capable de d\u00e9tecter les erreurs d&rsquo;impression en temps r\u00e9el, elle est l&rsquo;outil id\u00e9al pour le prototypage rapide. Son syst\u00e8me multi-mat\u00e9riaux (AMS) [&hellip;]<\/p>\n","protected":false},"author":2,"featured_media":79,"parent":55,"menu_order":0,"comment_status":"closed","ping_status":"closed","template":"","meta":{"footnotes":""},"class_list":["post-69","page","type-page","status-publish","has-post-thumbnail","hentry"],"yoast_head":"<!-- This site is optimized with the Yoast SEO plugin v26.4 - https:\/\/yoast.com\/wordpress\/plugins\/seo\/ -->\n<title>CAO - Fabric&#039;INSA<\/title>\n<meta name=\"robots\" content=\"index, follow, max-snippet:-1, max-image-preview:large, max-video-preview:-1\" \/>\n<link rel=\"canonical\" href=\"https:\/\/fabric-insa.fr\/site\/materiel\/cao\/\" \/>\n<meta property=\"og:locale\" content=\"fr_FR\" \/>\n<meta property=\"og:type\" content=\"article\" \/>\n<meta property=\"og:title\" content=\"CAO - Fabric&#039;INSA\" \/>\n<meta property=\"og:description\" content=\"Imprimante 3D BambuLab H2D La Bambu Lab red\u00e9finit les standards de l&rsquo;impression 3D de bureau gr\u00e2ce \u00e0 une vitesse d&rsquo;ex\u00e9cution ph\u00e9nom\u00e9nale sans compromis sur la qualit\u00e9. \u00c9quip\u00e9e d&rsquo;une structure robuste et d&rsquo;une intelligence artificielle capable de d\u00e9tecter les erreurs d&rsquo;impression en temps r\u00e9el, elle est l&rsquo;outil id\u00e9al pour le prototypage rapide. Son syst\u00e8me multi-mat\u00e9riaux (AMS) [&hellip;]\" \/>\n<meta property=\"og:url\" content=\"https:\/\/fabric-insa.fr\/site\/materiel\/cao\/\" \/>\n<meta property=\"og:site_name\" content=\"Fabric&#039;INSA\" \/>\n<meta property=\"article:publisher\" content=\"https:\/\/facebook.com\/fabric.insa\" \/>\n<meta property=\"article:modified_time\" content=\"2026-02-21T14:43:47+00:00\" \/>\n<meta property=\"og:image\" content=\"https:\/\/fabric-insa.fr\/site\/wp-content\/uploads\/2021\/01\/IMG_7037-scaled.jpg\" \/>\n\t<meta property=\"og:image:width\" content=\"2560\" \/>\n\t<meta property=\"og:image:height\" content=\"1707\" \/>\n\t<meta property=\"og:image:type\" content=\"image\/jpeg\" \/>\n<meta name=\"twitter:card\" content=\"summary_large_image\" \/>\n<meta name=\"twitter:site\" content=\"@fabricinsa\" \/>\n<meta name=\"twitter:label1\" content=\"Dur\u00e9e de lecture estim\u00e9e\" \/>\n\t<meta name=\"twitter:data1\" content=\"4 minutes\" \/>\n<script type=\"application\/ld+json\" class=\"yoast-schema-graph\">{\"@context\":\"https:\/\/schema.org\",\"@graph\":[{\"@type\":\"WebPage\",\"@id\":\"https:\/\/fabric-insa.fr\/site\/materiel\/cao\/\",\"url\":\"https:\/\/fabric-insa.fr\/site\/materiel\/cao\/\",\"name\":\"CAO - Fabric&#039;INSA\",\"isPartOf\":{\"@id\":\"https:\/\/fabric-insa.fr\/site\/#website\"},\"primaryImageOfPage\":{\"@id\":\"https:\/\/fabric-insa.fr\/site\/materiel\/cao\/#primaryimage\"},\"image\":{\"@id\":\"https:\/\/fabric-insa.fr\/site\/materiel\/cao\/#primaryimage\"},\"thumbnailUrl\":\"https:\/\/fabric-insa.fr\/site\/wp-content\/uploads\/2021\/01\/IMG_7037-scaled.jpg\",\"datePublished\":\"2021-01-11T11:08:02+00:00\",\"dateModified\":\"2026-02-21T14:43:47+00:00\",\"breadcrumb\":{\"@id\":\"https:\/\/fabric-insa.fr\/site\/materiel\/cao\/#breadcrumb\"},\"inLanguage\":\"fr-FR\",\"potentialAction\":[{\"@type\":\"ReadAction\",\"target\":[\"https:\/\/fabric-insa.fr\/site\/materiel\/cao\/\"]}]},{\"@type\":\"ImageObject\",\"inLanguage\":\"fr-FR\",\"@id\":\"https:\/\/fabric-insa.fr\/site\/materiel\/cao\/#primaryimage\",\"url\":\"https:\/\/fabric-insa.fr\/site\/wp-content\/uploads\/2021\/01\/IMG_7037-scaled.jpg\",\"contentUrl\":\"https:\/\/fabric-insa.fr\/site\/wp-content\/uploads\/2021\/01\/IMG_7037-scaled.jpg\",\"width\":2560,\"height\":1707},{\"@type\":\"BreadcrumbList\",\"@id\":\"https:\/\/fabric-insa.fr\/site\/materiel\/cao\/#breadcrumb\",\"itemListElement\":[{\"@type\":\"ListItem\",\"position\":1,\"name\":\"Accueil\",\"item\":\"https:\/\/fabric-insa.fr\/site\/\"},{\"@type\":\"ListItem\",\"position\":2,\"name\":\"Mat\u00e9riel\",\"item\":\"https:\/\/fabric-insa.fr\/site\/materiel\/\"},{\"@type\":\"ListItem\",\"position\":3,\"name\":\"CAO\"}]},{\"@type\":\"WebSite\",\"@id\":\"https:\/\/fabric-insa.fr\/site\/#website\",\"url\":\"https:\/\/fabric-insa.fr\/site\/\",\"name\":\"Fabric'INSA\",\"description\":\"Le FabLab de l&#039;INSA Toulouse\",\"publisher\":{\"@id\":\"https:\/\/fabric-insa.fr\/site\/#organization\"},\"potentialAction\":[{\"@type\":\"SearchAction\",\"target\":{\"@type\":\"EntryPoint\",\"urlTemplate\":\"https:\/\/fabric-insa.fr\/site\/?s={search_term_string}\"},\"query-input\":{\"@type\":\"PropertyValueSpecification\",\"valueRequired\":true,\"valueName\":\"search_term_string\"}}],\"inLanguage\":\"fr-FR\"},{\"@type\":\"Organization\",\"@id\":\"https:\/\/fabric-insa.fr\/site\/#organization\",\"name\":\"Fabric'INSA\",\"url\":\"https:\/\/fabric-insa.fr\/site\/\",\"logo\":{\"@type\":\"ImageObject\",\"inLanguage\":\"fr-FR\",\"@id\":\"https:\/\/fabric-insa.fr\/site\/#\/schema\/logo\/image\/\",\"url\":\"http:\/\/fabric-insa.fr\/site\/wp-content\/uploads\/2021\/01\/LogoFabricINSA.png\",\"contentUrl\":\"http:\/\/fabric-insa.fr\/site\/wp-content\/uploads\/2021\/01\/LogoFabricINSA.png\",\"width\":595,\"height\":566,\"caption\":\"Fabric'INSA\"},\"image\":{\"@id\":\"https:\/\/fabric-insa.fr\/site\/#\/schema\/logo\/image\/\"},\"sameAs\":[\"https:\/\/facebook.com\/fabric.insa\",\"https:\/\/x.com\/fabricinsa\",\"https:\/\/www.instagram.com\/fabric_insa\",\"https:\/\/www.linkedin.com\/company\/fabric-insa\"]}]}<\/script>\n<!-- \/ Yoast SEO plugin. -->","yoast_head_json":{"title":"CAO - Fabric&#039;INSA","robots":{"index":"index","follow":"follow","max-snippet":"max-snippet:-1","max-image-preview":"max-image-preview:large","max-video-preview":"max-video-preview:-1"},"canonical":"https:\/\/fabric-insa.fr\/site\/materiel\/cao\/","og_locale":"fr_FR","og_type":"article","og_title":"CAO - Fabric&#039;INSA","og_description":"Imprimante 3D BambuLab H2D La Bambu Lab red\u00e9finit les standards de l&rsquo;impression 3D de bureau gr\u00e2ce \u00e0 une vitesse d&rsquo;ex\u00e9cution ph\u00e9nom\u00e9nale sans compromis sur la qualit\u00e9. \u00c9quip\u00e9e d&rsquo;une structure robuste et d&rsquo;une intelligence artificielle capable de d\u00e9tecter les erreurs d&rsquo;impression en temps r\u00e9el, elle est l&rsquo;outil id\u00e9al pour le prototypage rapide. Son syst\u00e8me multi-mat\u00e9riaux (AMS) [&hellip;]","og_url":"https:\/\/fabric-insa.fr\/site\/materiel\/cao\/","og_site_name":"Fabric&#039;INSA","article_publisher":"https:\/\/facebook.com\/fabric.insa","article_modified_time":"2026-02-21T14:43:47+00:00","og_image":[{"width":2560,"height":1707,"url":"https:\/\/fabric-insa.fr\/site\/wp-content\/uploads\/2021\/01\/IMG_7037-scaled.jpg","type":"image\/jpeg"}],"twitter_card":"summary_large_image","twitter_site":"@fabricinsa","twitter_misc":{"Dur\u00e9e de lecture estim\u00e9e":"4 minutes"},"schema":{"@context":"https:\/\/schema.org","@graph":[{"@type":"WebPage","@id":"https:\/\/fabric-insa.fr\/site\/materiel\/cao\/","url":"https:\/\/fabric-insa.fr\/site\/materiel\/cao\/","name":"CAO - Fabric&#039;INSA","isPartOf":{"@id":"https:\/\/fabric-insa.fr\/site\/#website"},"primaryImageOfPage":{"@id":"https:\/\/fabric-insa.fr\/site\/materiel\/cao\/#primaryimage"},"image":{"@id":"https:\/\/fabric-insa.fr\/site\/materiel\/cao\/#primaryimage"},"thumbnailUrl":"https:\/\/fabric-insa.fr\/site\/wp-content\/uploads\/2021\/01\/IMG_7037-scaled.jpg","datePublished":"2021-01-11T11:08:02+00:00","dateModified":"2026-02-21T14:43:47+00:00","breadcrumb":{"@id":"https:\/\/fabric-insa.fr\/site\/materiel\/cao\/#breadcrumb"},"inLanguage":"fr-FR","potentialAction":[{"@type":"ReadAction","target":["https:\/\/fabric-insa.fr\/site\/materiel\/cao\/"]}]},{"@type":"ImageObject","inLanguage":"fr-FR","@id":"https:\/\/fabric-insa.fr\/site\/materiel\/cao\/#primaryimage","url":"https:\/\/fabric-insa.fr\/site\/wp-content\/uploads\/2021\/01\/IMG_7037-scaled.jpg","contentUrl":"https:\/\/fabric-insa.fr\/site\/wp-content\/uploads\/2021\/01\/IMG_7037-scaled.jpg","width":2560,"height":1707},{"@type":"BreadcrumbList","@id":"https:\/\/fabric-insa.fr\/site\/materiel\/cao\/#breadcrumb","itemListElement":[{"@type":"ListItem","position":1,"name":"Accueil","item":"https:\/\/fabric-insa.fr\/site\/"},{"@type":"ListItem","position":2,"name":"Mat\u00e9riel","item":"https:\/\/fabric-insa.fr\/site\/materiel\/"},{"@type":"ListItem","position":3,"name":"CAO"}]},{"@type":"WebSite","@id":"https:\/\/fabric-insa.fr\/site\/#website","url":"https:\/\/fabric-insa.fr\/site\/","name":"Fabric'INSA","description":"Le FabLab de l&#039;INSA Toulouse","publisher":{"@id":"https:\/\/fabric-insa.fr\/site\/#organization"},"potentialAction":[{"@type":"SearchAction","target":{"@type":"EntryPoint","urlTemplate":"https:\/\/fabric-insa.fr\/site\/?s={search_term_string}"},"query-input":{"@type":"PropertyValueSpecification","valueRequired":true,"valueName":"search_term_string"}}],"inLanguage":"fr-FR"},{"@type":"Organization","@id":"https:\/\/fabric-insa.fr\/site\/#organization","name":"Fabric'INSA","url":"https:\/\/fabric-insa.fr\/site\/","logo":{"@type":"ImageObject","inLanguage":"fr-FR","@id":"https:\/\/fabric-insa.fr\/site\/#\/schema\/logo\/image\/","url":"http:\/\/fabric-insa.fr\/site\/wp-content\/uploads\/2021\/01\/LogoFabricINSA.png","contentUrl":"http:\/\/fabric-insa.fr\/site\/wp-content\/uploads\/2021\/01\/LogoFabricINSA.png","width":595,"height":566,"caption":"Fabric'INSA"},"image":{"@id":"https:\/\/fabric-insa.fr\/site\/#\/schema\/logo\/image\/"},"sameAs":["https:\/\/facebook.com\/fabric.insa","https:\/\/x.com\/fabricinsa","https:\/\/www.instagram.com\/fabric_insa","https:\/\/www.linkedin.com\/company\/fabric-insa"]}]}},"_links":{"self":[{"href":"https:\/\/fabric-insa.fr\/site\/wp-json\/wp\/v2\/pages\/69","targetHints":{"allow":["GET"]}}],"collection":[{"href":"https:\/\/fabric-insa.fr\/site\/wp-json\/wp\/v2\/pages"}],"about":[{"href":"https:\/\/fabric-insa.fr\/site\/wp-json\/wp\/v2\/types\/page"}],"author":[{"embeddable":true,"href":"https:\/\/fabric-insa.fr\/site\/wp-json\/wp\/v2\/users\/2"}],"replies":[{"embeddable":true,"href":"https:\/\/fabric-insa.fr\/site\/wp-json\/wp\/v2\/comments?post=69"}],"version-history":[{"count":12,"href":"https:\/\/fabric-insa.fr\/site\/wp-json\/wp\/v2\/pages\/69\/revisions"}],"predecessor-version":[{"id":813,"href":"https:\/\/fabric-insa.fr\/site\/wp-json\/wp\/v2\/pages\/69\/revisions\/813"}],"up":[{"embeddable":true,"href":"https:\/\/fabric-insa.fr\/site\/wp-json\/wp\/v2\/pages\/55"}],"wp:featuredmedia":[{"embeddable":true,"href":"https:\/\/fabric-insa.fr\/site\/wp-json\/wp\/v2\/media\/79"}],"wp:attachment":[{"href":"https:\/\/fabric-insa.fr\/site\/wp-json\/wp\/v2\/media?parent=69"}],"curies":[{"name":"wp","href":"https:\/\/api.w.org\/{rel}","templated":true}]}}