{"id":39,"date":"2021-01-11T10:38:43","date_gmt":"2021-01-11T09:38:43","guid":{"rendered":"http:\/\/fabric-insa.fr\/site\/?page_id=39"},"modified":"2021-08-07T17:32:21","modified_gmt":"2021-08-07T15:32:21","slug":"horaires","status":"publish","type":"page","link":"https:\/\/fabric-insa.fr\/site\/horaires\/","title":{"rendered":"Horaires"},"content":{"rendered":"\n<h2 class=\"has-vivid-red-color has-text-color wp-block-heading\">Horaires d&rsquo;ouvertue<\/h2>\n\n\n\n<p class=\"has-text-color\" style=\"color:#6b6b6b\">Le fablab Fabric\u2019INSA est tenu par des \u00e9tudiants et assure donc des permanences \u00e0 des horaires \u00e9tudiants mais peut \u00e9galement ouvrir de mani\u00e8re ponctuelle.<\/p>\n\n\n\n<p class=\"has-text-color\" style=\"color:#6b6b6b\">Ce calendrier permet de voir nos horaires d\u2019ouvertures autant pour les permanences que pour les ouvertures ponctuelles. <strong>Pensez \u00e0 r\u00e9guli\u00e8rement consulter ce calendrier qui peut \u00eatre mis \u00e0 jour \u00e0 la derni\u00e8re minute !<\/strong><\/p>\n\n\n\n<iframe loading=\"lazy\" src=\"https:\/\/calendar.google.com\/calendar\/embed?showTitle=0&amp;showPrint=0&amp;showTabs=0&amp;showCalendars=0&amp;showTz=0&amp;mode=WEEK&amp;height=600&amp;wkst=2&amp;hl=fr&amp;bgcolor=%23ffffff&amp;src=fabric-insa.fr_62m494h7lpcarvb1lmiqb0p52k%40group.calendar.google.com&amp;color=%238D6F47&amp;ctz=Europe%2FParis\" scrolling=\"no\" width=\"100%\" height=\"500\" frameborder=\"0\"><\/iframe>\n\n\n\n<h2 class=\"has-vivid-red-color has-text-color wp-block-heading\">Horaires des permanences (hors vacances scolaires)<\/h2>\n\n\n\n<div class=\"wp-block-image\"><figure class=\"aligncenter size-large is-resized\"><img loading=\"lazy\" decoding=\"async\" src=\"http:\/\/fabric-insa.fr\/site\/wp-content\/uploads\/2021\/01\/horaires-1024x925.jpg\" alt=\"\" class=\"wp-image-40\" width=\"512\" height=\"463\" srcset=\"https:\/\/fabric-insa.fr\/site\/wp-content\/uploads\/2021\/01\/horaires-1024x925.jpg 1024w, https:\/\/fabric-insa.fr\/site\/wp-content\/uploads\/2021\/01\/horaires-300x271.jpg 300w, https:\/\/fabric-insa.fr\/site\/wp-content\/uploads\/2021\/01\/horaires-768x694.jpg 768w, https:\/\/fabric-insa.fr\/site\/wp-content\/uploads\/2021\/01\/horaires-1536x1388.jpg 1536w, https:\/\/fabric-insa.fr\/site\/wp-content\/uploads\/2021\/01\/horaires.jpg 1920w\" sizes=\"auto, (max-width: 512px) 100vw, 512px\" \/><\/figure><\/div>\n","protected":false},"excerpt":{"rendered":"<p>Horaires d&rsquo;ouvertue Le fablab Fabric\u2019INSA est tenu par des \u00e9tudiants et assure donc des permanences \u00e0 des horaires \u00e9tudiants mais peut \u00e9galement ouvrir de mani\u00e8re ponctuelle. Ce calendrier permet de voir nos horaires d\u2019ouvertures autant pour les permanences que pour les ouvertures ponctuelles. Pensez \u00e0 r\u00e9guli\u00e8rement consulter ce calendrier qui peut \u00eatre mis \u00e0 jour [&hellip;]<\/p>\n","protected":false},"author":2,"featured_media":0,"parent":0,"menu_order":0,"comment_status":"closed","ping_status":"closed","template":"","meta":{"footnotes":""},"class_list":["post-39","page","type-page","status-publish","hentry"],"yoast_head":"<!-- This site is optimized with the Yoast SEO plugin v26.4 - https:\/\/yoast.com\/wordpress\/plugins\/seo\/ -->\n<title>Horaires - Fabric&#039;INSA<\/title>\n<meta name=\"robots\" content=\"index, follow, max-snippet:-1, max-image-preview:large, max-video-preview:-1\" \/>\n<link rel=\"canonical\" href=\"https:\/\/fabric-insa.fr\/site\/horaires\/\" \/>\n<meta property=\"og:locale\" content=\"fr_FR\" \/>\n<meta property=\"og:type\" content=\"article\" \/>\n<meta property=\"og:title\" content=\"Horaires - Fabric&#039;INSA\" \/>\n<meta property=\"og:description\" content=\"Horaires d&rsquo;ouvertue Le fablab Fabric\u2019INSA est tenu par des \u00e9tudiants et assure donc des permanences \u00e0 des horaires \u00e9tudiants mais peut \u00e9galement ouvrir de mani\u00e8re ponctuelle. Ce calendrier permet de voir nos horaires d\u2019ouvertures autant pour les permanences que pour les ouvertures ponctuelles. Pensez \u00e0 r\u00e9guli\u00e8rement consulter ce calendrier qui peut \u00eatre mis \u00e0 jour [&hellip;]\" \/>\n<meta property=\"og:url\" content=\"https:\/\/fabric-insa.fr\/site\/horaires\/\" \/>\n<meta property=\"og:site_name\" content=\"Fabric&#039;INSA\" \/>\n<meta property=\"article:publisher\" content=\"https:\/\/facebook.com\/fabric.insa\" \/>\n<meta property=\"article:modified_time\" content=\"2021-08-07T15:32:21+00:00\" \/>\n<meta property=\"og:image\" content=\"http:\/\/fabric-insa.fr\/site\/wp-content\/uploads\/2021\/01\/horaires-1024x925.jpg\" \/>\n<meta name=\"twitter:card\" content=\"summary_large_image\" \/>\n<meta name=\"twitter:site\" content=\"@fabricinsa\" \/>\n<script type=\"application\/ld+json\" class=\"yoast-schema-graph\">{\"@context\":\"https:\/\/schema.org\",\"@graph\":[{\"@type\":\"WebPage\",\"@id\":\"https:\/\/fabric-insa.fr\/site\/horaires\/\",\"url\":\"https:\/\/fabric-insa.fr\/site\/horaires\/\",\"name\":\"Horaires - Fabric&#039;INSA\",\"isPartOf\":{\"@id\":\"https:\/\/fabric-insa.fr\/site\/#website\"},\"primaryImageOfPage\":{\"@id\":\"https:\/\/fabric-insa.fr\/site\/horaires\/#primaryimage\"},\"image\":{\"@id\":\"https:\/\/fabric-insa.fr\/site\/horaires\/#primaryimage\"},\"thumbnailUrl\":\"http:\/\/fabric-insa.fr\/site\/wp-content\/uploads\/2021\/01\/horaires-1024x925.jpg\",\"datePublished\":\"2021-01-11T09:38:43+00:00\",\"dateModified\":\"2021-08-07T15:32:21+00:00\",\"breadcrumb\":{\"@id\":\"https:\/\/fabric-insa.fr\/site\/horaires\/#breadcrumb\"},\"inLanguage\":\"fr-FR\",\"potentialAction\":[{\"@type\":\"ReadAction\",\"target\":[\"https:\/\/fabric-insa.fr\/site\/horaires\/\"]}]},{\"@type\":\"ImageObject\",\"inLanguage\":\"fr-FR\",\"@id\":\"https:\/\/fabric-insa.fr\/site\/horaires\/#primaryimage\",\"url\":\"https:\/\/fabric-insa.fr\/site\/wp-content\/uploads\/2021\/01\/horaires.jpg\",\"contentUrl\":\"https:\/\/fabric-insa.fr\/site\/wp-content\/uploads\/2021\/01\/horaires.jpg\",\"width\":1920,\"height\":1735},{\"@type\":\"BreadcrumbList\",\"@id\":\"https:\/\/fabric-insa.fr\/site\/horaires\/#breadcrumb\",\"itemListElement\":[{\"@type\":\"ListItem\",\"position\":1,\"name\":\"Accueil\",\"item\":\"https:\/\/fabric-insa.fr\/site\/\"},{\"@type\":\"ListItem\",\"position\":2,\"name\":\"Horaires\"}]},{\"@type\":\"WebSite\",\"@id\":\"https:\/\/fabric-insa.fr\/site\/#website\",\"url\":\"https:\/\/fabric-insa.fr\/site\/\",\"name\":\"Fabric'INSA\",\"description\":\"Le FabLab de l&#039;INSA Toulouse\",\"publisher\":{\"@id\":\"https:\/\/fabric-insa.fr\/site\/#organization\"},\"potentialAction\":[{\"@type\":\"SearchAction\",\"target\":{\"@type\":\"EntryPoint\",\"urlTemplate\":\"https:\/\/fabric-insa.fr\/site\/?s={search_term_string}\"},\"query-input\":{\"@type\":\"PropertyValueSpecification\",\"valueRequired\":true,\"valueName\":\"search_term_string\"}}],\"inLanguage\":\"fr-FR\"},{\"@type\":\"Organization\",\"@id\":\"https:\/\/fabric-insa.fr\/site\/#organization\",\"name\":\"Fabric'INSA\",\"url\":\"https:\/\/fabric-insa.fr\/site\/\",\"logo\":{\"@type\":\"ImageObject\",\"inLanguage\":\"fr-FR\",\"@id\":\"https:\/\/fabric-insa.fr\/site\/#\/schema\/logo\/image\/\",\"url\":\"http:\/\/fabric-insa.fr\/site\/wp-content\/uploads\/2021\/01\/LogoFabricINSA.png\",\"contentUrl\":\"http:\/\/fabric-insa.fr\/site\/wp-content\/uploads\/2021\/01\/LogoFabricINSA.png\",\"width\":595,\"height\":566,\"caption\":\"Fabric'INSA\"},\"image\":{\"@id\":\"https:\/\/fabric-insa.fr\/site\/#\/schema\/logo\/image\/\"},\"sameAs\":[\"https:\/\/facebook.com\/fabric.insa\",\"https:\/\/x.com\/fabricinsa\",\"https:\/\/www.instagram.com\/fabric_insa\",\"https:\/\/www.linkedin.com\/company\/fabric-insa\"]}]}<\/script>\n<!-- \/ Yoast SEO plugin. -->","yoast_head_json":{"title":"Horaires - Fabric&#039;INSA","robots":{"index":"index","follow":"follow","max-snippet":"max-snippet:-1","max-image-preview":"max-image-preview:large","max-video-preview":"max-video-preview:-1"},"canonical":"https:\/\/fabric-insa.fr\/site\/horaires\/","og_locale":"fr_FR","og_type":"article","og_title":"Horaires - Fabric&#039;INSA","og_description":"Horaires d&rsquo;ouvertue Le fablab Fabric\u2019INSA est tenu par des \u00e9tudiants et assure donc des permanences \u00e0 des horaires \u00e9tudiants mais peut \u00e9galement ouvrir de mani\u00e8re ponctuelle. Ce calendrier permet de voir nos horaires d\u2019ouvertures autant pour les permanences que pour les ouvertures ponctuelles. Pensez \u00e0 r\u00e9guli\u00e8rement consulter ce calendrier qui peut \u00eatre mis \u00e0 jour [&hellip;]","og_url":"https:\/\/fabric-insa.fr\/site\/horaires\/","og_site_name":"Fabric&#039;INSA","article_publisher":"https:\/\/facebook.com\/fabric.insa","article_modified_time":"2021-08-07T15:32:21+00:00","og_image":[{"url":"http:\/\/fabric-insa.fr\/site\/wp-content\/uploads\/2021\/01\/horaires-1024x925.jpg","type":"","width":"","height":""}],"twitter_card":"summary_large_image","twitter_site":"@fabricinsa","schema":{"@context":"https:\/\/schema.org","@graph":[{"@type":"WebPage","@id":"https:\/\/fabric-insa.fr\/site\/horaires\/","url":"https:\/\/fabric-insa.fr\/site\/horaires\/","name":"Horaires - Fabric&#039;INSA","isPartOf":{"@id":"https:\/\/fabric-insa.fr\/site\/#website"},"primaryImageOfPage":{"@id":"https:\/\/fabric-insa.fr\/site\/horaires\/#primaryimage"},"image":{"@id":"https:\/\/fabric-insa.fr\/site\/horaires\/#primaryimage"},"thumbnailUrl":"http:\/\/fabric-insa.fr\/site\/wp-content\/uploads\/2021\/01\/horaires-1024x925.jpg","datePublished":"2021-01-11T09:38:43+00:00","dateModified":"2021-08-07T15:32:21+00:00","breadcrumb":{"@id":"https:\/\/fabric-insa.fr\/site\/horaires\/#breadcrumb"},"inLanguage":"fr-FR","potentialAction":[{"@type":"ReadAction","target":["https:\/\/fabric-insa.fr\/site\/horaires\/"]}]},{"@type":"ImageObject","inLanguage":"fr-FR","@id":"https:\/\/fabric-insa.fr\/site\/horaires\/#primaryimage","url":"https:\/\/fabric-insa.fr\/site\/wp-content\/uploads\/2021\/01\/horaires.jpg","contentUrl":"https:\/\/fabric-insa.fr\/site\/wp-content\/uploads\/2021\/01\/horaires.jpg","width":1920,"height":1735},{"@type":"BreadcrumbList","@id":"https:\/\/fabric-insa.fr\/site\/horaires\/#breadcrumb","itemListElement":[{"@type":"ListItem","position":1,"name":"Accueil","item":"https:\/\/fabric-insa.fr\/site\/"},{"@type":"ListItem","position":2,"name":"Horaires"}]},{"@type":"WebSite","@id":"https:\/\/fabric-insa.fr\/site\/#website","url":"https:\/\/fabric-insa.fr\/site\/","name":"Fabric'INSA","description":"Le FabLab de l&#039;INSA Toulouse","publisher":{"@id":"https:\/\/fabric-insa.fr\/site\/#organization"},"potentialAction":[{"@type":"SearchAction","target":{"@type":"EntryPoint","urlTemplate":"https:\/\/fabric-insa.fr\/site\/?s={search_term_string}"},"query-input":{"@type":"PropertyValueSpecification","valueRequired":true,"valueName":"search_term_string"}}],"inLanguage":"fr-FR"},{"@type":"Organization","@id":"https:\/\/fabric-insa.fr\/site\/#organization","name":"Fabric'INSA","url":"https:\/\/fabric-insa.fr\/site\/","logo":{"@type":"ImageObject","inLanguage":"fr-FR","@id":"https:\/\/fabric-insa.fr\/site\/#\/schema\/logo\/image\/","url":"http:\/\/fabric-insa.fr\/site\/wp-content\/uploads\/2021\/01\/LogoFabricINSA.png","contentUrl":"http:\/\/fabric-insa.fr\/site\/wp-content\/uploads\/2021\/01\/LogoFabricINSA.png","width":595,"height":566,"caption":"Fabric'INSA"},"image":{"@id":"https:\/\/fabric-insa.fr\/site\/#\/schema\/logo\/image\/"},"sameAs":["https:\/\/facebook.com\/fabric.insa","https:\/\/x.com\/fabricinsa","https:\/\/www.instagram.com\/fabric_insa","https:\/\/www.linkedin.com\/company\/fabric-insa"]}]}},"_links":{"self":[{"href":"https:\/\/fabric-insa.fr\/site\/wp-json\/wp\/v2\/pages\/39","targetHints":{"allow":["GET"]}}],"collection":[{"href":"https:\/\/fabric-insa.fr\/site\/wp-json\/wp\/v2\/pages"}],"about":[{"href":"https:\/\/fabric-insa.fr\/site\/wp-json\/wp\/v2\/types\/page"}],"author":[{"embeddable":true,"href":"https:\/\/fabric-insa.fr\/site\/wp-json\/wp\/v2\/users\/2"}],"replies":[{"embeddable":true,"href":"https:\/\/fabric-insa.fr\/site\/wp-json\/wp\/v2\/comments?post=39"}],"version-history":[{"count":7,"href":"https:\/\/fabric-insa.fr\/site\/wp-json\/wp\/v2\/pages\/39\/revisions"}],"predecessor-version":[{"id":490,"href":"https:\/\/fabric-insa.fr\/site\/wp-json\/wp\/v2\/pages\/39\/revisions\/490"}],"wp:attachment":[{"href":"https:\/\/fabric-insa.fr\/site\/wp-json\/wp\/v2\/media?parent=39"}],"curies":[{"name":"wp","href":"https:\/\/api.w.org\/{rel}","templated":true}]}}