{"id":2,"date":"2020-12-20T10:12:43","date_gmt":"2020-12-20T09:12:43","guid":{"rendered":"http:\/\/fabric-insa.fr\/site\/?page_id=2"},"modified":"2021-01-11T18:32:02","modified_gmt":"2021-01-11T17:32:02","slug":"sinscrire","status":"publish","type":"page","link":"https:\/\/fabric-insa.fr\/site\/sinscrire\/","title":{"rendered":"S&rsquo;inscrire"},"content":{"rendered":"\n<p>Pour pouvoir utiliser le FabLab et les diff\u00e9rents services que nous pouvons offrir (acc\u00e8s membre \u00e0 ce site web), il est n\u00e9cessaire de venir nous voir pour que nous vous inscrivions. Cette inscription se fait par ann\u00e9e&nbsp;glissante.<\/p>\n\n\n\n<p>La cotisation annuelle (valable une ann\u00e9e \u00e0 partir de la date d\u2019inscription) ne co\u00fbte seulement que 20\u20ac pour les \u00e9tudiants.<\/p>\n\n\n\n<div class=\"wp-block-columns is-layout-flex wp-container-core-columns-is-layout-9d6595d7 wp-block-columns-is-layout-flex\">\n<div class=\"wp-block-column is-layout-flow wp-block-column-is-layout-flow\" style=\"flex-basis:100%\">\n<figure class=\"wp-block-table is-style-stripes\"><table  class=\" table table-hover\" ><thead><tr><th class=\"has-text-align-left\" data-align=\"left\">Nature<\/th><th class=\"has-text-align-left\" data-align=\"left\">Dur\u00e9e<\/th><th class=\"has-text-align-left\" data-align=\"left\">Tarif<\/th><\/tr><\/thead><tbody><tr><td class=\"has-text-align-left\" data-align=\"left\"><strong>Public hors&nbsp;\u00e9tudiant ou apprenti<\/strong><br>Exemple : personnel, enseignant-chercheur, ext\u00e9rieur non \u00e9tudiant, \u2026<\/td><td class=\"has-text-align-left\" data-align=\"left\">6 mois<\/td><td class=\"has-text-align-left\" data-align=\"left\">15 \u20ac<\/td><\/tr><tr><td class=\"has-text-align-left\" data-align=\"left\"><\/td><td class=\"has-text-align-left\" data-align=\"left\">12 mois<\/td><td class=\"has-text-align-left\" data-align=\"left\">25 \u20ac<\/td><\/tr><tr><td class=\"has-text-align-left\" data-align=\"left\"><strong>\u00c9tudiant ou apprenti<\/strong><\/td><td class=\"has-text-align-left\" data-align=\"left\">6 mois<\/td><td class=\"has-text-align-left\" data-align=\"left\">10 \u20ac<\/td><\/tr><tr><td class=\"has-text-align-left\" data-align=\"left\"><\/td><td class=\"has-text-align-left\" data-align=\"left\">12 mois<\/td><td class=\"has-text-align-left\" data-align=\"left\">20 \u20ac<\/td><\/tr><tr><td class=\"has-text-align-left\" data-align=\"left\"><strong>Personne morale&nbsp;\u00e0 but non lucratif et laboratoire de recherche <sup><a href=\"#foot-1\" data-type=\"internal\" data-id=\"#foot-1\">1<\/a><\/sup><\/strong><br>Exemple : association, club de l\u2019amicale INSAT, d\u00e9partement de l\u2019INSA, laboratoire&nbsp;de recherche, \u2026<\/td><td class=\"has-text-align-left\" data-align=\"left\">12 mois<\/td><td class=\"has-text-align-left\" data-align=\"left\">40 \u20ac<\/td><\/tr><tr><td class=\"has-text-align-left\" data-align=\"left\"><strong>Autre personne morale <\/strong><sup><strong><a href=\"#foot-1\" data-type=\"internal\" data-id=\"#foot-1\">1<\/a><\/strong><\/sup><br>Exemple : start-up, entreprise, \u2026<\/td><td class=\"has-text-align-left\" data-align=\"left\">12 mois<\/td><td class=\"has-text-align-left\" data-align=\"left\">80 \u20ac<\/td><\/tr><\/tbody><\/table><\/figure>\n<\/div>\n<\/div>\n\n\n\n<p id=\"foot-1\"><sup>1<\/sup> : La personne repr\u00e9sentante de la personnalit\u00e9 morale doit fournir lors de sa demande d\u2019admission une liste d\u2019un maximum de 5 personnes ayant le droit de manipuler au FabLab au nom de cette personnalit\u00e9. Les activit\u00e9s men\u00e9es \u00e0 ce titre doivent relever uniquement de l\u2019activit\u00e9 et des travaux de cette derni\u00e8re.<\/p>\n","protected":false},"excerpt":{"rendered":"<p>Pour pouvoir utiliser le FabLab et les diff\u00e9rents services que nous pouvons offrir (acc\u00e8s membre \u00e0 ce site web), il est n\u00e9cessaire de venir nous voir pour que nous vous inscrivions. Cette inscription se fait par ann\u00e9e&nbsp;glissante. La cotisation annuelle (valable une ann\u00e9e \u00e0 partir de la date d\u2019inscription) ne co\u00fbte seulement que 20\u20ac pour [&hellip;]<\/p>\n","protected":false},"author":1,"featured_media":0,"parent":0,"menu_order":0,"comment_status":"closed","ping_status":"closed","template":"","meta":{"footnotes":""},"class_list":["post-2","page","type-page","status-publish","hentry"],"yoast_head":"<!-- This site is optimized with the Yoast SEO plugin v26.4 - https:\/\/yoast.com\/wordpress\/plugins\/seo\/ -->\n<title>S&#039;inscrire - Fabric&#039;INSA<\/title>\n<meta name=\"robots\" content=\"index, follow, max-snippet:-1, max-image-preview:large, max-video-preview:-1\" \/>\n<link rel=\"canonical\" href=\"https:\/\/fabric-insa.fr\/site\/sinscrire\/\" \/>\n<meta property=\"og:locale\" content=\"fr_FR\" \/>\n<meta property=\"og:type\" content=\"article\" \/>\n<meta property=\"og:title\" content=\"S&#039;inscrire - Fabric&#039;INSA\" \/>\n<meta property=\"og:description\" content=\"Pour pouvoir utiliser le FabLab et les diff\u00e9rents services que nous pouvons offrir (acc\u00e8s membre \u00e0 ce site web), il est n\u00e9cessaire de venir nous voir pour que nous vous inscrivions. Cette inscription se fait par ann\u00e9e&nbsp;glissante. La cotisation annuelle (valable une ann\u00e9e \u00e0 partir de la date d\u2019inscription) ne co\u00fbte seulement que 20\u20ac pour [&hellip;]\" \/>\n<meta property=\"og:url\" content=\"https:\/\/fabric-insa.fr\/site\/sinscrire\/\" \/>\n<meta property=\"og:site_name\" content=\"Fabric&#039;INSA\" \/>\n<meta property=\"article:publisher\" content=\"https:\/\/facebook.com\/fabric.insa\" \/>\n<meta property=\"article:modified_time\" content=\"2021-01-11T17:32:02+00:00\" \/>\n<meta property=\"og:image\" content=\"https:\/\/fabric-insa.fr\/site\/wp-content\/uploads\/2021\/01\/cropped-LogoFabricINSA_small.png\" \/>\n\t<meta property=\"og:image:width\" content=\"512\" \/>\n\t<meta property=\"og:image:height\" content=\"512\" \/>\n\t<meta property=\"og:image:type\" content=\"image\/png\" \/>\n<meta name=\"twitter:card\" content=\"summary_large_image\" \/>\n<meta name=\"twitter:site\" content=\"@fabricinsa\" \/>\n<meta name=\"twitter:label1\" content=\"Dur\u00e9e de lecture estim\u00e9e\" \/>\n\t<meta name=\"twitter:data1\" content=\"1 minute\" \/>\n<script type=\"application\/ld+json\" class=\"yoast-schema-graph\">{\"@context\":\"https:\/\/schema.org\",\"@graph\":[{\"@type\":\"WebPage\",\"@id\":\"https:\/\/fabric-insa.fr\/site\/sinscrire\/\",\"url\":\"https:\/\/fabric-insa.fr\/site\/sinscrire\/\",\"name\":\"S'inscrire - Fabric&#039;INSA\",\"isPartOf\":{\"@id\":\"https:\/\/fabric-insa.fr\/site\/#website\"},\"datePublished\":\"2020-12-20T09:12:43+00:00\",\"dateModified\":\"2021-01-11T17:32:02+00:00\",\"breadcrumb\":{\"@id\":\"https:\/\/fabric-insa.fr\/site\/sinscrire\/#breadcrumb\"},\"inLanguage\":\"fr-FR\",\"potentialAction\":[{\"@type\":\"ReadAction\",\"target\":[\"https:\/\/fabric-insa.fr\/site\/sinscrire\/\"]}]},{\"@type\":\"BreadcrumbList\",\"@id\":\"https:\/\/fabric-insa.fr\/site\/sinscrire\/#breadcrumb\",\"itemListElement\":[{\"@type\":\"ListItem\",\"position\":1,\"name\":\"Accueil\",\"item\":\"https:\/\/fabric-insa.fr\/site\/\"},{\"@type\":\"ListItem\",\"position\":2,\"name\":\"S&#8217;inscrire\"}]},{\"@type\":\"WebSite\",\"@id\":\"https:\/\/fabric-insa.fr\/site\/#website\",\"url\":\"https:\/\/fabric-insa.fr\/site\/\",\"name\":\"Fabric'INSA\",\"description\":\"Le FabLab de l&#039;INSA Toulouse\",\"publisher\":{\"@id\":\"https:\/\/fabric-insa.fr\/site\/#organization\"},\"potentialAction\":[{\"@type\":\"SearchAction\",\"target\":{\"@type\":\"EntryPoint\",\"urlTemplate\":\"https:\/\/fabric-insa.fr\/site\/?s={search_term_string}\"},\"query-input\":{\"@type\":\"PropertyValueSpecification\",\"valueRequired\":true,\"valueName\":\"search_term_string\"}}],\"inLanguage\":\"fr-FR\"},{\"@type\":\"Organization\",\"@id\":\"https:\/\/fabric-insa.fr\/site\/#organization\",\"name\":\"Fabric'INSA\",\"url\":\"https:\/\/fabric-insa.fr\/site\/\",\"logo\":{\"@type\":\"ImageObject\",\"inLanguage\":\"fr-FR\",\"@id\":\"https:\/\/fabric-insa.fr\/site\/#\/schema\/logo\/image\/\",\"url\":\"http:\/\/fabric-insa.fr\/site\/wp-content\/uploads\/2021\/01\/LogoFabricINSA.png\",\"contentUrl\":\"http:\/\/fabric-insa.fr\/site\/wp-content\/uploads\/2021\/01\/LogoFabricINSA.png\",\"width\":595,\"height\":566,\"caption\":\"Fabric'INSA\"},\"image\":{\"@id\":\"https:\/\/fabric-insa.fr\/site\/#\/schema\/logo\/image\/\"},\"sameAs\":[\"https:\/\/facebook.com\/fabric.insa\",\"https:\/\/x.com\/fabricinsa\",\"https:\/\/www.instagram.com\/fabric_insa\",\"https:\/\/www.linkedin.com\/company\/fabric-insa\"]}]}<\/script>\n<!-- \/ Yoast SEO plugin. -->","yoast_head_json":{"title":"S'inscrire - Fabric&#039;INSA","robots":{"index":"index","follow":"follow","max-snippet":"max-snippet:-1","max-image-preview":"max-image-preview:large","max-video-preview":"max-video-preview:-1"},"canonical":"https:\/\/fabric-insa.fr\/site\/sinscrire\/","og_locale":"fr_FR","og_type":"article","og_title":"S'inscrire - Fabric&#039;INSA","og_description":"Pour pouvoir utiliser le FabLab et les diff\u00e9rents services que nous pouvons offrir (acc\u00e8s membre \u00e0 ce site web), il est n\u00e9cessaire de venir nous voir pour que nous vous inscrivions. Cette inscription se fait par ann\u00e9e&nbsp;glissante. La cotisation annuelle (valable une ann\u00e9e \u00e0 partir de la date d\u2019inscription) ne co\u00fbte seulement que 20\u20ac pour [&hellip;]","og_url":"https:\/\/fabric-insa.fr\/site\/sinscrire\/","og_site_name":"Fabric&#039;INSA","article_publisher":"https:\/\/facebook.com\/fabric.insa","article_modified_time":"2021-01-11T17:32:02+00:00","og_image":[{"width":512,"height":512,"url":"https:\/\/fabric-insa.fr\/site\/wp-content\/uploads\/2021\/01\/cropped-LogoFabricINSA_small.png","type":"image\/png"}],"twitter_card":"summary_large_image","twitter_site":"@fabricinsa","twitter_misc":{"Dur\u00e9e de lecture estim\u00e9e":"1 minute"},"schema":{"@context":"https:\/\/schema.org","@graph":[{"@type":"WebPage","@id":"https:\/\/fabric-insa.fr\/site\/sinscrire\/","url":"https:\/\/fabric-insa.fr\/site\/sinscrire\/","name":"S'inscrire - Fabric&#039;INSA","isPartOf":{"@id":"https:\/\/fabric-insa.fr\/site\/#website"},"datePublished":"2020-12-20T09:12:43+00:00","dateModified":"2021-01-11T17:32:02+00:00","breadcrumb":{"@id":"https:\/\/fabric-insa.fr\/site\/sinscrire\/#breadcrumb"},"inLanguage":"fr-FR","potentialAction":[{"@type":"ReadAction","target":["https:\/\/fabric-insa.fr\/site\/sinscrire\/"]}]},{"@type":"BreadcrumbList","@id":"https:\/\/fabric-insa.fr\/site\/sinscrire\/#breadcrumb","itemListElement":[{"@type":"ListItem","position":1,"name":"Accueil","item":"https:\/\/fabric-insa.fr\/site\/"},{"@type":"ListItem","position":2,"name":"S&#8217;inscrire"}]},{"@type":"WebSite","@id":"https:\/\/fabric-insa.fr\/site\/#website","url":"https:\/\/fabric-insa.fr\/site\/","name":"Fabric'INSA","description":"Le FabLab de l&#039;INSA Toulouse","publisher":{"@id":"https:\/\/fabric-insa.fr\/site\/#organization"},"potentialAction":[{"@type":"SearchAction","target":{"@type":"EntryPoint","urlTemplate":"https:\/\/fabric-insa.fr\/site\/?s={search_term_string}"},"query-input":{"@type":"PropertyValueSpecification","valueRequired":true,"valueName":"search_term_string"}}],"inLanguage":"fr-FR"},{"@type":"Organization","@id":"https:\/\/fabric-insa.fr\/site\/#organization","name":"Fabric'INSA","url":"https:\/\/fabric-insa.fr\/site\/","logo":{"@type":"ImageObject","inLanguage":"fr-FR","@id":"https:\/\/fabric-insa.fr\/site\/#\/schema\/logo\/image\/","url":"http:\/\/fabric-insa.fr\/site\/wp-content\/uploads\/2021\/01\/LogoFabricINSA.png","contentUrl":"http:\/\/fabric-insa.fr\/site\/wp-content\/uploads\/2021\/01\/LogoFabricINSA.png","width":595,"height":566,"caption":"Fabric'INSA"},"image":{"@id":"https:\/\/fabric-insa.fr\/site\/#\/schema\/logo\/image\/"},"sameAs":["https:\/\/facebook.com\/fabric.insa","https:\/\/x.com\/fabricinsa","https:\/\/www.instagram.com\/fabric_insa","https:\/\/www.linkedin.com\/company\/fabric-insa"]}]}},"_links":{"self":[{"href":"https:\/\/fabric-insa.fr\/site\/wp-json\/wp\/v2\/pages\/2","targetHints":{"allow":["GET"]}}],"collection":[{"href":"https:\/\/fabric-insa.fr\/site\/wp-json\/wp\/v2\/pages"}],"about":[{"href":"https:\/\/fabric-insa.fr\/site\/wp-json\/wp\/v2\/types\/page"}],"author":[{"embeddable":true,"href":"https:\/\/fabric-insa.fr\/site\/wp-json\/wp\/v2\/users\/1"}],"replies":[{"embeddable":true,"href":"https:\/\/fabric-insa.fr\/site\/wp-json\/wp\/v2\/comments?post=2"}],"version-history":[{"count":8,"href":"https:\/\/fabric-insa.fr\/site\/wp-json\/wp\/v2\/pages\/2\/revisions"}],"predecessor-version":[{"id":203,"href":"https:\/\/fabric-insa.fr\/site\/wp-json\/wp\/v2\/pages\/2\/revisions\/203"}],"wp:attachment":[{"href":"https:\/\/fabric-insa.fr\/site\/wp-json\/wp\/v2\/media?parent=2"}],"curies":[{"name":"wp","href":"https:\/\/api.w.org\/{rel}","templated":true}]}}