{"id":173,"date":"2021-01-11T16:23:49","date_gmt":"2021-01-11T15:23:49","guid":{"rendered":"http:\/\/fabric-insa.fr\/site\/?page_id=173"},"modified":"2026-02-21T15:21:48","modified_gmt":"2026-02-21T14:21:48","slug":"tarifs","status":"publish","type":"page","link":"https:\/\/fabric-insa.fr\/site\/a-propos\/tarifs\/","title":{"rendered":"Tarifs"},"content":{"rendered":"\n<p>Afin d\u2019\u00eatre une entit\u00e9 viable et ainsi pouvoir financer le consommable, l\u2019entretien et les r\u00e9parations du mat\u00e9riel, l\u2019utilisation de certaines machines est payante. Les tarifs pratiqu\u00e9s par Fabric\u2019INSA sont avant tout pens\u00e9s par et pour les \u00e9tudiants de mani\u00e8re \u00e0 faire vivre les projets de chacun !<\/p>\n\n\n\n<h2 class=\"wp-block-heading\">Adh\u00e9sions<\/h2>\n\n\n\n<figure class=\"wp-block-table\"><table  class=\" table table-hover\" ><thead><tr><th><\/th><th><\/th><th><\/th><\/tr><\/thead><tbody><tr><td><strong>Nature<\/strong><\/td><td><strong>Dur\u00e9e<\/strong><\/td><td><strong>Tarif<\/strong><\/td><\/tr><tr><td><strong>Public hors \u00e9tudiant ou apprenti<\/strong><br>Exemple : personnel, enseignant-chercheur, ext\u00e9rieur non \u00e9tudiant, \u2026<\/td><td>6 mois<\/td><td>15 \u20ac<\/td><\/tr><tr><td><\/td><td>12 mois<\/td><td>25 \u20ac<\/td><\/tr><tr><td><strong>Etudiant ou apprenti<\/strong> &nbsp;<\/td><td>6 mois<\/td><td>10 \u20ac<\/td><\/tr><tr><td><\/td><td>12 mois<\/td><td>20 \u20ac<\/td><\/tr><tr><td><strong>Sp\u00e9cial No\u00ebl<\/strong> (en d\u00e9cembre) *<\/td><td>1 mois<\/td><td>3\u20ac<\/td><\/tr><tr><td><strong>Personne morale \u00e0 but non lucratif et laboratoire de recherche<\/strong><br>Exemple : association, club de l\u2019amicale INSAT, d\u00e9partement de l\u2019INSA, laboratoire de recherche, \u2026<\/td><td>12 mois<\/td><td>40 \u20ac<\/td><\/tr><tr><td><strong>Autre personne morale<\/strong><br>Exemple : start up, entreprise, \u2026<\/td><td>12 mois<\/td><td>80 \u20ac<\/td><\/tr><\/tbody><\/table><\/figure>\n\n\n\n<p><em>* \u00c0 l&rsquo;occasion de la p\u00e9riode de No\u00ebl, nous mettons en place une adh\u00e9sion sp\u00e9ciale pour le mois de d\u00e9cembre afin que vous puissiez faire vos cadeaux.<\/em><\/p>\n\n\n\n<hr class=\"wp-block-separator has-css-opacity is-style-wide\"\/>\n\n\n\n<h2 class=\"wp-block-heading\">Impression 3D<\/h2>\n\n\n\n<p><strong><mark style=\"background-color:rgba(0, 0, 0, 0)\" class=\"has-inline-color has-vivid-red-color\">0,05\u20ac\/g<\/mark><\/strong>. L&rsquo;impression 3D est fatur\u00e9e au gramme de plastique utilis\u00e9 (pi\u00e8ce, supports, et purge compris). Ce prix couvre le plastique et l&rsquo;utilisation de la machine.<\/p>\n\n\n\n<p>Les mat\u00e9rieux disponibles sont:<\/p>\n\n\n\n<ul class=\"wp-block-list\">\n<li>Ultimaker: PLA, TPU, Breakaway<\/li>\n\n\n\n<li>Bambu Lab: PLA, PETG<\/li>\n<\/ul>\n\n\n\n<div class=\"wp-block-group\"><div class=\"wp-block-group__inner-container is-layout-constrained wp-block-group-is-layout-constrained\">\n<div class=\"wp-block-columns is-layout-flex wp-container-core-columns-is-layout-9d6595d7 wp-block-columns-is-layout-flex\"><\/div>\n<\/div><\/div>\n\n\n\n<hr class=\"wp-block-separator has-css-opacity is-style-wide\"\/>\n\n\n\n<h2 class=\"wp-block-heading\">D\u00e9coupeuse laser<\/h2>\n\n\n\n<h3 class=\"wp-block-heading\"><strong><span class=\"has-inline-color has-vivid-red-color\">1,5\u20ac\/5min<\/span><\/strong> <span class=\"has-inline-color has-black-color\">arrondi aux 5 minutes sup\u00e9rieures.<\/span><\/h3>\n\n\n\n<p>La d\u00e9coupe au laser est un proc\u00e9d\u00e9 tr\u00e8s rapide mais qui peut rapidement prendre du temps si vous souhaitez r\u00e9aliser des gravures. N\u2019h\u00e9sitez pas \u00e0 demander conseil \u00e0 notre \u00e9quipe !<\/p>\n\n\n\n<p>Des chutes de bois ou des plaques \u00e0 la vente sont disponible au fablab.<\/p>\n\n\n\n<ul class=\"wp-block-list\">\n<li>MDF 69x50cm : <strong><mark style=\"background-color:rgba(0, 0, 0, 0)\" class=\"has-inline-color has-vivid-red-color\">4,5\u20ac<\/mark><\/strong><\/li>\n\n\n\n<li>MDF 34,5x50cm : <strong><mark style=\"background-color:rgba(0, 0, 0, 0)\" class=\"has-inline-color has-vivid-red-color\">2,25\u20ac<\/mark><\/strong><\/li>\n\n\n\n<li>PMMA 3mm 50x50cm : <strong><mark style=\"background-color:rgba(0, 0, 0, 0)\" class=\"has-inline-color has-vivid-red-color\">10\u20ac<\/mark><\/strong><\/li>\n\n\n\n<li>PMMA 3mm 50x25cm : <strong><mark style=\"background-color:rgba(0, 0, 0, 0)\" class=\"has-inline-color has-vivid-red-color\">5\u20ac<\/mark><\/strong><\/li>\n\n\n\n<li>PMMA 3mm 25x25cm : <strong><mark style=\"background-color:rgba(0, 0, 0, 0)\" class=\"has-inline-color has-vivid-red-color\">2,5\u20ac<\/mark><\/strong><\/li>\n\n\n\n<li>PMMA 5mm 50x50cm : <strong><mark style=\"background-color:rgba(0, 0, 0, 0)\" class=\"has-inline-color has-vivid-red-color\">14\u20ac<\/mark><\/strong><\/li>\n\n\n\n<li>PMMA 5mm 50x25cm : <strong><mark style=\"background-color:rgba(0, 0, 0, 0)\" class=\"has-inline-color has-vivid-red-color\">7\u20ac<\/mark><\/strong><\/li>\n\n\n\n<li>PMMA 5mm 25x25cm : <strong><mark style=\"background-color:rgba(0, 0, 0, 0)\" class=\"has-inline-color has-vivid-red-color\">3,5\u20ac<\/mark><\/strong><\/li>\n<\/ul>\n\n\n\n<p>Attention : La d\u00e9coupe de mat\u00e9riaux contenant du chlore est interdite ! Nous pouvons effectuer le test sur place. En cas de doute, n&rsquo;h\u00e9sitez pas \u00e0 consulter notre \u00e9quipe.<\/p>\n\n\n\n<hr class=\"wp-block-separator has-css-opacity is-style-wide\"\/>\n\n\n\n<h2 class=\"wp-block-heading\">Brodeuse<\/h2>\n\n\n\n<p>La <a href=\"https:\/\/sewingcraft.brother.eu\/fr-fr\/stellaire-innov-is-xj1-xe1\">brodeuse num\u00e9rique<\/a> permet de personnaliser quasiment tout type de tissu. Les tissus tr\u00e8s \u00e9lastiques sont plus difficiles \u00e0 broder.<\/p>\n\n\n\n<p><strong>Frais variables : <strong><mark style=\"background-color:rgba(0, 0, 0, 0)\" class=\"has-inline-color has-vivid-red-color\">0,25\u20ac\/1000points<\/mark><\/strong> <mark style=\"background-color:rgba(0, 0, 0, 0)\" class=\"has-inline-color has-black-color\">arrondi aux 1000 points sup\u00e9rieurs.<\/mark><\/strong><\/p>\n\n\n\n<p>Nous disposons de 2 tailles de cadres (18x13cm et 36x24cm). Pour un meilleur rendu sur certains tissus, nous conseillons parfois d&rsquo;appliquer un film hydrosoluble. Les frais fixes sont alors les suivants :<\/p>\n\n\n\n<figure class=\"wp-block-table\"><table  class=\" table table-hover\" ><tbody><tr><td><\/td><td>Petit cadre<\/td><td>Cadre moyen<\/td><td>Grand cadre<\/td><\/tr><tr><td>Avec film hydrosoluble<\/td><td><mark style=\"background-color:rgba(0, 0, 0, 0)\" class=\"has-inline-color has-vivid-red-color\"><strong>1,5\u20ac<\/strong><\/mark><\/td><td><strong><mark style=\"background-color:rgba(0, 0, 0, 0)\" class=\"has-inline-color has-vivid-red-color\">4\u20ac<\/mark><\/strong><\/td><td><strong><mark style=\"background-color:rgba(0, 0, 0, 0)\" class=\"has-inline-color has-vivid-red-color\">5,5\u20ac<\/mark><\/strong><\/td><\/tr><tr><td>Sans film hydrosoluble<\/td><td><strong><mark style=\"background-color:rgba(0, 0, 0, 0)\" class=\"has-inline-color has-vivid-red-color\">1\u20ac<\/mark><\/strong><\/td><td><strong><mark style=\"background-color:rgba(0, 0, 0, 0)\" class=\"has-inline-color has-vivid-red-color\">3\u20ac<\/mark><\/strong><\/td><td><strong><mark style=\"background-color:rgba(0, 0, 0, 0)\" class=\"has-inline-color has-vivid-red-color\">4\u20ac<\/mark><\/strong><\/td><\/tr><\/tbody><\/table><\/figure>\n\n\n\n<hr class=\"wp-block-separator has-alpha-channel-opacity\"\/>\n\n\n\n<h2 class=\"wp-block-heading\">D\u00e9coupeuse Vinyle<\/h2>\n\n\n\n<p>Prix libre avec un minimum de <strong><mark style=\"background-color:rgba(0, 0, 0, 0)\" class=\"has-inline-color has-vivid-red-color\">1\u20ac par heure<\/mark><\/strong> pour l&rsquo;utilisation de la machine (Silhouette Cameo 4 Pro)<\/p>\n\n\n\n<p>Nous proposons diff\u00e9rents coloris et taille de vinyle :<\/p>\n\n\n\n<ul class=\"wp-block-list\">\n<li>Rouleau de 60cm de large : <strong><mark style=\"background-color:rgba(0, 0, 0, 0)\" class=\"has-inline-color has-vivid-red-color\">5\u20ac \/ m\u00e8tre<\/mark><\/strong><\/li>\n\n\n\n<li>Rouleau de 30cm de large : <strong><mark style=\"background-color:rgba(0, 0, 0, 0)\" class=\"has-inline-color has-vivid-red-color\">3\u20ac \/ m\u00e8tre<\/mark><\/strong><\/li>\n\n\n\n<li>Transfert de 60cm de large : <strong><mark style=\"background-color:rgba(0, 0, 0, 0)\" class=\"has-inline-color has-vivid-red-color\">1\u20ac \/ m\u00e8tre<\/mark><\/strong><\/li>\n<\/ul>\n\n\n\n<hr class=\"wp-block-separator has-css-opacity is-style-wide\"\/>\n\n\n\n<h2 class=\"wp-block-heading\">Thermoformeuse<\/h2>\n\n\n\n<p>La thermoformeuse vous permet de cr\u00e9er des moules de vos objets pr\u00e9f\u00e9r\u00e9s. Cette machine est id\u00e9ale pour fabriquer un moule \u00e0 partir d&rsquo;une pi\u00e8ce que vous souhaitez remplacer ou d&rsquo;une pi\u00e8ce qui a \u00e9t\u00e9 imprim\u00e9e en 3D. Chaque moule n\u00e9cessite une feuille thermoform\u00e9e, dont le prix est de <strong><mark style=\"background-color:rgba(0, 0, 0, 0)\" class=\"has-inline-color has-vivid-red-color\">1,5\u20ac\/feuille<\/mark><\/strong>.<\/p>\n\n\n\n<hr class=\"wp-block-separator has-alpha-channel-opacity\"\/>\n\n\n\n<h2 class=\"wp-block-heading\">CNC<\/h2>\n\n\n\n<p><a href=\"https:\/\/shop.carbide3d.com\/products\/shapeoko4?variant=33051555954749\">Fraiseuse num\u00e9rique<\/a>. Permet d\u2019usiner des pi\u00e8ces en 2.5D.<\/p>\n\n\n\n<p><mark style=\"background-color:rgba(0, 0, 0, 0)\" class=\"has-inline-color has-vivid-red-color\"><strong>5\u20ac pour les 3 premi\u00e8res heures<\/strong><\/mark>,<mark style=\"background-color:rgba(0, 0, 0, 0)\" class=\"has-inline-color has-vivid-red-color\"><strong> 4\u20ac jusqu&rsquo;\u00e0 6h et 3\u20ac \u00e0 partir de 6h.<\/strong><\/mark><\/p>\n\n\n\n<hr class=\"wp-block-separator has-css-opacity is-style-wide\"\/>\n\n\n\n<h2 class=\"wp-block-heading\">Circuit imprim\u00e9 (PCB)<\/h2>\n\n\n\n<h4 class=\"wp-block-heading\"><mark style=\"background-color:rgba(0, 0, 0, 0)\" class=\"has-inline-color has-black-color\">Simple face :<\/mark> <mark style=\"background-color:rgba(0, 0, 0, 0)\" class=\"has-inline-color has-vivid-red-color\">0.07\u20ac\/cm\u00b2<\/mark><\/h4>\n\n\n\n<h4 class=\"wp-block-heading\"><mark style=\"background-color:rgba(0, 0, 0, 0)\" class=\"has-inline-color has-black-color\">Double face :<\/mark> <mark style=\"background-color:rgba(0, 0, 0, 0)\" class=\"has-inline-color has-vivid-red-color\">0.105\u20ac\/cm\u00b2<\/mark><\/h4>\n\n\n\n<p>Bien que plus rapide \u00e0 router, les circuits double face ne sont pas toujours utiles ! Bien que leur prix soit un peu plus \u00e9lev\u00e9, ils sont surtout beaucoup plus compliqu\u00e9s \u00e0 r\u00e9aliser !<\/p>\n\n\n\n<hr class=\"wp-block-separator has-css-opacity is-style-wide\"\/>\n\n\n\n<h2 class=\"wp-block-heading\">Frais de gestion<\/h2>\n\n\n\n<p>Si vous repr\u00e9sentez une <strong>entit\u00e9 morale<\/strong>, qu&rsquo;elle soit \u00e0 but lucratif ou non, sachez que des frais de gestion seront ajout\u00e9s \u00e0 votre facturation standard <strong>si vous ne fabriquez pas vous-m\u00eame<\/strong> vos pi\u00e8ces.<\/p>\n\n\n\n<h4 class=\"wp-block-heading\"><strong><span class=\"has-inline-color has-black-color\">Impression 3D :<\/span><\/strong>&nbsp;<span class=\"has-inline-color has-vivid-red-color\"> 5\u20ac par pi\u00e8ce + 0,5\u20ac\/h<\/span><\/h4>\n\n\n\n<h4 class=\"wp-block-heading\"><strong><span class=\"has-inline-color has-black-color\">D\u00e9coupe laser :<\/span><\/strong> <span class=\"has-inline-color has-vivid-red-color\">5\u20ac par fichier (maximum 50 x 70cm) + 0,5\u20ac\/5min<\/span><\/h4>\n\n\n\n<h4 class=\"wp-block-heading\"><mark style=\"background-color:rgba(0, 0, 0, 0)\" class=\"has-inline-color has-black-color\"><strong>Circuit imprim\u00e9<\/strong> :<\/mark> <mark style=\"background-color:rgba(0, 0, 0, 0)\" class=\"has-inline-color has-vivid-red-color\">5\u20ac pour un simple face + 3\u20ac pour la seconde face<\/mark><\/h4>\n\n\n\n<p><strong><mark style=\"background-color:rgba(0, 0, 0, 0)\" class=\"has-inline-color has-black-color\">CNC :<\/mark> <mark style=\"background-color:rgba(0, 0, 0, 0)\" class=\"has-inline-color has-vivid-red-color\">15\u20ac par d\u00e9coupe \u00e0 lancer (maximum 80 x 40cm) + 2\u20ac\/heure<\/mark><\/strong><\/p>\n\n\n\n<p>Les membres du fablab se r\u00e9servent \u00e9galement le droit de refuser une commande pour toute raison (complexit\u00e9, temps, d\u00e9lais, \u2026).<\/p>\n","protected":false},"excerpt":{"rendered":"<p>Afin d\u2019\u00eatre une entit\u00e9 viable et ainsi pouvoir financer le consommable, l\u2019entretien et les r\u00e9parations du mat\u00e9riel, l\u2019utilisation de certaines machines est payante. Les tarifs pratiqu\u00e9s par Fabric\u2019INSA sont avant tout pens\u00e9s par et pour les \u00e9tudiants de mani\u00e8re \u00e0 faire vivre les projets de chacun ! Adh\u00e9sions Nature Dur\u00e9e Tarif Public hors \u00e9tudiant ou [&hellip;]<\/p>\n","protected":false},"author":2,"featured_media":0,"parent":142,"menu_order":0,"comment_status":"closed","ping_status":"closed","template":"","meta":{"footnotes":""},"class_list":["post-173","page","type-page","status-publish","hentry"],"yoast_head":"<!-- This site is optimized with the Yoast SEO plugin v26.4 - https:\/\/yoast.com\/wordpress\/plugins\/seo\/ -->\n<title>Tarifs - Fabric&#039;INSA<\/title>\n<meta name=\"description\" content=\"Consultez les tarifs du Fabric&#039;INSA, le FabLab de l&#039;INSA Toulouse. D\u00e9couvrez les tarifs des adh\u00e9sions et et de l&#039;utilisation des machines.\" \/>\n<meta name=\"robots\" content=\"index, follow, max-snippet:-1, max-image-preview:large, max-video-preview:-1\" \/>\n<link rel=\"canonical\" href=\"https:\/\/fabric-insa.fr\/site\/a-propos\/tarifs\/\" \/>\n<meta property=\"og:locale\" content=\"fr_FR\" \/>\n<meta property=\"og:type\" content=\"article\" \/>\n<meta property=\"og:title\" content=\"Tarifs - Fabric&#039;INSA\" \/>\n<meta property=\"og:description\" content=\"Consultez les tarifs du Fabric&#039;INSA, le FabLab de l&#039;INSA Toulouse. D\u00e9couvrez les tarifs des adh\u00e9sions et et de l&#039;utilisation des machines.\" \/>\n<meta property=\"og:url\" content=\"https:\/\/fabric-insa.fr\/site\/a-propos\/tarifs\/\" \/>\n<meta property=\"og:site_name\" content=\"Fabric&#039;INSA\" \/>\n<meta property=\"article:publisher\" content=\"https:\/\/facebook.com\/fabric.insa\" \/>\n<meta property=\"article:modified_time\" content=\"2026-02-21T14:21:48+00:00\" \/>\n<meta property=\"og:image\" content=\"https:\/\/fabric-insa.fr\/site\/wp-content\/uploads\/2021\/01\/cropped-LogoFabricINSA_small.png\" \/>\n\t<meta property=\"og:image:width\" content=\"512\" \/>\n\t<meta property=\"og:image:height\" content=\"512\" \/>\n\t<meta property=\"og:image:type\" content=\"image\/png\" \/>\n<meta name=\"twitter:card\" content=\"summary_large_image\" \/>\n<meta name=\"twitter:site\" content=\"@fabricinsa\" \/>\n<meta name=\"twitter:label1\" content=\"Dur\u00e9e de lecture estim\u00e9e\" \/>\n\t<meta name=\"twitter:data1\" content=\"4 minutes\" \/>\n<script type=\"application\/ld+json\" class=\"yoast-schema-graph\">{\"@context\":\"https:\/\/schema.org\",\"@graph\":[{\"@type\":\"WebPage\",\"@id\":\"https:\/\/fabric-insa.fr\/site\/a-propos\/tarifs\/\",\"url\":\"https:\/\/fabric-insa.fr\/site\/a-propos\/tarifs\/\",\"name\":\"Tarifs - Fabric&#039;INSA\",\"isPartOf\":{\"@id\":\"https:\/\/fabric-insa.fr\/site\/#website\"},\"datePublished\":\"2021-01-11T15:23:49+00:00\",\"dateModified\":\"2026-02-21T14:21:48+00:00\",\"description\":\"Consultez les tarifs du Fabric'INSA, le FabLab de l'INSA Toulouse. D\u00e9couvrez les tarifs des adh\u00e9sions et et de l'utilisation des machines.\",\"breadcrumb\":{\"@id\":\"https:\/\/fabric-insa.fr\/site\/a-propos\/tarifs\/#breadcrumb\"},\"inLanguage\":\"fr-FR\",\"potentialAction\":[{\"@type\":\"ReadAction\",\"target\":[\"https:\/\/fabric-insa.fr\/site\/a-propos\/tarifs\/\"]}]},{\"@type\":\"BreadcrumbList\",\"@id\":\"https:\/\/fabric-insa.fr\/site\/a-propos\/tarifs\/#breadcrumb\",\"itemListElement\":[{\"@type\":\"ListItem\",\"position\":1,\"name\":\"Accueil\",\"item\":\"https:\/\/fabric-insa.fr\/site\/\"},{\"@type\":\"ListItem\",\"position\":2,\"name\":\"A Propos\",\"item\":\"https:\/\/fabric-insa.fr\/site\/a-propos\/\"},{\"@type\":\"ListItem\",\"position\":3,\"name\":\"Tarifs\"}]},{\"@type\":\"WebSite\",\"@id\":\"https:\/\/fabric-insa.fr\/site\/#website\",\"url\":\"https:\/\/fabric-insa.fr\/site\/\",\"name\":\"Fabric'INSA\",\"description\":\"Le FabLab de l&#039;INSA Toulouse\",\"publisher\":{\"@id\":\"https:\/\/fabric-insa.fr\/site\/#organization\"},\"potentialAction\":[{\"@type\":\"SearchAction\",\"target\":{\"@type\":\"EntryPoint\",\"urlTemplate\":\"https:\/\/fabric-insa.fr\/site\/?s={search_term_string}\"},\"query-input\":{\"@type\":\"PropertyValueSpecification\",\"valueRequired\":true,\"valueName\":\"search_term_string\"}}],\"inLanguage\":\"fr-FR\"},{\"@type\":\"Organization\",\"@id\":\"https:\/\/fabric-insa.fr\/site\/#organization\",\"name\":\"Fabric'INSA\",\"url\":\"https:\/\/fabric-insa.fr\/site\/\",\"logo\":{\"@type\":\"ImageObject\",\"inLanguage\":\"fr-FR\",\"@id\":\"https:\/\/fabric-insa.fr\/site\/#\/schema\/logo\/image\/\",\"url\":\"http:\/\/fabric-insa.fr\/site\/wp-content\/uploads\/2021\/01\/LogoFabricINSA.png\",\"contentUrl\":\"http:\/\/fabric-insa.fr\/site\/wp-content\/uploads\/2021\/01\/LogoFabricINSA.png\",\"width\":595,\"height\":566,\"caption\":\"Fabric'INSA\"},\"image\":{\"@id\":\"https:\/\/fabric-insa.fr\/site\/#\/schema\/logo\/image\/\"},\"sameAs\":[\"https:\/\/facebook.com\/fabric.insa\",\"https:\/\/x.com\/fabricinsa\",\"https:\/\/www.instagram.com\/fabric_insa\",\"https:\/\/www.linkedin.com\/company\/fabric-insa\"]}]}<\/script>\n<!-- \/ Yoast SEO plugin. -->","yoast_head_json":{"title":"Tarifs - Fabric&#039;INSA","description":"Consultez les tarifs du Fabric'INSA, le FabLab de l'INSA Toulouse. D\u00e9couvrez les tarifs des adh\u00e9sions et et de l'utilisation des machines.","robots":{"index":"index","follow":"follow","max-snippet":"max-snippet:-1","max-image-preview":"max-image-preview:large","max-video-preview":"max-video-preview:-1"},"canonical":"https:\/\/fabric-insa.fr\/site\/a-propos\/tarifs\/","og_locale":"fr_FR","og_type":"article","og_title":"Tarifs - Fabric&#039;INSA","og_description":"Consultez les tarifs du Fabric'INSA, le FabLab de l'INSA Toulouse. D\u00e9couvrez les tarifs des adh\u00e9sions et et de l'utilisation des machines.","og_url":"https:\/\/fabric-insa.fr\/site\/a-propos\/tarifs\/","og_site_name":"Fabric&#039;INSA","article_publisher":"https:\/\/facebook.com\/fabric.insa","article_modified_time":"2026-02-21T14:21:48+00:00","og_image":[{"width":512,"height":512,"url":"https:\/\/fabric-insa.fr\/site\/wp-content\/uploads\/2021\/01\/cropped-LogoFabricINSA_small.png","type":"image\/png"}],"twitter_card":"summary_large_image","twitter_site":"@fabricinsa","twitter_misc":{"Dur\u00e9e de lecture estim\u00e9e":"4 minutes"},"schema":{"@context":"https:\/\/schema.org","@graph":[{"@type":"WebPage","@id":"https:\/\/fabric-insa.fr\/site\/a-propos\/tarifs\/","url":"https:\/\/fabric-insa.fr\/site\/a-propos\/tarifs\/","name":"Tarifs - Fabric&#039;INSA","isPartOf":{"@id":"https:\/\/fabric-insa.fr\/site\/#website"},"datePublished":"2021-01-11T15:23:49+00:00","dateModified":"2026-02-21T14:21:48+00:00","description":"Consultez les tarifs du Fabric'INSA, le FabLab de l'INSA Toulouse. D\u00e9couvrez les tarifs des adh\u00e9sions et et de l'utilisation des machines.","breadcrumb":{"@id":"https:\/\/fabric-insa.fr\/site\/a-propos\/tarifs\/#breadcrumb"},"inLanguage":"fr-FR","potentialAction":[{"@type":"ReadAction","target":["https:\/\/fabric-insa.fr\/site\/a-propos\/tarifs\/"]}]},{"@type":"BreadcrumbList","@id":"https:\/\/fabric-insa.fr\/site\/a-propos\/tarifs\/#breadcrumb","itemListElement":[{"@type":"ListItem","position":1,"name":"Accueil","item":"https:\/\/fabric-insa.fr\/site\/"},{"@type":"ListItem","position":2,"name":"A Propos","item":"https:\/\/fabric-insa.fr\/site\/a-propos\/"},{"@type":"ListItem","position":3,"name":"Tarifs"}]},{"@type":"WebSite","@id":"https:\/\/fabric-insa.fr\/site\/#website","url":"https:\/\/fabric-insa.fr\/site\/","name":"Fabric'INSA","description":"Le FabLab de l&#039;INSA Toulouse","publisher":{"@id":"https:\/\/fabric-insa.fr\/site\/#organization"},"potentialAction":[{"@type":"SearchAction","target":{"@type":"EntryPoint","urlTemplate":"https:\/\/fabric-insa.fr\/site\/?s={search_term_string}"},"query-input":{"@type":"PropertyValueSpecification","valueRequired":true,"valueName":"search_term_string"}}],"inLanguage":"fr-FR"},{"@type":"Organization","@id":"https:\/\/fabric-insa.fr\/site\/#organization","name":"Fabric'INSA","url":"https:\/\/fabric-insa.fr\/site\/","logo":{"@type":"ImageObject","inLanguage":"fr-FR","@id":"https:\/\/fabric-insa.fr\/site\/#\/schema\/logo\/image\/","url":"http:\/\/fabric-insa.fr\/site\/wp-content\/uploads\/2021\/01\/LogoFabricINSA.png","contentUrl":"http:\/\/fabric-insa.fr\/site\/wp-content\/uploads\/2021\/01\/LogoFabricINSA.png","width":595,"height":566,"caption":"Fabric'INSA"},"image":{"@id":"https:\/\/fabric-insa.fr\/site\/#\/schema\/logo\/image\/"},"sameAs":["https:\/\/facebook.com\/fabric.insa","https:\/\/x.com\/fabricinsa","https:\/\/www.instagram.com\/fabric_insa","https:\/\/www.linkedin.com\/company\/fabric-insa"]}]}},"_links":{"self":[{"href":"https:\/\/fabric-insa.fr\/site\/wp-json\/wp\/v2\/pages\/173","targetHints":{"allow":["GET"]}}],"collection":[{"href":"https:\/\/fabric-insa.fr\/site\/wp-json\/wp\/v2\/pages"}],"about":[{"href":"https:\/\/fabric-insa.fr\/site\/wp-json\/wp\/v2\/types\/page"}],"author":[{"embeddable":true,"href":"https:\/\/fabric-insa.fr\/site\/wp-json\/wp\/v2\/users\/2"}],"replies":[{"embeddable":true,"href":"https:\/\/fabric-insa.fr\/site\/wp-json\/wp\/v2\/comments?post=173"}],"version-history":[{"count":24,"href":"https:\/\/fabric-insa.fr\/site\/wp-json\/wp\/v2\/pages\/173\/revisions"}],"predecessor-version":[{"id":808,"href":"https:\/\/fabric-insa.fr\/site\/wp-json\/wp\/v2\/pages\/173\/revisions\/808"}],"up":[{"embeddable":true,"href":"https:\/\/fabric-insa.fr\/site\/wp-json\/wp\/v2\/pages\/142"}],"wp:attachment":[{"href":"https:\/\/fabric-insa.fr\/site\/wp-json\/wp\/v2\/media?parent=173"}],"curies":[{"name":"wp","href":"https:\/\/api.w.org\/{rel}","templated":true}]}}