{"id":162,"date":"2021-01-11T16:14:35","date_gmt":"2021-01-11T15:14:35","guid":{"rendered":"http:\/\/fabric-insa.fr\/site\/?page_id=162"},"modified":"2025-06-17T23:00:05","modified_gmt":"2025-06-17T21:00:05","slug":"nos-soutiens-et-partenaires","status":"publish","type":"page","link":"https:\/\/fabric-insa.fr\/site\/a-propos\/nos-soutiens-et-partenaires\/","title":{"rendered":"Nos Soutiens et partenaires"},"content":{"rendered":"\n<h2 class=\"wp-block-heading\">Nos soutiens<\/h2>\n\n\n<div class=\"wp-block-image\">\n<figure class=\"aligncenter size-large is-resized\"><img loading=\"lazy\" decoding=\"async\" width=\"1024\" height=\"469\" src=\"http:\/\/fabric-insa.fr\/site\/wp-content\/uploads\/2021\/01\/soutien-fondation.png\" alt=\"Logo de l'association Fabric'INSA soulignant le soutien de la fondation INSA Toulouse\" class=\"wp-image-163\" style=\"width:512px;height:235px\" srcset=\"https:\/\/fabric-insa.fr\/site\/wp-content\/uploads\/2021\/01\/soutien-fondation.png 1024w, https:\/\/fabric-insa.fr\/site\/wp-content\/uploads\/2021\/01\/soutien-fondation-300x137.png 300w, https:\/\/fabric-insa.fr\/site\/wp-content\/uploads\/2021\/01\/soutien-fondation-768x352.png 768w\" sizes=\"auto, (max-width: 1024px) 100vw, 1024px\" \/><\/figure>\n<\/div>\n\n\n<p>Le FabLab n\u2019existerait pas aujourd\u2019hui sans le soutien humain et mat\u00e9riel de <a href=\"http:\/\/www.insa-toulouse.fr\" target=\"_blank\" rel=\"noreferrer noopener\">l\u2019INSA Toulouse<\/a> ainsi que du soutien financier de la <a href=\"http:\/\/www.insa-toulouse.fr\/fr\/institution\/fondation.html\" target=\"_blank\" rel=\"noreferrer noopener\">fondation INSA Toulouse<\/a>.<\/p>\n\n\n\n<p>Merci \u00e0 aux entreprises partenaires et m\u00e9c\u00e8nes !<\/p>\n\n\n\n<h2 class=\"wp-block-heading\">Nos partenaires<\/h2>\n\n\n\n<div class=\"wp-block-columns is-layout-flex wp-container-core-columns-is-layout-9d6595d7 wp-block-columns-is-layout-flex\">\n<div class=\"wp-block-column is-layout-flow wp-block-column-is-layout-flow\" style=\"flex-basis:33.33%\">\n<figure class=\"wp-block-image size-large\"><img loading=\"lazy\" decoding=\"async\" width=\"1024\" height=\"486\" src=\"http:\/\/fabric-insa.fr\/site\/wp-content\/uploads\/2021\/01\/Logo_Groupe_GA_Smart_Building-1024x486.png\" alt=\"Logo GA Smart Building\" class=\"wp-image-164\" srcset=\"https:\/\/fabric-insa.fr\/site\/wp-content\/uploads\/2021\/01\/Logo_Groupe_GA_Smart_Building-1024x486.png 1024w, https:\/\/fabric-insa.fr\/site\/wp-content\/uploads\/2021\/01\/Logo_Groupe_GA_Smart_Building-300x143.png 300w, https:\/\/fabric-insa.fr\/site\/wp-content\/uploads\/2021\/01\/Logo_Groupe_GA_Smart_Building-768x365.png 768w, https:\/\/fabric-insa.fr\/site\/wp-content\/uploads\/2021\/01\/Logo_Groupe_GA_Smart_Building.png 1200w\" sizes=\"auto, (max-width: 1024px) 100vw, 1024px\" \/><\/figure>\n<\/div>\n\n\n\n<div class=\"wp-block-column is-layout-flow wp-block-column-is-layout-flow\" style=\"flex-basis:66.66%\">\n<p><strong>GA SMART BUILDING<\/strong><br>Concepteur, constructeur, promoteur et gestionnaire, le Groupe GA propose des solutions smart design et connect\u00e9es, adapt\u00e9es aux besoins des usagers. Acteur atypique de la promotion immobili\u00e8re, il apporte son savoir-faire \u00e0 chaque \u00e9tape des projets\/ recherche fonci\u00e8re, financement, conception, construction, entretien et gestion des b\u00e2timents, engagement sur les consommations \u00e9nerg\u00e9tiques.<br>Plus d\u2019informations : <a href=\"https:\/\/www.ga.fr\">https:\/\/www.ga.fr<\/a><\/p>\n<\/div>\n<\/div>\n\n\n\n<div class=\"wp-block-columns is-layout-flex wp-container-core-columns-is-layout-9d6595d7 wp-block-columns-is-layout-flex\">\n<div class=\"wp-block-column is-layout-flow wp-block-column-is-layout-flow\" style=\"flex-basis:33.33%\">\n<figure class=\"wp-block-image size-full\"><img loading=\"lazy\" decoding=\"async\" width=\"768\" height=\"512\" src=\"http:\/\/fabric-insa.fr\/site\/wp-content\/uploads\/2021\/01\/club-robot-logo2-1.png\" alt=\"Logo club robot de l'INSA\" class=\"wp-image-319\" srcset=\"https:\/\/fabric-insa.fr\/site\/wp-content\/uploads\/2021\/01\/club-robot-logo2-1.png 768w, https:\/\/fabric-insa.fr\/site\/wp-content\/uploads\/2021\/01\/club-robot-logo2-1-300x200.png 300w\" sizes=\"auto, (max-width: 768px) 100vw, 768px\" \/><\/figure>\n<\/div>\n\n\n\n<div class=\"wp-block-column is-layout-flow wp-block-column-is-layout-flow\" style=\"flex-basis:66.66%\">\n<p>Le Club Robot est un regroupement d\u2019\u00e9l\u00e8ves ing\u00e9nieurs de l\u2019INSA de Toulouse r\u00e9unis autour d\u2019une m\u00eame passion : la robotique.<\/p>\n\n\n\n<p>R\u00e9unis dans le local du Club Robot du DGEI (D\u00e9partement G\u00e9nie Electrique et Informatique) de l\u2019INSA, ils r\u00e9alisent pendant leur temps libre deux robots, avec pour objectif de participer \u00e0 la Coupe de France de Robotique, organis\u00e9e par Plan\u00e8te Science.<\/p>\n\n\n\n<p>Gr\u00e2ce \u00e0 ce partenariat, le club \u00e0 acc\u00e8s a l\u2019ensemble de notre mat\u00e9riel pour avancer plus rapidement et avec les derni\u00e8res technologies !<\/p>\n\n\n\n<p>Retrouvez l\u2019actualit\u00e9 du club sur leur site <a href=\"https:\/\/clubrobotinsat.github.io\/\">https:\/\/clubrobotinsat.github.io\/<\/a> et leur <a href=\"https:\/\/www.facebook.com\/ClubRobotINSAT\/\">facebook<\/a> !<\/p>\n<\/div>\n<\/div>\n\n\n\n<div class=\"wp-block-columns is-layout-flex wp-container-core-columns-is-layout-9d6595d7 wp-block-columns-is-layout-flex\">\n<div class=\"wp-block-column is-layout-flow wp-block-column-is-layout-flow\" style=\"flex-basis:33.33%\">\n<figure class=\"wp-block-image size-large\"><img loading=\"lazy\" decoding=\"async\" width=\"1024\" height=\"796\" src=\"http:\/\/fabric-insa.fr\/site\/wp-content\/uploads\/2021\/01\/jis_logo_square.png\" alt=\"Logo de la junior entreprise JIS\" class=\"wp-image-324\" srcset=\"https:\/\/fabric-insa.fr\/site\/wp-content\/uploads\/2021\/01\/jis_logo_square.png 1024w, https:\/\/fabric-insa.fr\/site\/wp-content\/uploads\/2021\/01\/jis_logo_square-300x233.png 300w, https:\/\/fabric-insa.fr\/site\/wp-content\/uploads\/2021\/01\/jis_logo_square-768x597.png 768w\" sizes=\"auto, (max-width: 1024px) 100vw, 1024px\" \/><\/figure>\n<\/div>\n\n\n\n<div class=\"wp-block-column is-layout-flow wp-block-column-is-layout-flow\" style=\"flex-basis:66.66%\">\n<p>La Junior INSA Services est la Junior-Entreprise de l\u2019INSA de Toulouse. Elle propose \u00e0 ses clients la r\u00e9alisation de leurs projets par des \u00e9tudiants ing\u00e9nieurs et assure un service de qualit\u00e9 gr\u00e2ce au professionnalisme de son \u00e9quipe et \u00e0 la formation dispens\u00e9e par l\u2019\u00e9cole.<\/p>\n\n\n\n<p>Les clients profitent ainsi des comp\u00e9tences d\u2019un panel de 2500 \u00e9tudiants dans tous les domaines de formation de l\u2019\u00e9cole. Les intervenants de la Junior INSA Services sont notamment capables d\u2019intervenir sur des projets en informatique, automatisme et \u00e9lectronique,&nbsp;g\u00e9nie m\u00e9canique et g\u00e9nie civil.<\/p>\n\n\n\n<p>Avec ce partenariat avec la JIS, si vous \u00eates un entrepreneur ou une&nbsp; entreprise et que vous avez un projet \u00e0 r\u00e9aliser, n\u2019h\u00e9sitez plus ! Avec une \u00e9tude de qualit\u00e9 et \u00e0 pr\u00e9sent du prototypage professionnel, vos projets seront men\u00e9s \u00e0 bien gr\u00e2ce \u00e0 la combinaison de nos deux expertises.<\/p>\n\n\n\n<p>Retrouvez la JIS sur leur <a href=\"http:\/\/jis.etud.insa-toulouse.fr\/index.php\">site<\/a>.<\/p>\n<\/div>\n<\/div>\n\n\n\n<div class=\"wp-block-columns is-layout-flex wp-container-core-columns-is-layout-9d6595d7 wp-block-columns-is-layout-flex\">\n<div class=\"wp-block-column is-layout-flow wp-block-column-is-layout-flow\" style=\"flex-basis:33.33%\">\n<figure class=\"wp-block-image size-large\"><img loading=\"lazy\" decoding=\"async\" width=\"745\" height=\"465\" src=\"http:\/\/fabric-insa.fr\/site\/wp-content\/uploads\/2021\/01\/logo-catalyseur-01-01.jpg\" alt=\"Logo du catalyseur\" class=\"wp-image-167\" srcset=\"https:\/\/fabric-insa.fr\/site\/wp-content\/uploads\/2021\/01\/logo-catalyseur-01-01.jpg 745w, https:\/\/fabric-insa.fr\/site\/wp-content\/uploads\/2021\/01\/logo-catalyseur-01-01-300x187.jpg 300w\" sizes=\"auto, (max-width: 745px) 100vw, 745px\" \/><\/figure>\n<\/div>\n\n\n\n<div class=\"wp-block-column is-layout-flow wp-block-column-is-layout-flow\" style=\"flex-basis:66.66%\">\n<p><strong>LE CATALYSEUR | tiers-lieu et pr\u00e9-incubateur de projets du Campus de Rangueil<\/strong><\/p>\n\n\n\n<p>Le Catalyseur a pour ambition d\u2019\u00eatre le cha\u00eenon manquant entre les \u00e9tudiants, les formations acad\u00e9miques et les activit\u00e9s entrepreneuriales. V\u00e9ritable lieu de vie d\u00e9di\u00e9 \u00e0 l\u2019entrepreneuriat et l\u2019innovation, c\u2019est un pr\u00e9-incubateur de projets&nbsp;; Le Catalyseur accompagne les \u00e9tudiants-entrepreneurs dans leurs projets de cr\u00e9ation d\u2019entreprise (startup) gr\u00e2ce \u00e0 l\u2019engagement conjoint des \u00e9tablissements d\u2019enseignement sup\u00e9rieur de l\u2019Universit\u00e9 F\u00e9d\u00e9rale Toulouse et des entreprises partenaires. A cet effet Le Catalyseur dispose de quatre espaces distincts&nbsp;: un espace de coworking, un espace de prototypage (fablab), un showroom, et un espace de convivialit\u00e9. Ces espaces permettent de faciliter la collaboration entre les porteurs de projets et les ressources mises \u00e0 leur disposition mais aussi d\u2019acc\u00e9l\u00e9rer le cycle de d\u00e9veloppement depuis la conception jusqu\u2019\u00e0 la r\u00e9alisation.<\/p>\n\n\n\n<p>L\u2019espace de coworking actuel, situ\u00e9 sur le campus de l\u2019universit\u00e9 Toulouse III \u2013 Paul Sabatier, est ouvert de 8h \u00e0 18h du lundi au vendredi (extension possible jusqu\u2019\u00e0 22h), cet espace est totalement gratuit pour les \u00e9tudiants-entrepreneurs.<\/p>\n\n\n\n<p>Informations pratiques&nbsp;:<\/p>\n\n\n\n<p>Site web&nbsp;:&nbsp;<a href=\"https:\/\/www.catalyseur-toulouse.fr\/\">https:\/\/www.catalyseur-toulouse.fr<\/a><\/p>\n\n\n\n<p>Mail&nbsp;:&nbsp;<a href=\"mailto:catalyseur.contact@univ-tlse3.fr\">catalyseur.contact@univ-tlse3.fr<\/a><\/p>\n\n\n\n<p>Tel&nbsp;: 05 61 55 85 48 ou 05 61 55 85 71<\/p>\n\n\n\n<p>Adresse&nbsp;: Campus de Rangueil | 118, Route de Narbonne \u2013 31400 Toulouse (rdc, b\u00e2timent U4)<\/p>\n<\/div>\n<\/div>\n\n\n\n<p>Vous souhaitez vous aussi nous soutenir ? Alors <a href=\"http:\/\/www.fabric-insa.fr\/site\/a-propos\/contact\/\">contactez-nous<\/a>.<\/p>\n","protected":false},"excerpt":{"rendered":"<p>Nos soutiens Le FabLab n\u2019existerait pas aujourd\u2019hui sans le soutien humain et mat\u00e9riel de l\u2019INSA Toulouse ainsi que du soutien financier de la fondation INSA Toulouse. Merci \u00e0 aux entreprises partenaires et m\u00e9c\u00e8nes ! Nos partenaires GA SMART BUILDINGConcepteur, constructeur, promoteur et gestionnaire, le Groupe GA propose des solutions smart design et connect\u00e9es, adapt\u00e9es aux [&hellip;]<\/p>\n","protected":false},"author":2,"featured_media":0,"parent":142,"menu_order":0,"comment_status":"closed","ping_status":"closed","template":"","meta":{"footnotes":""},"class_list":["post-162","page","type-page","status-publish","hentry"],"yoast_head":"<!-- This site is optimized with the Yoast SEO plugin v26.4 - https:\/\/yoast.com\/wordpress\/plugins\/seo\/ -->\n<title>Nos Soutiens et partenaires - Fabric&#039;INSA<\/title>\n<meta name=\"description\" content=\"Le fablab n&#039;existerait pas sans le soutien de nombreux partenaires : Fondation INSA Toulouse, club robot, Catalyseur...\" \/>\n<meta name=\"robots\" content=\"index, follow, max-snippet:-1, max-image-preview:large, max-video-preview:-1\" \/>\n<link rel=\"canonical\" href=\"https:\/\/fabric-insa.fr\/site\/a-propos\/nos-soutiens-et-partenaires\/\" \/>\n<meta property=\"og:locale\" content=\"fr_FR\" \/>\n<meta property=\"og:type\" content=\"article\" \/>\n<meta property=\"og:title\" content=\"Nos Soutiens et partenaires - Fabric&#039;INSA\" \/>\n<meta property=\"og:description\" content=\"Le fablab n&#039;existerait pas sans le soutien de nombreux partenaires : Fondation INSA Toulouse, club robot, Catalyseur...\" \/>\n<meta property=\"og:url\" content=\"https:\/\/fabric-insa.fr\/site\/a-propos\/nos-soutiens-et-partenaires\/\" \/>\n<meta property=\"og:site_name\" content=\"Fabric&#039;INSA\" \/>\n<meta property=\"article:publisher\" content=\"https:\/\/facebook.com\/fabric.insa\" \/>\n<meta property=\"article:modified_time\" content=\"2025-06-17T21:00:05+00:00\" \/>\n<meta property=\"og:image\" content=\"http:\/\/fabric-insa.fr\/site\/wp-content\/uploads\/2021\/01\/soutien-fondation.png\" \/>\n<meta name=\"twitter:card\" content=\"summary_large_image\" \/>\n<meta name=\"twitter:site\" content=\"@fabricinsa\" \/>\n<meta name=\"twitter:label1\" content=\"Dur\u00e9e de lecture estim\u00e9e\" \/>\n\t<meta name=\"twitter:data1\" content=\"4 minutes\" \/>\n<script type=\"application\/ld+json\" class=\"yoast-schema-graph\">{\"@context\":\"https:\/\/schema.org\",\"@graph\":[{\"@type\":\"WebPage\",\"@id\":\"https:\/\/fabric-insa.fr\/site\/a-propos\/nos-soutiens-et-partenaires\/\",\"url\":\"https:\/\/fabric-insa.fr\/site\/a-propos\/nos-soutiens-et-partenaires\/\",\"name\":\"Nos Soutiens et partenaires - Fabric&#039;INSA\",\"isPartOf\":{\"@id\":\"https:\/\/fabric-insa.fr\/site\/#website\"},\"primaryImageOfPage\":{\"@id\":\"https:\/\/fabric-insa.fr\/site\/a-propos\/nos-soutiens-et-partenaires\/#primaryimage\"},\"image\":{\"@id\":\"https:\/\/fabric-insa.fr\/site\/a-propos\/nos-soutiens-et-partenaires\/#primaryimage\"},\"thumbnailUrl\":\"http:\/\/fabric-insa.fr\/site\/wp-content\/uploads\/2021\/01\/soutien-fondation.png\",\"datePublished\":\"2021-01-11T15:14:35+00:00\",\"dateModified\":\"2025-06-17T21:00:05+00:00\",\"description\":\"Le fablab n'existerait pas sans le soutien de nombreux partenaires : Fondation INSA Toulouse, club robot, Catalyseur...\",\"breadcrumb\":{\"@id\":\"https:\/\/fabric-insa.fr\/site\/a-propos\/nos-soutiens-et-partenaires\/#breadcrumb\"},\"inLanguage\":\"fr-FR\",\"potentialAction\":[{\"@type\":\"ReadAction\",\"target\":[\"https:\/\/fabric-insa.fr\/site\/a-propos\/nos-soutiens-et-partenaires\/\"]}]},{\"@type\":\"ImageObject\",\"inLanguage\":\"fr-FR\",\"@id\":\"https:\/\/fabric-insa.fr\/site\/a-propos\/nos-soutiens-et-partenaires\/#primaryimage\",\"url\":\"https:\/\/fabric-insa.fr\/site\/wp-content\/uploads\/2021\/01\/soutien-fondation.png\",\"contentUrl\":\"https:\/\/fabric-insa.fr\/site\/wp-content\/uploads\/2021\/01\/soutien-fondation.png\",\"width\":1024,\"height\":469},{\"@type\":\"BreadcrumbList\",\"@id\":\"https:\/\/fabric-insa.fr\/site\/a-propos\/nos-soutiens-et-partenaires\/#breadcrumb\",\"itemListElement\":[{\"@type\":\"ListItem\",\"position\":1,\"name\":\"Accueil\",\"item\":\"https:\/\/fabric-insa.fr\/site\/\"},{\"@type\":\"ListItem\",\"position\":2,\"name\":\"A Propos\",\"item\":\"https:\/\/fabric-insa.fr\/site\/a-propos\/\"},{\"@type\":\"ListItem\",\"position\":3,\"name\":\"Nos Soutiens et partenaires\"}]},{\"@type\":\"WebSite\",\"@id\":\"https:\/\/fabric-insa.fr\/site\/#website\",\"url\":\"https:\/\/fabric-insa.fr\/site\/\",\"name\":\"Fabric'INSA\",\"description\":\"Le FabLab de l&#039;INSA Toulouse\",\"publisher\":{\"@id\":\"https:\/\/fabric-insa.fr\/site\/#organization\"},\"potentialAction\":[{\"@type\":\"SearchAction\",\"target\":{\"@type\":\"EntryPoint\",\"urlTemplate\":\"https:\/\/fabric-insa.fr\/site\/?s={search_term_string}\"},\"query-input\":{\"@type\":\"PropertyValueSpecification\",\"valueRequired\":true,\"valueName\":\"search_term_string\"}}],\"inLanguage\":\"fr-FR\"},{\"@type\":\"Organization\",\"@id\":\"https:\/\/fabric-insa.fr\/site\/#organization\",\"name\":\"Fabric'INSA\",\"url\":\"https:\/\/fabric-insa.fr\/site\/\",\"logo\":{\"@type\":\"ImageObject\",\"inLanguage\":\"fr-FR\",\"@id\":\"https:\/\/fabric-insa.fr\/site\/#\/schema\/logo\/image\/\",\"url\":\"http:\/\/fabric-insa.fr\/site\/wp-content\/uploads\/2021\/01\/LogoFabricINSA.png\",\"contentUrl\":\"http:\/\/fabric-insa.fr\/site\/wp-content\/uploads\/2021\/01\/LogoFabricINSA.png\",\"width\":595,\"height\":566,\"caption\":\"Fabric'INSA\"},\"image\":{\"@id\":\"https:\/\/fabric-insa.fr\/site\/#\/schema\/logo\/image\/\"},\"sameAs\":[\"https:\/\/facebook.com\/fabric.insa\",\"https:\/\/x.com\/fabricinsa\",\"https:\/\/www.instagram.com\/fabric_insa\",\"https:\/\/www.linkedin.com\/company\/fabric-insa\"]}]}<\/script>\n<!-- \/ Yoast SEO plugin. -->","yoast_head_json":{"title":"Nos Soutiens et partenaires - Fabric&#039;INSA","description":"Le fablab n'existerait pas sans le soutien de nombreux partenaires : Fondation INSA Toulouse, club robot, Catalyseur...","robots":{"index":"index","follow":"follow","max-snippet":"max-snippet:-1","max-image-preview":"max-image-preview:large","max-video-preview":"max-video-preview:-1"},"canonical":"https:\/\/fabric-insa.fr\/site\/a-propos\/nos-soutiens-et-partenaires\/","og_locale":"fr_FR","og_type":"article","og_title":"Nos Soutiens et partenaires - Fabric&#039;INSA","og_description":"Le fablab n'existerait pas sans le soutien de nombreux partenaires : Fondation INSA Toulouse, club robot, Catalyseur...","og_url":"https:\/\/fabric-insa.fr\/site\/a-propos\/nos-soutiens-et-partenaires\/","og_site_name":"Fabric&#039;INSA","article_publisher":"https:\/\/facebook.com\/fabric.insa","article_modified_time":"2025-06-17T21:00:05+00:00","og_image":[{"url":"http:\/\/fabric-insa.fr\/site\/wp-content\/uploads\/2021\/01\/soutien-fondation.png","type":"","width":"","height":""}],"twitter_card":"summary_large_image","twitter_site":"@fabricinsa","twitter_misc":{"Dur\u00e9e de lecture estim\u00e9e":"4 minutes"},"schema":{"@context":"https:\/\/schema.org","@graph":[{"@type":"WebPage","@id":"https:\/\/fabric-insa.fr\/site\/a-propos\/nos-soutiens-et-partenaires\/","url":"https:\/\/fabric-insa.fr\/site\/a-propos\/nos-soutiens-et-partenaires\/","name":"Nos Soutiens et partenaires - Fabric&#039;INSA","isPartOf":{"@id":"https:\/\/fabric-insa.fr\/site\/#website"},"primaryImageOfPage":{"@id":"https:\/\/fabric-insa.fr\/site\/a-propos\/nos-soutiens-et-partenaires\/#primaryimage"},"image":{"@id":"https:\/\/fabric-insa.fr\/site\/a-propos\/nos-soutiens-et-partenaires\/#primaryimage"},"thumbnailUrl":"http:\/\/fabric-insa.fr\/site\/wp-content\/uploads\/2021\/01\/soutien-fondation.png","datePublished":"2021-01-11T15:14:35+00:00","dateModified":"2025-06-17T21:00:05+00:00","description":"Le fablab n'existerait pas sans le soutien de nombreux partenaires : Fondation INSA Toulouse, club robot, Catalyseur...","breadcrumb":{"@id":"https:\/\/fabric-insa.fr\/site\/a-propos\/nos-soutiens-et-partenaires\/#breadcrumb"},"inLanguage":"fr-FR","potentialAction":[{"@type":"ReadAction","target":["https:\/\/fabric-insa.fr\/site\/a-propos\/nos-soutiens-et-partenaires\/"]}]},{"@type":"ImageObject","inLanguage":"fr-FR","@id":"https:\/\/fabric-insa.fr\/site\/a-propos\/nos-soutiens-et-partenaires\/#primaryimage","url":"https:\/\/fabric-insa.fr\/site\/wp-content\/uploads\/2021\/01\/soutien-fondation.png","contentUrl":"https:\/\/fabric-insa.fr\/site\/wp-content\/uploads\/2021\/01\/soutien-fondation.png","width":1024,"height":469},{"@type":"BreadcrumbList","@id":"https:\/\/fabric-insa.fr\/site\/a-propos\/nos-soutiens-et-partenaires\/#breadcrumb","itemListElement":[{"@type":"ListItem","position":1,"name":"Accueil","item":"https:\/\/fabric-insa.fr\/site\/"},{"@type":"ListItem","position":2,"name":"A Propos","item":"https:\/\/fabric-insa.fr\/site\/a-propos\/"},{"@type":"ListItem","position":3,"name":"Nos Soutiens et partenaires"}]},{"@type":"WebSite","@id":"https:\/\/fabric-insa.fr\/site\/#website","url":"https:\/\/fabric-insa.fr\/site\/","name":"Fabric'INSA","description":"Le FabLab de l&#039;INSA Toulouse","publisher":{"@id":"https:\/\/fabric-insa.fr\/site\/#organization"},"potentialAction":[{"@type":"SearchAction","target":{"@type":"EntryPoint","urlTemplate":"https:\/\/fabric-insa.fr\/site\/?s={search_term_string}"},"query-input":{"@type":"PropertyValueSpecification","valueRequired":true,"valueName":"search_term_string"}}],"inLanguage":"fr-FR"},{"@type":"Organization","@id":"https:\/\/fabric-insa.fr\/site\/#organization","name":"Fabric'INSA","url":"https:\/\/fabric-insa.fr\/site\/","logo":{"@type":"ImageObject","inLanguage":"fr-FR","@id":"https:\/\/fabric-insa.fr\/site\/#\/schema\/logo\/image\/","url":"http:\/\/fabric-insa.fr\/site\/wp-content\/uploads\/2021\/01\/LogoFabricINSA.png","contentUrl":"http:\/\/fabric-insa.fr\/site\/wp-content\/uploads\/2021\/01\/LogoFabricINSA.png","width":595,"height":566,"caption":"Fabric'INSA"},"image":{"@id":"https:\/\/fabric-insa.fr\/site\/#\/schema\/logo\/image\/"},"sameAs":["https:\/\/facebook.com\/fabric.insa","https:\/\/x.com\/fabricinsa","https:\/\/www.instagram.com\/fabric_insa","https:\/\/www.linkedin.com\/company\/fabric-insa"]}]}},"_links":{"self":[{"href":"https:\/\/fabric-insa.fr\/site\/wp-json\/wp\/v2\/pages\/162","targetHints":{"allow":["GET"]}}],"collection":[{"href":"https:\/\/fabric-insa.fr\/site\/wp-json\/wp\/v2\/pages"}],"about":[{"href":"https:\/\/fabric-insa.fr\/site\/wp-json\/wp\/v2\/types\/page"}],"author":[{"embeddable":true,"href":"https:\/\/fabric-insa.fr\/site\/wp-json\/wp\/v2\/users\/2"}],"replies":[{"embeddable":true,"href":"https:\/\/fabric-insa.fr\/site\/wp-json\/wp\/v2\/comments?post=162"}],"version-history":[{"count":16,"href":"https:\/\/fabric-insa.fr\/site\/wp-json\/wp\/v2\/pages\/162\/revisions"}],"predecessor-version":[{"id":757,"href":"https:\/\/fabric-insa.fr\/site\/wp-json\/wp\/v2\/pages\/162\/revisions\/757"}],"up":[{"embeddable":true,"href":"https:\/\/fabric-insa.fr\/site\/wp-json\/wp\/v2\/pages\/142"}],"wp:attachment":[{"href":"https:\/\/fabric-insa.fr\/site\/wp-json\/wp\/v2\/media?parent=162"}],"curies":[{"name":"wp","href":"https:\/\/api.w.org\/{rel}","templated":true}]}}