{"id":153,"date":"2021-01-11T16:01:51","date_gmt":"2021-01-11T15:01:51","guid":{"rendered":"http:\/\/fabric-insa.fr\/site\/?page_id=153"},"modified":"2023-01-29T16:57:31","modified_gmt":"2023-01-29T15:57:31","slug":"reglement-interieur","status":"publish","type":"page","link":"https:\/\/fabric-insa.fr\/site\/a-propos\/reglement-interieur\/","title":{"rendered":"R\u00e8glement Int\u00e9rieur"},"content":{"rendered":"\n<p>R\u00e8glement int\u00e9rieur de l\u2019association Fabric\u2019INSA vot\u00e9 et applicable \u00e0 partir du 28 janvier 2023.<\/p>\n\n\n\n<p><em>Dans le but d&rsquo;all\u00e9ger la lecture de ce texte, la seule forme masculine a parfois \u00e9t\u00e9 utilis\u00e9e, il est \u00e0 pr\u00e9ciser que, bien entendu, cette forme d\u00e9signe indistinctement les hommes et les femmes.<\/em><\/p>\n\n\n\n<p><strong>ARTICLE PREMIER \u2013 R\u00d4LE DU R\u00c8GLEMENT INT\u00c9RIEUR<\/strong><\/p>\n\n\n\n<p>Ce document vise \u00e0 \u00e9tablir les r\u00e8gles de fonctionnement de l\u2019association. Il s\u2019impose de fait \u00e0 tous les membres.<\/p>\n\n\n\n<p><strong>ARTICLE 2 \u2013 NEUTRALIT\u00c9<\/strong><\/p>\n\n\n\n<p>Les activit\u00e9s des membres de l\u2019association, ainsi que celles de l\u2019association elle-m\u00eame se doivent d\u2019\u00eatre apolitique, asyndicale et aconfessionnelle.<\/p>\n\n\n\n<p><strong>ARTICLE 3 \u2013 RESPECT DE LA CHARTE FABLAB<\/strong><\/p>\n\n\n\n<p>L\u2019ensemble des membres de l\u2019association et des utilisateurs du FabLab ainsi que l\u2019association, dans son fonctionnement, s\u2019engagent \u00e0 respecter la charte des FabLabs pr\u00e9sent\u00e9e en annexe 1.<\/p>\n\n\n\n<p><strong>ARTICLE 4 \u2013 DISPOSITIONS AVANT L\u2019EXAMEN DE LA DEMANDE D\u2019ADMISSION<\/strong><\/p>\n\n\n\n<p>La qualit\u00e9 de membre adh\u00e9rent de l\u2019association n\u2019\u00e9tant acquise que si le bureau ne la refuse pas dans les deux semaines suivant la demande, les dispositions suivantes sont valables \u00e0 partir de la demande d\u2019admission en tant que membre et ce jusqu\u2019\u00e0 la r\u00e9ponse du bureau&nbsp;:<\/p>\n\n\n\n<ul class=\"wp-block-list\">\n<li>La cotisation du demandeur est encaiss\u00e9e au moment de la demande et sera rembours\u00e9e en cas de refus du bureau.<\/li>\n\n\n\n<li>Le demandeur peut utiliser le FabLab de la m\u00eame mani\u00e8re que s\u2019il \u00e9tait un membre adh\u00e9rent, avec les m\u00eames responsabilit\u00e9s et soumis aux m\u00eames r\u00e8gles.<\/li>\n<\/ul>\n\n\n\n<p>La qualit\u00e9 de membre actif de l\u2019association ne peut \u00eatre obtenue qu\u2019apr\u00e8s approbation par le bureau lors de la r\u00e9union suivant la demande, elle n\u2019influe pas sur les droits en tant que membre adh\u00e9rent.<\/p>\n\n\n\n<p>Les motifs de refus de la qualit\u00e9 de membre de l\u2019association peuvent notamment \u00eatre justifi\u00e9s par&nbsp;:<\/p>\n\n\n\n<ul class=\"wp-block-list\">\n<li>Le comportement ant\u00e9rieur, au sens large, du demandeur lors des activit\u00e9s de l\u2019association<\/li>\n\n\n\n<li>La taille du demandeur, si celui-ci est une personnalit\u00e9 morale, vis-\u00e0-vis de la taille et de la capacit\u00e9 d\u2019accueil de l\u2019association<\/li>\n\n\n\n<li>L\u2019atteinte par le demandeur au principe de neutralit\u00e9 de l\u2019association<\/li>\n\n\n\n<li>Pour une personne morale \u00e0 but lucratif, le fait, a priori, d\u2019utiliser les ressources ou services de l\u2019association \u00e0 des fins de commerce de ces m\u00eames services et ressources de fa\u00e7on concurrentielle.<\/li>\n<\/ul>\n\n\n\n<p><strong>ARTICLE 5 \u2013 STOCKAGE DE MAT\u00c9RIEL ET DE PROJETS<\/strong><\/p>\n\n\n\n<p>Chaque membre a la possibilit\u00e9, apr\u00e8s demande \u00e0 un l\u2019un des permanents, d\u2019entreposer du mat\u00e9riel li\u00e9 au(x) projet(s) qu\u2019il m\u00e8ne au FabLab. Les membres actifs se r\u00e9servent le droit de refuser le stockage de mat\u00e9riel. Chaque mat\u00e9riel stock\u00e9 doit obligatoirement \u00eatre \u00e9tiquet\u00e9 avec le nom du projet, le nom du propri\u00e9taire et la date de derni\u00e8re modification.<\/p>\n\n\n\n<p>En cas de non respect d\u2019une de ces r\u00e8gles ou dans le cas d\u2019un projet dont la date de modification est ant\u00e9rieure \u00e0 6 mois, le mat\u00e9riel entrepos\u00e9 devient propri\u00e9t\u00e9 du FabLab.<\/p>\n\n\n\n<p><strong>ARTICLE 6 \u2013 D\u00c9GRADATION ET CASSE DE MAT\u00c9RIEL<\/strong><\/p>\n\n\n\n<p>En cas de d\u00e9gradation importante ou de casse de mat\u00e9riel, le bureau peut d\u00e9cider de faire appel \u00e0 la responsabilit\u00e9 civile de la personne auteur de la d\u00e9gradation. Si l\u2019auteur assure sa responsabilit\u00e9 civile, c&rsquo;est alors l&rsquo;assurance qui se substitue, dans le cadre de son contrat, au responsable.<\/p>\n\n\n\n<p>Pour toute d\u00e9gradation ou casse de mat\u00e9riel, l\u2019auteur doit en avertir les membres responsables de la permanence.<\/p>\n\n\n\n<p><strong>ARTICLE 7 \u2013 R\u00c8GLES DE S\u00c9CURIT\u00c9<\/strong><\/p>\n\n\n\n<p>Le FabLab, par la pr\u00e9sence de certains outils, mat\u00e9riels et plus largement par les activit\u00e9s que l\u2019on peut y mener, pr\u00e9sente un certain nombre de danger.<\/p>\n\n\n\n<p>A ce titre, chacun doit respecter certaines r\u00e8gles&nbsp;:<\/p>\n\n\n\n<ul class=\"wp-block-list\">\n<li>Ne pas mettre de personnes en danger (y compris soi-m\u00eame) par des comportements ou un usage du mat\u00e9riel inadapt\u00e9s.<\/li>\n\n\n\n<li>Respecter les consignes de s\u00e9curit\u00e9 pr\u00e9sentes par voie d\u2019affichage, sur le site internet de l\u2019association, dispens\u00e9es lors de formations et\/ou exprim\u00e9es par les membres responsables de la permanence.<\/li>\n\n\n\n<li>Ne pas utiliser de mat\u00e9riel si l\u2019on ne conna\u00eet pas correctement son utilisation et les consignes de s\u00e9curit\u00e9 qui y sont associ\u00e9es.<\/li>\n\n\n\n<li>Alerter les membres responsables de la permanence en cas d\u2019accident ou de blessure.<\/li>\n\n\n\n<li>Alerter la personne concern\u00e9e et les membres responsables de la permanence dans le cas d\u2019un comportement ou d\u2019un usage dangereux.<\/li>\n\n\n\n<li>Ne pas r\u00e9aliser ou apporter de mat\u00e9riel pouvant mettre en danger les personnes dans le FabLab (armes, produits potentiellement explosifs ou extr\u00eamement inflammable\u2026).<\/li>\n<\/ul>\n\n\n\n<p><strong>ARTICLE 8 &#8211; ACC\u00c8S AU LOCAL DE L\u2019ASSOCIATION<\/strong><\/p>\n\n\n\n<p>La possibilit\u00e9 d\u2019ouvrir le local de l\u2019association est r\u00e9serv\u00e9e aux membres actifs et membres \u00e9m\u00e9rites d\u00e9finis dans l\u2019article 5. Toute ouverture par une personne physique non incluse dans les membres cit\u00e9s pr\u00e9c\u00e9demment peut entra\u00eener la nullit\u00e9 de la qualit\u00e9 d&rsquo;adh\u00e9rent si elle a lieu ou peut constituer un motif de refus futur d\u2019adh\u00e9sion. Toute ouverture par une personne morale ext\u00e9rieure est un motif d\u2019annulation d\u2019un partenariat s\u2019il en existe un avec Fabric\u2019INSA ou peut constituer un motif futur de refus de mise en place d\u2019un partenariat.<\/p>\n\n\n\n<p>Le local de l\u2019association est pourvu d\u2019un syst\u00e8me d\u2019acc\u00e8s s\u00e9curis\u00e9. Ce syst\u00e8me d\u2019acc\u00e8s peut prendre la forme d\u2019une cl\u00e9 ou d\u2019un lecteur de cartes. Le pr\u00e9sident conserve un jeu d\u2019acc\u00e8s (cl\u00e9 ou badge) et un second est situ\u00e9 \u00e0 la loge de l\u2019INSA pour permettre aux autres membres actifs d\u2019acc\u00e9der au local de l\u2019association. Un troisi\u00e8me jeu du syst\u00e8me d\u2019acc\u00e8s est attribu\u00e9 alternativement aux autres membres actifs. Le membre en possession de ce troisi\u00e8me jeu est responsable du bon avancement des commandes d\u2019impression 3D. Ce jeu d\u2019acc\u00e8s lui permet de passer de mani\u00e8re plus fr\u00e9quente au local. Il est pr\u00e9vu un roulement tous les quinze jours du membre actif en possession de ce troisi\u00e8me jeu d\u2019acc\u00e8s. Un membre ne peut conserver plus d&rsquo;un mois ce troisi\u00e8me jeu d\u2019acc\u00e8s.<\/p>\n\n\n\n<p>En cas de manquement \u00e0 ces r\u00e8gles, le membre responsable de la permanence peut exclure du local de fa\u00e7on imm\u00e9diate et indiscutable la ou les personnes mises en causes. Une radiation de l\u2019association par le bureau en cas de manquement grave aux r\u00e8gles de s\u00e9curit\u00e9 est possible.<\/p>\n\n\n\n<p><strong>ANNEXE 1\u00a0\u2013 CHARTE FABLAB<\/strong><\/p>\n\n\n\n<p><strong>Mission<\/strong>&nbsp;: les FabLabs sont un r\u00e9seau mondial de laboratoires locaux, qui rendent possible l&rsquo;invention en ouvrant aux individus l&rsquo;acc\u00e8s \u00e0 des outils de fabrication num\u00e9rique.<\/p>\n\n\n\n<p><strong>Acc\u00e8s<\/strong>&nbsp;: vous pouvez utiliser le FabLab pour fabriquer \u00e0 peu pr\u00e8s n&rsquo;importe quoi (d\u00e8s lors que cela ne nuit \u00e0 personne) ; vous devez apprendre \u00e0 le fabriquer vous-m\u00eame, et vous devez partager l&rsquo;usage du FabLab avec d&rsquo;autres usages et utilisateurs.<\/p>\n\n\n\n<p><strong>\u00c9ducation&nbsp;<\/strong>: la formation dans le FabLab s&rsquo;appuie sur des projets et l&rsquo;apprentissage par les pairs ; vous devez prendre part \u00e0 la capitalisation des connaissances et \u00e0 l&rsquo;instruction des autres utilisateurs.<\/p>\n\n\n\n<p><strong>Responsabilit\u00e9<\/strong>&nbsp;: vous \u00eates responsable de :<\/p>\n\n\n\n<p>&#8211; La s\u00e9curit\u00e9 : Savoir travailler sans ab\u00eemer les machines et sans mettre en danger les autres utilisateurs ;&nbsp;<\/p>\n\n\n\n<p>&#8211; La propret\u00e9 : Laisser le FabLab plus propre que vous ne l&rsquo;avez trouv\u00e9 ;<\/p>\n\n\n\n<p>&#8211; La continuit\u00e9 : Assurer la maintenance, les r\u00e9parations, la quantit\u00e9 de stock des mat\u00e9riaux, et reporter les incidents ;<\/p>\n\n\n\n<p><strong>Secret<\/strong>&nbsp;: les concepts et les processus d\u00e9velopp\u00e9s dans les FabLabs doivent demeurer utilisables \u00e0 titre individuel. En revanche, vous pouvez utiliser la protection intellectuelle que vous souhaitez.<\/p>\n\n\n\n<p><strong>Business<\/strong>&nbsp;: des activit\u00e9s commerciales peuvent \u00eatre incub\u00e9es dans les FabLabs, mais elles ne doivent pas faire obstacle \u00e0 l&rsquo;acc\u00e8s ouvert. Elles doivent se d\u00e9velopper au-del\u00e0 du FabLab plut\u00f4t qu&rsquo;en son sein et b\u00e9n\u00e9ficier \u00e0 leur tour aux inventeurs, aux FabLabs et aux r\u00e9seaux qui ont contribu\u00e9 \u00e0 leur succ\u00e8s.<\/p>\n\n\n\n<p><strong>ANNEXE 2&nbsp;\u2013 MONTANTS DES COTISATIONS<\/strong><\/p>\n\n\n\n<p>A compter du 6 juin 2018, les montants des cotisations applicables sont les suivants&nbsp;:<\/p>\n\n\n\n<figure class=\"wp-block-table\"><table  class=\" table table-hover\" ><tbody><tr><td><strong>Nature<\/strong><\/td><td><strong>Tarif annuel<\/strong><\/td><td><strong>Tarif semi-annuel<\/strong><\/td><\/tr><tr><td>Personne physique&nbsp;: hors&nbsp;\u00e9tudiant ou apprenti<\/td><td>25 \u20ac<\/td><td>15 \u20ac<\/td><\/tr><tr><td>Personne physique&nbsp;: 1 an \u00e9tudiant ou apprenti<\/td><td>20 \u20ac<\/td><td>10 \u20ac<\/td><\/tr><tr><td>Personne morale&nbsp;: association ou club de l\u2019amicale INSAT \u00e0 but non lucratif<sup>1<\/sup><\/td><td>40 \u20ac<\/td><td>&#8211;<\/td><\/tr><tr><td>Personne morale&nbsp;: autre (start up\u2026)<sup>1<\/sup><\/td><td>80 \u20ac<\/td><td>&#8211;<\/td><\/tr><\/tbody><\/table><\/figure>\n\n\n\n<p><sup>1\u00a0 <\/sup>: La personne repr\u00e9sentante de la personnalit\u00e9 morale doit fournir lors de sa demande d\u2019admission une liste d\u2019un maximum de 5 personnes ayant le droit de manipuler au FabLab au nom de cette personnalit\u00e9. Les activit\u00e9s men\u00e9es \u00e0 ce titre doivent relever uniquement de l\u2019activit\u00e9 et des travaux de cette derni\u00e8re.<\/p>\n","protected":false},"excerpt":{"rendered":"<p>R\u00e8glement int\u00e9rieur de l\u2019association Fabric\u2019INSA vot\u00e9 et applicable \u00e0 partir du 28 janvier 2023. Dans le but d&rsquo;all\u00e9ger la lecture de ce texte, la seule forme masculine a parfois \u00e9t\u00e9 utilis\u00e9e, il est \u00e0 pr\u00e9ciser que, bien entendu, cette forme d\u00e9signe indistinctement les hommes et les femmes. ARTICLE PREMIER \u2013 R\u00d4LE DU R\u00c8GLEMENT INT\u00c9RIEUR Ce [&hellip;]<\/p>\n","protected":false},"author":2,"featured_media":0,"parent":142,"menu_order":0,"comment_status":"closed","ping_status":"closed","template":"","meta":{"footnotes":""},"class_list":["post-153","page","type-page","status-publish","hentry"],"yoast_head":"<!-- This site is optimized with the Yoast SEO plugin v26.4 - https:\/\/yoast.com\/wordpress\/plugins\/seo\/ -->\n<title>R\u00e8glement Int\u00e9rieur - Fabric&#039;INSA<\/title>\n<meta name=\"robots\" content=\"index, follow, max-snippet:-1, max-image-preview:large, max-video-preview:-1\" \/>\n<link rel=\"canonical\" href=\"https:\/\/fabric-insa.fr\/site\/a-propos\/reglement-interieur\/\" \/>\n<meta property=\"og:locale\" content=\"fr_FR\" \/>\n<meta property=\"og:type\" content=\"article\" \/>\n<meta property=\"og:title\" content=\"R\u00e8glement Int\u00e9rieur - Fabric&#039;INSA\" \/>\n<meta property=\"og:description\" content=\"R\u00e8glement int\u00e9rieur de l\u2019association Fabric\u2019INSA vot\u00e9 et applicable \u00e0 partir du 28 janvier 2023. Dans le but d&rsquo;all\u00e9ger la lecture de ce texte, la seule forme masculine a parfois \u00e9t\u00e9 utilis\u00e9e, il est \u00e0 pr\u00e9ciser que, bien entendu, cette forme d\u00e9signe indistinctement les hommes et les femmes. ARTICLE PREMIER \u2013 R\u00d4LE DU R\u00c8GLEMENT INT\u00c9RIEUR Ce [&hellip;]\" \/>\n<meta property=\"og:url\" content=\"https:\/\/fabric-insa.fr\/site\/a-propos\/reglement-interieur\/\" \/>\n<meta property=\"og:site_name\" content=\"Fabric&#039;INSA\" \/>\n<meta property=\"article:publisher\" content=\"https:\/\/facebook.com\/fabric.insa\" \/>\n<meta property=\"article:modified_time\" content=\"2023-01-29T15:57:31+00:00\" \/>\n<meta property=\"og:image\" content=\"https:\/\/fabric-insa.fr\/site\/wp-content\/uploads\/2021\/01\/cropped-LogoFabricINSA_small.png\" \/>\n\t<meta property=\"og:image:width\" content=\"512\" \/>\n\t<meta property=\"og:image:height\" content=\"512\" \/>\n\t<meta property=\"og:image:type\" content=\"image\/png\" \/>\n<meta name=\"twitter:card\" content=\"summary_large_image\" \/>\n<meta name=\"twitter:site\" content=\"@fabricinsa\" \/>\n<meta name=\"twitter:label1\" content=\"Dur\u00e9e de lecture estim\u00e9e\" \/>\n\t<meta name=\"twitter:data1\" content=\"7 minutes\" \/>\n<script type=\"application\/ld+json\" class=\"yoast-schema-graph\">{\"@context\":\"https:\/\/schema.org\",\"@graph\":[{\"@type\":\"WebPage\",\"@id\":\"https:\/\/fabric-insa.fr\/site\/a-propos\/reglement-interieur\/\",\"url\":\"https:\/\/fabric-insa.fr\/site\/a-propos\/reglement-interieur\/\",\"name\":\"R\u00e8glement Int\u00e9rieur - Fabric&#039;INSA\",\"isPartOf\":{\"@id\":\"https:\/\/fabric-insa.fr\/site\/#website\"},\"datePublished\":\"2021-01-11T15:01:51+00:00\",\"dateModified\":\"2023-01-29T15:57:31+00:00\",\"breadcrumb\":{\"@id\":\"https:\/\/fabric-insa.fr\/site\/a-propos\/reglement-interieur\/#breadcrumb\"},\"inLanguage\":\"fr-FR\",\"potentialAction\":[{\"@type\":\"ReadAction\",\"target\":[\"https:\/\/fabric-insa.fr\/site\/a-propos\/reglement-interieur\/\"]}]},{\"@type\":\"BreadcrumbList\",\"@id\":\"https:\/\/fabric-insa.fr\/site\/a-propos\/reglement-interieur\/#breadcrumb\",\"itemListElement\":[{\"@type\":\"ListItem\",\"position\":1,\"name\":\"Accueil\",\"item\":\"https:\/\/fabric-insa.fr\/site\/\"},{\"@type\":\"ListItem\",\"position\":2,\"name\":\"A Propos\",\"item\":\"https:\/\/fabric-insa.fr\/site\/a-propos\/\"},{\"@type\":\"ListItem\",\"position\":3,\"name\":\"R\u00e8glement Int\u00e9rieur\"}]},{\"@type\":\"WebSite\",\"@id\":\"https:\/\/fabric-insa.fr\/site\/#website\",\"url\":\"https:\/\/fabric-insa.fr\/site\/\",\"name\":\"Fabric'INSA\",\"description\":\"Le FabLab de l&#039;INSA Toulouse\",\"publisher\":{\"@id\":\"https:\/\/fabric-insa.fr\/site\/#organization\"},\"potentialAction\":[{\"@type\":\"SearchAction\",\"target\":{\"@type\":\"EntryPoint\",\"urlTemplate\":\"https:\/\/fabric-insa.fr\/site\/?s={search_term_string}\"},\"query-input\":{\"@type\":\"PropertyValueSpecification\",\"valueRequired\":true,\"valueName\":\"search_term_string\"}}],\"inLanguage\":\"fr-FR\"},{\"@type\":\"Organization\",\"@id\":\"https:\/\/fabric-insa.fr\/site\/#organization\",\"name\":\"Fabric'INSA\",\"url\":\"https:\/\/fabric-insa.fr\/site\/\",\"logo\":{\"@type\":\"ImageObject\",\"inLanguage\":\"fr-FR\",\"@id\":\"https:\/\/fabric-insa.fr\/site\/#\/schema\/logo\/image\/\",\"url\":\"http:\/\/fabric-insa.fr\/site\/wp-content\/uploads\/2021\/01\/LogoFabricINSA.png\",\"contentUrl\":\"http:\/\/fabric-insa.fr\/site\/wp-content\/uploads\/2021\/01\/LogoFabricINSA.png\",\"width\":595,\"height\":566,\"caption\":\"Fabric'INSA\"},\"image\":{\"@id\":\"https:\/\/fabric-insa.fr\/site\/#\/schema\/logo\/image\/\"},\"sameAs\":[\"https:\/\/facebook.com\/fabric.insa\",\"https:\/\/x.com\/fabricinsa\",\"https:\/\/www.instagram.com\/fabric_insa\",\"https:\/\/www.linkedin.com\/company\/fabric-insa\"]}]}<\/script>\n<!-- \/ Yoast SEO plugin. -->","yoast_head_json":{"title":"R\u00e8glement Int\u00e9rieur - Fabric&#039;INSA","robots":{"index":"index","follow":"follow","max-snippet":"max-snippet:-1","max-image-preview":"max-image-preview:large","max-video-preview":"max-video-preview:-1"},"canonical":"https:\/\/fabric-insa.fr\/site\/a-propos\/reglement-interieur\/","og_locale":"fr_FR","og_type":"article","og_title":"R\u00e8glement Int\u00e9rieur - Fabric&#039;INSA","og_description":"R\u00e8glement int\u00e9rieur de l\u2019association Fabric\u2019INSA vot\u00e9 et applicable \u00e0 partir du 28 janvier 2023. Dans le but d&rsquo;all\u00e9ger la lecture de ce texte, la seule forme masculine a parfois \u00e9t\u00e9 utilis\u00e9e, il est \u00e0 pr\u00e9ciser que, bien entendu, cette forme d\u00e9signe indistinctement les hommes et les femmes. ARTICLE PREMIER \u2013 R\u00d4LE DU R\u00c8GLEMENT INT\u00c9RIEUR Ce [&hellip;]","og_url":"https:\/\/fabric-insa.fr\/site\/a-propos\/reglement-interieur\/","og_site_name":"Fabric&#039;INSA","article_publisher":"https:\/\/facebook.com\/fabric.insa","article_modified_time":"2023-01-29T15:57:31+00:00","og_image":[{"width":512,"height":512,"url":"https:\/\/fabric-insa.fr\/site\/wp-content\/uploads\/2021\/01\/cropped-LogoFabricINSA_small.png","type":"image\/png"}],"twitter_card":"summary_large_image","twitter_site":"@fabricinsa","twitter_misc":{"Dur\u00e9e de lecture estim\u00e9e":"7 minutes"},"schema":{"@context":"https:\/\/schema.org","@graph":[{"@type":"WebPage","@id":"https:\/\/fabric-insa.fr\/site\/a-propos\/reglement-interieur\/","url":"https:\/\/fabric-insa.fr\/site\/a-propos\/reglement-interieur\/","name":"R\u00e8glement Int\u00e9rieur - Fabric&#039;INSA","isPartOf":{"@id":"https:\/\/fabric-insa.fr\/site\/#website"},"datePublished":"2021-01-11T15:01:51+00:00","dateModified":"2023-01-29T15:57:31+00:00","breadcrumb":{"@id":"https:\/\/fabric-insa.fr\/site\/a-propos\/reglement-interieur\/#breadcrumb"},"inLanguage":"fr-FR","potentialAction":[{"@type":"ReadAction","target":["https:\/\/fabric-insa.fr\/site\/a-propos\/reglement-interieur\/"]}]},{"@type":"BreadcrumbList","@id":"https:\/\/fabric-insa.fr\/site\/a-propos\/reglement-interieur\/#breadcrumb","itemListElement":[{"@type":"ListItem","position":1,"name":"Accueil","item":"https:\/\/fabric-insa.fr\/site\/"},{"@type":"ListItem","position":2,"name":"A Propos","item":"https:\/\/fabric-insa.fr\/site\/a-propos\/"},{"@type":"ListItem","position":3,"name":"R\u00e8glement Int\u00e9rieur"}]},{"@type":"WebSite","@id":"https:\/\/fabric-insa.fr\/site\/#website","url":"https:\/\/fabric-insa.fr\/site\/","name":"Fabric'INSA","description":"Le FabLab de l&#039;INSA Toulouse","publisher":{"@id":"https:\/\/fabric-insa.fr\/site\/#organization"},"potentialAction":[{"@type":"SearchAction","target":{"@type":"EntryPoint","urlTemplate":"https:\/\/fabric-insa.fr\/site\/?s={search_term_string}"},"query-input":{"@type":"PropertyValueSpecification","valueRequired":true,"valueName":"search_term_string"}}],"inLanguage":"fr-FR"},{"@type":"Organization","@id":"https:\/\/fabric-insa.fr\/site\/#organization","name":"Fabric'INSA","url":"https:\/\/fabric-insa.fr\/site\/","logo":{"@type":"ImageObject","inLanguage":"fr-FR","@id":"https:\/\/fabric-insa.fr\/site\/#\/schema\/logo\/image\/","url":"http:\/\/fabric-insa.fr\/site\/wp-content\/uploads\/2021\/01\/LogoFabricINSA.png","contentUrl":"http:\/\/fabric-insa.fr\/site\/wp-content\/uploads\/2021\/01\/LogoFabricINSA.png","width":595,"height":566,"caption":"Fabric'INSA"},"image":{"@id":"https:\/\/fabric-insa.fr\/site\/#\/schema\/logo\/image\/"},"sameAs":["https:\/\/facebook.com\/fabric.insa","https:\/\/x.com\/fabricinsa","https:\/\/www.instagram.com\/fabric_insa","https:\/\/www.linkedin.com\/company\/fabric-insa"]}]}},"_links":{"self":[{"href":"https:\/\/fabric-insa.fr\/site\/wp-json\/wp\/v2\/pages\/153","targetHints":{"allow":["GET"]}}],"collection":[{"href":"https:\/\/fabric-insa.fr\/site\/wp-json\/wp\/v2\/pages"}],"about":[{"href":"https:\/\/fabric-insa.fr\/site\/wp-json\/wp\/v2\/types\/page"}],"author":[{"embeddable":true,"href":"https:\/\/fabric-insa.fr\/site\/wp-json\/wp\/v2\/users\/2"}],"replies":[{"embeddable":true,"href":"https:\/\/fabric-insa.fr\/site\/wp-json\/wp\/v2\/comments?post=153"}],"version-history":[{"count":3,"href":"https:\/\/fabric-insa.fr\/site\/wp-json\/wp\/v2\/pages\/153\/revisions"}],"predecessor-version":[{"id":628,"href":"https:\/\/fabric-insa.fr\/site\/wp-json\/wp\/v2\/pages\/153\/revisions\/628"}],"up":[{"embeddable":true,"href":"https:\/\/fabric-insa.fr\/site\/wp-json\/wp\/v2\/pages\/142"}],"wp:attachment":[{"href":"https:\/\/fabric-insa.fr\/site\/wp-json\/wp\/v2\/media?parent=153"}],"curies":[{"name":"wp","href":"https:\/\/api.w.org\/{rel}","templated":true}]}}