{"id":150,"date":"2021-01-11T15:51:52","date_gmt":"2021-01-11T14:51:52","guid":{"rendered":"http:\/\/fabric-insa.fr\/site\/?page_id=150"},"modified":"2025-06-17T22:55:49","modified_gmt":"2025-06-17T20:55:49","slug":"lassociation","status":"publish","type":"page","link":"https:\/\/fabric-insa.fr\/site\/a-propos\/lassociation\/","title":{"rendered":"L\u2019association"},"content":{"rendered":"\n<p>Fabric\u2019INSA est une association \u00e0 but non lucratif qui\u00a0g\u00e8re\u00a0le fonctionnement de l\u2019atelier FabLab mis en place \u00e0 l\u2019<a href=\"https:\/\/www.insa-toulouse.fr\/\">Institut National des Sciences Appliqu\u00e9es<\/a> (INSA) Toulouse.<\/p>\n\n\n\n<p>Cr\u00e9\u00e9 en 2014 par des \u00e9tudiants et situ\u00e9 au c\u0153ur du campus de l&rsquo;\u00e9cole d&rsquo;ing\u00e9nieurs, Fabric&rsquo;INSA est un espace d&rsquo;innovation et de cr\u00e9ativit\u00e9 ouvert au public depuis 2015. Soutenu par l&rsquo;\u00e9tablissement et la Fondation INSA Toulouse, notre FabLab s&rsquo;\u00e9tend sur 120m\u00b2, avec des zones d\u00e9di\u00e9es au prototypage, au co-working et \u00e0 la r\u00e9alisation de projets m\u00e9caniques et \u00e9lectroniques.<\/p>\n\n\n\n<h3 class=\"wp-block-heading\">Si\u00e8ge social :&nbsp;<\/h3>\n\n\n\n<p>INSA Toulouse<br>135, avenue de Rangueil<br>31077 Toulouse Cedex 4<\/p>\n\n\n\n<h3 class=\"wp-block-heading\">Membres du bureau :<\/h3>\n\n\n\n<figure class=\"wp-block-table\"><table  class=\" table table-hover\" ><tbody><tr><td>Pr\u00e9sident<\/td><td>Valentin CZUBEK<\/td><\/tr><tr><td>Vice-pr\u00e9sident(s)<\/td><td>Fr\u00e9d\u00e9ric de GOURNAY<br>GUILHEM CHAMBAUD<\/td><\/tr><tr><td>Tr\u00e9sorier<\/td><td>Guillaume SARTHOU<\/td><\/tr><tr><td>Tr\u00e9sorier Adjoint<\/td><td>&#8211;<\/td><\/tr><tr><td>Secr\u00e9taire<\/td><td>Jean-Louis NOULLET<\/td><\/tr><tr><td>Secr\u00e9taire Adjoint<\/td><td>Matthieu Tavernier<\/td><\/tr><\/tbody><\/table><\/figure>\n","protected":false},"excerpt":{"rendered":"<p>Fabric\u2019INSA est une association \u00e0 but non lucratif qui\u00a0g\u00e8re\u00a0le fonctionnement de l\u2019atelier FabLab mis en place \u00e0 l\u2019Institut National des Sciences Appliqu\u00e9es (INSA) Toulouse. Cr\u00e9\u00e9 en 2014 par des \u00e9tudiants et situ\u00e9 au c\u0153ur du campus de l&rsquo;\u00e9cole d&rsquo;ing\u00e9nieurs, Fabric&rsquo;INSA est un espace d&rsquo;innovation et de cr\u00e9ativit\u00e9 ouvert au public depuis 2015. Soutenu par l&rsquo;\u00e9tablissement [&hellip;]<\/p>\n","protected":false},"author":2,"featured_media":0,"parent":142,"menu_order":0,"comment_status":"closed","ping_status":"closed","template":"","meta":{"footnotes":""},"class_list":["post-150","page","type-page","status-publish","hentry"],"yoast_head":"<!-- This site is optimized with the Yoast SEO plugin v26.4 - https:\/\/yoast.com\/wordpress\/plugins\/seo\/ -->\n<title>L\u2019association - Fabric&#039;INSA<\/title>\n<meta name=\"description\" content=\"Fabric&#039;INSA est une association \u00e0 but non lucratif qui g\u00e8re le fonctionnement de l&#039;atelier FabLab mis en place \u00e0 l&#039;INSA Toulouse.\" \/>\n<meta name=\"robots\" content=\"index, follow, max-snippet:-1, max-image-preview:large, max-video-preview:-1\" \/>\n<link rel=\"canonical\" href=\"https:\/\/fabric-insa.fr\/site\/a-propos\/lassociation\/\" \/>\n<meta property=\"og:locale\" content=\"fr_FR\" \/>\n<meta property=\"og:type\" content=\"article\" \/>\n<meta property=\"og:title\" content=\"L\u2019association - Fabric&#039;INSA\" \/>\n<meta property=\"og:description\" content=\"Fabric&#039;INSA est une association \u00e0 but non lucratif qui g\u00e8re le fonctionnement de l&#039;atelier FabLab mis en place \u00e0 l&#039;INSA Toulouse.\" \/>\n<meta property=\"og:url\" content=\"https:\/\/fabric-insa.fr\/site\/a-propos\/lassociation\/\" \/>\n<meta property=\"og:site_name\" content=\"Fabric&#039;INSA\" \/>\n<meta property=\"article:publisher\" content=\"https:\/\/facebook.com\/fabric.insa\" \/>\n<meta property=\"article:modified_time\" content=\"2025-06-17T20:55:49+00:00\" \/>\n<meta property=\"og:image\" content=\"https:\/\/fabric-insa.fr\/site\/wp-content\/uploads\/2021\/01\/cropped-LogoFabricINSA_small.png\" \/>\n\t<meta property=\"og:image:width\" content=\"512\" \/>\n\t<meta property=\"og:image:height\" content=\"512\" \/>\n\t<meta property=\"og:image:type\" content=\"image\/png\" \/>\n<meta name=\"twitter:card\" content=\"summary_large_image\" \/>\n<meta name=\"twitter:site\" content=\"@fabricinsa\" \/>\n<meta name=\"twitter:label1\" content=\"Dur\u00e9e de lecture estim\u00e9e\" \/>\n\t<meta name=\"twitter:data1\" content=\"1 minute\" \/>\n<script type=\"application\/ld+json\" class=\"yoast-schema-graph\">{\"@context\":\"https:\/\/schema.org\",\"@graph\":[{\"@type\":\"WebPage\",\"@id\":\"https:\/\/fabric-insa.fr\/site\/a-propos\/lassociation\/\",\"url\":\"https:\/\/fabric-insa.fr\/site\/a-propos\/lassociation\/\",\"name\":\"L\u2019association - Fabric&#039;INSA\",\"isPartOf\":{\"@id\":\"https:\/\/fabric-insa.fr\/site\/#website\"},\"datePublished\":\"2021-01-11T14:51:52+00:00\",\"dateModified\":\"2025-06-17T20:55:49+00:00\",\"description\":\"Fabric'INSA est une association \u00e0 but non lucratif qui g\u00e8re le fonctionnement de l'atelier FabLab mis en place \u00e0 l'INSA Toulouse.\",\"breadcrumb\":{\"@id\":\"https:\/\/fabric-insa.fr\/site\/a-propos\/lassociation\/#breadcrumb\"},\"inLanguage\":\"fr-FR\",\"potentialAction\":[{\"@type\":\"ReadAction\",\"target\":[\"https:\/\/fabric-insa.fr\/site\/a-propos\/lassociation\/\"]}]},{\"@type\":\"BreadcrumbList\",\"@id\":\"https:\/\/fabric-insa.fr\/site\/a-propos\/lassociation\/#breadcrumb\",\"itemListElement\":[{\"@type\":\"ListItem\",\"position\":1,\"name\":\"Accueil\",\"item\":\"https:\/\/fabric-insa.fr\/site\/\"},{\"@type\":\"ListItem\",\"position\":2,\"name\":\"A Propos\",\"item\":\"https:\/\/fabric-insa.fr\/site\/a-propos\/\"},{\"@type\":\"ListItem\",\"position\":3,\"name\":\"L\u2019association\"}]},{\"@type\":\"WebSite\",\"@id\":\"https:\/\/fabric-insa.fr\/site\/#website\",\"url\":\"https:\/\/fabric-insa.fr\/site\/\",\"name\":\"Fabric'INSA\",\"description\":\"Le FabLab de l&#039;INSA Toulouse\",\"publisher\":{\"@id\":\"https:\/\/fabric-insa.fr\/site\/#organization\"},\"potentialAction\":[{\"@type\":\"SearchAction\",\"target\":{\"@type\":\"EntryPoint\",\"urlTemplate\":\"https:\/\/fabric-insa.fr\/site\/?s={search_term_string}\"},\"query-input\":{\"@type\":\"PropertyValueSpecification\",\"valueRequired\":true,\"valueName\":\"search_term_string\"}}],\"inLanguage\":\"fr-FR\"},{\"@type\":\"Organization\",\"@id\":\"https:\/\/fabric-insa.fr\/site\/#organization\",\"name\":\"Fabric'INSA\",\"url\":\"https:\/\/fabric-insa.fr\/site\/\",\"logo\":{\"@type\":\"ImageObject\",\"inLanguage\":\"fr-FR\",\"@id\":\"https:\/\/fabric-insa.fr\/site\/#\/schema\/logo\/image\/\",\"url\":\"http:\/\/fabric-insa.fr\/site\/wp-content\/uploads\/2021\/01\/LogoFabricINSA.png\",\"contentUrl\":\"http:\/\/fabric-insa.fr\/site\/wp-content\/uploads\/2021\/01\/LogoFabricINSA.png\",\"width\":595,\"height\":566,\"caption\":\"Fabric'INSA\"},\"image\":{\"@id\":\"https:\/\/fabric-insa.fr\/site\/#\/schema\/logo\/image\/\"},\"sameAs\":[\"https:\/\/facebook.com\/fabric.insa\",\"https:\/\/x.com\/fabricinsa\",\"https:\/\/www.instagram.com\/fabric_insa\",\"https:\/\/www.linkedin.com\/company\/fabric-insa\"]}]}<\/script>\n<!-- \/ Yoast SEO plugin. -->","yoast_head_json":{"title":"L\u2019association - Fabric&#039;INSA","description":"Fabric'INSA est une association \u00e0 but non lucratif qui g\u00e8re le fonctionnement de l'atelier FabLab mis en place \u00e0 l'INSA Toulouse.","robots":{"index":"index","follow":"follow","max-snippet":"max-snippet:-1","max-image-preview":"max-image-preview:large","max-video-preview":"max-video-preview:-1"},"canonical":"https:\/\/fabric-insa.fr\/site\/a-propos\/lassociation\/","og_locale":"fr_FR","og_type":"article","og_title":"L\u2019association - Fabric&#039;INSA","og_description":"Fabric'INSA est une association \u00e0 but non lucratif qui g\u00e8re le fonctionnement de l'atelier FabLab mis en place \u00e0 l'INSA Toulouse.","og_url":"https:\/\/fabric-insa.fr\/site\/a-propos\/lassociation\/","og_site_name":"Fabric&#039;INSA","article_publisher":"https:\/\/facebook.com\/fabric.insa","article_modified_time":"2025-06-17T20:55:49+00:00","og_image":[{"width":512,"height":512,"url":"https:\/\/fabric-insa.fr\/site\/wp-content\/uploads\/2021\/01\/cropped-LogoFabricINSA_small.png","type":"image\/png"}],"twitter_card":"summary_large_image","twitter_site":"@fabricinsa","twitter_misc":{"Dur\u00e9e de lecture estim\u00e9e":"1 minute"},"schema":{"@context":"https:\/\/schema.org","@graph":[{"@type":"WebPage","@id":"https:\/\/fabric-insa.fr\/site\/a-propos\/lassociation\/","url":"https:\/\/fabric-insa.fr\/site\/a-propos\/lassociation\/","name":"L\u2019association - Fabric&#039;INSA","isPartOf":{"@id":"https:\/\/fabric-insa.fr\/site\/#website"},"datePublished":"2021-01-11T14:51:52+00:00","dateModified":"2025-06-17T20:55:49+00:00","description":"Fabric'INSA est une association \u00e0 but non lucratif qui g\u00e8re le fonctionnement de l'atelier FabLab mis en place \u00e0 l'INSA Toulouse.","breadcrumb":{"@id":"https:\/\/fabric-insa.fr\/site\/a-propos\/lassociation\/#breadcrumb"},"inLanguage":"fr-FR","potentialAction":[{"@type":"ReadAction","target":["https:\/\/fabric-insa.fr\/site\/a-propos\/lassociation\/"]}]},{"@type":"BreadcrumbList","@id":"https:\/\/fabric-insa.fr\/site\/a-propos\/lassociation\/#breadcrumb","itemListElement":[{"@type":"ListItem","position":1,"name":"Accueil","item":"https:\/\/fabric-insa.fr\/site\/"},{"@type":"ListItem","position":2,"name":"A Propos","item":"https:\/\/fabric-insa.fr\/site\/a-propos\/"},{"@type":"ListItem","position":3,"name":"L\u2019association"}]},{"@type":"WebSite","@id":"https:\/\/fabric-insa.fr\/site\/#website","url":"https:\/\/fabric-insa.fr\/site\/","name":"Fabric'INSA","description":"Le FabLab de l&#039;INSA Toulouse","publisher":{"@id":"https:\/\/fabric-insa.fr\/site\/#organization"},"potentialAction":[{"@type":"SearchAction","target":{"@type":"EntryPoint","urlTemplate":"https:\/\/fabric-insa.fr\/site\/?s={search_term_string}"},"query-input":{"@type":"PropertyValueSpecification","valueRequired":true,"valueName":"search_term_string"}}],"inLanguage":"fr-FR"},{"@type":"Organization","@id":"https:\/\/fabric-insa.fr\/site\/#organization","name":"Fabric'INSA","url":"https:\/\/fabric-insa.fr\/site\/","logo":{"@type":"ImageObject","inLanguage":"fr-FR","@id":"https:\/\/fabric-insa.fr\/site\/#\/schema\/logo\/image\/","url":"http:\/\/fabric-insa.fr\/site\/wp-content\/uploads\/2021\/01\/LogoFabricINSA.png","contentUrl":"http:\/\/fabric-insa.fr\/site\/wp-content\/uploads\/2021\/01\/LogoFabricINSA.png","width":595,"height":566,"caption":"Fabric'INSA"},"image":{"@id":"https:\/\/fabric-insa.fr\/site\/#\/schema\/logo\/image\/"},"sameAs":["https:\/\/facebook.com\/fabric.insa","https:\/\/x.com\/fabricinsa","https:\/\/www.instagram.com\/fabric_insa","https:\/\/www.linkedin.com\/company\/fabric-insa"]}]}},"_links":{"self":[{"href":"https:\/\/fabric-insa.fr\/site\/wp-json\/wp\/v2\/pages\/150","targetHints":{"allow":["GET"]}}],"collection":[{"href":"https:\/\/fabric-insa.fr\/site\/wp-json\/wp\/v2\/pages"}],"about":[{"href":"https:\/\/fabric-insa.fr\/site\/wp-json\/wp\/v2\/types\/page"}],"author":[{"embeddable":true,"href":"https:\/\/fabric-insa.fr\/site\/wp-json\/wp\/v2\/users\/2"}],"replies":[{"embeddable":true,"href":"https:\/\/fabric-insa.fr\/site\/wp-json\/wp\/v2\/comments?post=150"}],"version-history":[{"count":4,"href":"https:\/\/fabric-insa.fr\/site\/wp-json\/wp\/v2\/pages\/150\/revisions"}],"predecessor-version":[{"id":749,"href":"https:\/\/fabric-insa.fr\/site\/wp-json\/wp\/v2\/pages\/150\/revisions\/749"}],"up":[{"embeddable":true,"href":"https:\/\/fabric-insa.fr\/site\/wp-json\/wp\/v2\/pages\/142"}],"wp:attachment":[{"href":"https:\/\/fabric-insa.fr\/site\/wp-json\/wp\/v2\/media?parent=150"}],"curies":[{"name":"wp","href":"https:\/\/api.w.org\/{rel}","templated":true}]}}