{"id":138,"date":"2021-01-11T15:20:28","date_gmt":"2021-01-11T14:20:28","guid":{"rendered":"http:\/\/fabric-insa.fr\/site\/?page_id=138"},"modified":"2025-06-17T22:46:25","modified_gmt":"2025-06-17T20:46:25","slug":"contact","status":"publish","type":"page","link":"https:\/\/fabric-insa.fr\/site\/a-propos\/contact\/","title":{"rendered":"Contact"},"content":{"rendered":"\n<p>Une question ? Pensez \u00e0 regarder dans notre FAQ avant <img decoding=\"async\" src=\"http:\/\/www.fabric-insa.fr\/wp-includes\/images\/smilies\/icon_wink.gif\" alt=\";)\"> <a href=\"https:\/\/www.fabric-insa.fr\/site\/faq\/\">https:\/\/www.fabric-insa.fr\/site\/faq\/<\/a><\/p>\n\n\n\n<p><strong>Adresse :<\/strong><\/p>\n\n\n\n<p>Association Fabric\u2019INSA<br>INSA Toulouse<br>135 avenue de Rangueil<br>31400 TOULOUSE<\/p>\n\n\n\n<p><strong>E-mail :<\/strong><\/p>\n\n\n\n<p>Pour nous contacter par e-mail, veuillez remplir le formulaire suivant : Les champs marqu\u00e9s par une<span class=\"has-inline-color has-vivid-red-color\"> *<\/span> sont obligatoires.<\/p>\n\n\n\n<div class=\"wp-block-contact-form-7-contact-form-selector\">\n<div class=\"wpcf7 no-js\" id=\"wpcf7-f137-o1\" lang=\"fr-FR\" dir=\"ltr\" data-wpcf7-id=\"137\">\n<div class=\"screen-reader-response\"><p role=\"status\" aria-live=\"polite\" aria-atomic=\"true\"><\/p> <ul><\/ul><\/div>\n<form action=\"\/site\/wp-json\/wp\/v2\/pages\/138#wpcf7-f137-o1\" method=\"post\" class=\"wpcf7-form init\" aria-label=\"Formulaire de contact\" novalidate=\"novalidate\" data-status=\"init\">\n<fieldset class=\"hidden-fields-container\"><input type=\"hidden\" name=\"_wpcf7\" value=\"137\" \/><input type=\"hidden\" name=\"_wpcf7_version\" value=\"6.1.5\" \/><input type=\"hidden\" name=\"_wpcf7_locale\" value=\"fr_FR\" \/><input type=\"hidden\" name=\"_wpcf7_unit_tag\" value=\"wpcf7-f137-o1\" \/><input type=\"hidden\" name=\"_wpcf7_container_post\" value=\"0\" \/><input type=\"hidden\" name=\"_wpcf7_posted_data_hash\" value=\"\" \/><input type=\"hidden\" name=\"_wpcf7_recaptcha_response\" value=\"\" \/>\n<\/fieldset>\n<p><label> Nom *<br \/>\n<span class=\"wpcf7-form-control-wrap\" data-name=\"your-name\"><input size=\"40\" maxlength=\"400\" class=\"wpcf7-form-control wpcf7-text wpcf7-validates-as-required\" aria-required=\"true\" aria-invalid=\"false\" value=\"\" type=\"text\" name=\"your-name\" \/><\/span> <\/label>\n<\/p>\n<p><label> E-mail *<br \/>\n<span class=\"wpcf7-form-control-wrap\" data-name=\"your-email\"><input size=\"40\" maxlength=\"400\" class=\"wpcf7-form-control wpcf7-email wpcf7-validates-as-required wpcf7-text wpcf7-validates-as-email\" aria-required=\"true\" aria-invalid=\"false\" value=\"\" type=\"email\" name=\"your-email\" \/><\/span> <\/label>\n<\/p>\n<p><label> Sujet *<br \/>\n<span class=\"wpcf7-form-control-wrap\" data-name=\"your-subject\"><input size=\"40\" maxlength=\"400\" class=\"wpcf7-form-control wpcf7-text wpcf7-validates-as-required\" aria-required=\"true\" aria-invalid=\"false\" value=\"\" type=\"text\" name=\"your-subject\" \/><\/span> <\/label>\n<\/p>\n<p><label> Message *<br \/>\n<span class=\"wpcf7-form-control-wrap\" data-name=\"your-message\"><textarea cols=\"40\" rows=\"10\" maxlength=\"2000\" class=\"wpcf7-form-control wpcf7-textarea wpcf7-validates-as-required\" aria-required=\"true\" aria-invalid=\"false\" name=\"your-message\"><\/textarea><\/span> <\/label>\n<\/p>\n<span class=\"wpcf7-form-control-wrap recaptcha\" data-name=\"recaptcha\"><span data-sitekey=\"6Lek1C4aAAAAAH9woOI1cFj9mRnYvC8ihQlV3J98\" data-align=\"left\" class=\"wpcf7-form-control wpcf7-recaptcha g-recaptcha\"><\/span>\r\n<noscript>\r\n\t<div class=\"grecaptcha-noscript\">\r\n\t\t<iframe loading=\"lazy\" src=\"https:\/\/www.google.com\/recaptcha\/api\/fallback?k=6Lek1C4aAAAAAH9woOI1cFj9mRnYvC8ihQlV3J98\" frameborder=\"0\" scrolling=\"no\" width=\"310\" height=\"430\">\r\n\t\t<\/iframe>\r\n\t\t<textarea name=\"g-recaptcha-response\" rows=\"3\" cols=\"40\" placeholder=\"reCaptcha Response Here\">\r\n\t\t<\/textarea>\r\n\t<\/div>\r\n<\/noscript>\r\n<\/span>\n<p><input class=\"wpcf7-form-control wpcf7-submit has-spinner\" type=\"submit\" value=\"Envoyer\" \/>\n<\/p><div class=\"wpcf7-response-output\" aria-hidden=\"true\"><\/div>\n<\/form>\n<\/div>\n<\/div>\n","protected":false},"excerpt":{"rendered":"<p>Une question ? Pensez \u00e0 regarder dans notre FAQ avant https:\/\/www.fabric-insa.fr\/site\/faq\/ Adresse : Association Fabric\u2019INSAINSA Toulouse135 avenue de Rangueil31400 TOULOUSE E-mail : Pour nous contacter par e-mail, veuillez remplir le formulaire suivant : Les champs marqu\u00e9s par une * sont obligatoires.<\/p>\n","protected":false},"author":2,"featured_media":0,"parent":142,"menu_order":0,"comment_status":"closed","ping_status":"closed","template":"","meta":{"footnotes":""},"class_list":["post-138","page","type-page","status-publish","hentry"],"yoast_head":"<!-- This site is optimized with the Yoast SEO plugin v26.4 - https:\/\/yoast.com\/wordpress\/plugins\/seo\/ -->\n<title>Contact - Fabric&#039;INSA<\/title>\n<meta name=\"description\" content=\"Formulaire de contact, l&#039;\u00e9quipe r\u00e9pondra au plus vite \u00e0 vos demandes.\" \/>\n<meta name=\"robots\" content=\"index, follow, max-snippet:-1, max-image-preview:large, max-video-preview:-1\" \/>\n<link rel=\"canonical\" href=\"https:\/\/fabric-insa.fr\/site\/a-propos\/contact\/\" \/>\n<meta property=\"og:locale\" content=\"fr_FR\" \/>\n<meta property=\"og:type\" content=\"article\" \/>\n<meta property=\"og:title\" content=\"Contact - Fabric&#039;INSA\" \/>\n<meta property=\"og:description\" content=\"Formulaire de contact, l&#039;\u00e9quipe r\u00e9pondra au plus vite \u00e0 vos demandes.\" \/>\n<meta property=\"og:url\" content=\"https:\/\/fabric-insa.fr\/site\/a-propos\/contact\/\" \/>\n<meta property=\"og:site_name\" content=\"Fabric&#039;INSA\" \/>\n<meta property=\"article:publisher\" content=\"https:\/\/facebook.com\/fabric.insa\" \/>\n<meta property=\"article:modified_time\" content=\"2025-06-17T20:46:25+00:00\" \/>\n<meta property=\"og:image\" content=\"http:\/\/www.fabric-insa.fr\/wp-includes\/images\/smilies\/icon_wink.gif\" \/>\n<meta name=\"twitter:card\" content=\"summary_large_image\" \/>\n<meta name=\"twitter:site\" content=\"@fabricinsa\" \/>\n<meta name=\"twitter:label1\" content=\"Dur\u00e9e de lecture estim\u00e9e\" \/>\n\t<meta name=\"twitter:data1\" content=\"1 minute\" \/>\n<script type=\"application\/ld+json\" class=\"yoast-schema-graph\">{\"@context\":\"https:\/\/schema.org\",\"@graph\":[{\"@type\":\"WebPage\",\"@id\":\"https:\/\/fabric-insa.fr\/site\/a-propos\/contact\/\",\"url\":\"https:\/\/fabric-insa.fr\/site\/a-propos\/contact\/\",\"name\":\"Contact - Fabric&#039;INSA\",\"isPartOf\":{\"@id\":\"https:\/\/fabric-insa.fr\/site\/#website\"},\"primaryImageOfPage\":{\"@id\":\"https:\/\/fabric-insa.fr\/site\/a-propos\/contact\/#primaryimage\"},\"image\":{\"@id\":\"https:\/\/fabric-insa.fr\/site\/a-propos\/contact\/#primaryimage\"},\"thumbnailUrl\":\"http:\/\/www.fabric-insa.fr\/wp-includes\/images\/smilies\/icon_wink.gif\",\"datePublished\":\"2021-01-11T14:20:28+00:00\",\"dateModified\":\"2025-06-17T20:46:25+00:00\",\"description\":\"Formulaire de contact, l'\u00e9quipe r\u00e9pondra au plus vite \u00e0 vos demandes.\",\"breadcrumb\":{\"@id\":\"https:\/\/fabric-insa.fr\/site\/a-propos\/contact\/#breadcrumb\"},\"inLanguage\":\"fr-FR\",\"potentialAction\":[{\"@type\":\"ReadAction\",\"target\":[\"https:\/\/fabric-insa.fr\/site\/a-propos\/contact\/\"]}]},{\"@type\":\"ImageObject\",\"inLanguage\":\"fr-FR\",\"@id\":\"https:\/\/fabric-insa.fr\/site\/a-propos\/contact\/#primaryimage\",\"url\":\"http:\/\/www.fabric-insa.fr\/wp-includes\/images\/smilies\/icon_wink.gif\",\"contentUrl\":\"http:\/\/www.fabric-insa.fr\/wp-includes\/images\/smilies\/icon_wink.gif\"},{\"@type\":\"BreadcrumbList\",\"@id\":\"https:\/\/fabric-insa.fr\/site\/a-propos\/contact\/#breadcrumb\",\"itemListElement\":[{\"@type\":\"ListItem\",\"position\":1,\"name\":\"Accueil\",\"item\":\"https:\/\/fabric-insa.fr\/site\/\"},{\"@type\":\"ListItem\",\"position\":2,\"name\":\"A Propos\",\"item\":\"https:\/\/fabric-insa.fr\/site\/a-propos\/\"},{\"@type\":\"ListItem\",\"position\":3,\"name\":\"Contact\"}]},{\"@type\":\"WebSite\",\"@id\":\"https:\/\/fabric-insa.fr\/site\/#website\",\"url\":\"https:\/\/fabric-insa.fr\/site\/\",\"name\":\"Fabric'INSA\",\"description\":\"Le FabLab de l&#039;INSA Toulouse\",\"publisher\":{\"@id\":\"https:\/\/fabric-insa.fr\/site\/#organization\"},\"potentialAction\":[{\"@type\":\"SearchAction\",\"target\":{\"@type\":\"EntryPoint\",\"urlTemplate\":\"https:\/\/fabric-insa.fr\/site\/?s={search_term_string}\"},\"query-input\":{\"@type\":\"PropertyValueSpecification\",\"valueRequired\":true,\"valueName\":\"search_term_string\"}}],\"inLanguage\":\"fr-FR\"},{\"@type\":\"Organization\",\"@id\":\"https:\/\/fabric-insa.fr\/site\/#organization\",\"name\":\"Fabric'INSA\",\"url\":\"https:\/\/fabric-insa.fr\/site\/\",\"logo\":{\"@type\":\"ImageObject\",\"inLanguage\":\"fr-FR\",\"@id\":\"https:\/\/fabric-insa.fr\/site\/#\/schema\/logo\/image\/\",\"url\":\"http:\/\/fabric-insa.fr\/site\/wp-content\/uploads\/2021\/01\/LogoFabricINSA.png\",\"contentUrl\":\"http:\/\/fabric-insa.fr\/site\/wp-content\/uploads\/2021\/01\/LogoFabricINSA.png\",\"width\":595,\"height\":566,\"caption\":\"Fabric'INSA\"},\"image\":{\"@id\":\"https:\/\/fabric-insa.fr\/site\/#\/schema\/logo\/image\/\"},\"sameAs\":[\"https:\/\/facebook.com\/fabric.insa\",\"https:\/\/x.com\/fabricinsa\",\"https:\/\/www.instagram.com\/fabric_insa\",\"https:\/\/www.linkedin.com\/company\/fabric-insa\"]}]}<\/script>\n<!-- \/ Yoast SEO plugin. -->","yoast_head_json":{"title":"Contact - Fabric&#039;INSA","description":"Formulaire de contact, l'\u00e9quipe r\u00e9pondra au plus vite \u00e0 vos demandes.","robots":{"index":"index","follow":"follow","max-snippet":"max-snippet:-1","max-image-preview":"max-image-preview:large","max-video-preview":"max-video-preview:-1"},"canonical":"https:\/\/fabric-insa.fr\/site\/a-propos\/contact\/","og_locale":"fr_FR","og_type":"article","og_title":"Contact - Fabric&#039;INSA","og_description":"Formulaire de contact, l'\u00e9quipe r\u00e9pondra au plus vite \u00e0 vos demandes.","og_url":"https:\/\/fabric-insa.fr\/site\/a-propos\/contact\/","og_site_name":"Fabric&#039;INSA","article_publisher":"https:\/\/facebook.com\/fabric.insa","article_modified_time":"2025-06-17T20:46:25+00:00","og_image":[{"url":"http:\/\/www.fabric-insa.fr\/wp-includes\/images\/smilies\/icon_wink.gif","type":"","width":"","height":""}],"twitter_card":"summary_large_image","twitter_site":"@fabricinsa","twitter_misc":{"Dur\u00e9e de lecture estim\u00e9e":"1 minute"},"schema":{"@context":"https:\/\/schema.org","@graph":[{"@type":"WebPage","@id":"https:\/\/fabric-insa.fr\/site\/a-propos\/contact\/","url":"https:\/\/fabric-insa.fr\/site\/a-propos\/contact\/","name":"Contact - Fabric&#039;INSA","isPartOf":{"@id":"https:\/\/fabric-insa.fr\/site\/#website"},"primaryImageOfPage":{"@id":"https:\/\/fabric-insa.fr\/site\/a-propos\/contact\/#primaryimage"},"image":{"@id":"https:\/\/fabric-insa.fr\/site\/a-propos\/contact\/#primaryimage"},"thumbnailUrl":"http:\/\/www.fabric-insa.fr\/wp-includes\/images\/smilies\/icon_wink.gif","datePublished":"2021-01-11T14:20:28+00:00","dateModified":"2025-06-17T20:46:25+00:00","description":"Formulaire de contact, l'\u00e9quipe r\u00e9pondra au plus vite \u00e0 vos demandes.","breadcrumb":{"@id":"https:\/\/fabric-insa.fr\/site\/a-propos\/contact\/#breadcrumb"},"inLanguage":"fr-FR","potentialAction":[{"@type":"ReadAction","target":["https:\/\/fabric-insa.fr\/site\/a-propos\/contact\/"]}]},{"@type":"ImageObject","inLanguage":"fr-FR","@id":"https:\/\/fabric-insa.fr\/site\/a-propos\/contact\/#primaryimage","url":"http:\/\/www.fabric-insa.fr\/wp-includes\/images\/smilies\/icon_wink.gif","contentUrl":"http:\/\/www.fabric-insa.fr\/wp-includes\/images\/smilies\/icon_wink.gif"},{"@type":"BreadcrumbList","@id":"https:\/\/fabric-insa.fr\/site\/a-propos\/contact\/#breadcrumb","itemListElement":[{"@type":"ListItem","position":1,"name":"Accueil","item":"https:\/\/fabric-insa.fr\/site\/"},{"@type":"ListItem","position":2,"name":"A Propos","item":"https:\/\/fabric-insa.fr\/site\/a-propos\/"},{"@type":"ListItem","position":3,"name":"Contact"}]},{"@type":"WebSite","@id":"https:\/\/fabric-insa.fr\/site\/#website","url":"https:\/\/fabric-insa.fr\/site\/","name":"Fabric'INSA","description":"Le FabLab de l&#039;INSA Toulouse","publisher":{"@id":"https:\/\/fabric-insa.fr\/site\/#organization"},"potentialAction":[{"@type":"SearchAction","target":{"@type":"EntryPoint","urlTemplate":"https:\/\/fabric-insa.fr\/site\/?s={search_term_string}"},"query-input":{"@type":"PropertyValueSpecification","valueRequired":true,"valueName":"search_term_string"}}],"inLanguage":"fr-FR"},{"@type":"Organization","@id":"https:\/\/fabric-insa.fr\/site\/#organization","name":"Fabric'INSA","url":"https:\/\/fabric-insa.fr\/site\/","logo":{"@type":"ImageObject","inLanguage":"fr-FR","@id":"https:\/\/fabric-insa.fr\/site\/#\/schema\/logo\/image\/","url":"http:\/\/fabric-insa.fr\/site\/wp-content\/uploads\/2021\/01\/LogoFabricINSA.png","contentUrl":"http:\/\/fabric-insa.fr\/site\/wp-content\/uploads\/2021\/01\/LogoFabricINSA.png","width":595,"height":566,"caption":"Fabric'INSA"},"image":{"@id":"https:\/\/fabric-insa.fr\/site\/#\/schema\/logo\/image\/"},"sameAs":["https:\/\/facebook.com\/fabric.insa","https:\/\/x.com\/fabricinsa","https:\/\/www.instagram.com\/fabric_insa","https:\/\/www.linkedin.com\/company\/fabric-insa"]}]}},"_links":{"self":[{"href":"https:\/\/fabric-insa.fr\/site\/wp-json\/wp\/v2\/pages\/138","targetHints":{"allow":["GET"]}}],"collection":[{"href":"https:\/\/fabric-insa.fr\/site\/wp-json\/wp\/v2\/pages"}],"about":[{"href":"https:\/\/fabric-insa.fr\/site\/wp-json\/wp\/v2\/types\/page"}],"author":[{"embeddable":true,"href":"https:\/\/fabric-insa.fr\/site\/wp-json\/wp\/v2\/users\/2"}],"replies":[{"embeddable":true,"href":"https:\/\/fabric-insa.fr\/site\/wp-json\/wp\/v2\/comments?post=138"}],"version-history":[{"count":3,"href":"https:\/\/fabric-insa.fr\/site\/wp-json\/wp\/v2\/pages\/138\/revisions"}],"predecessor-version":[{"id":743,"href":"https:\/\/fabric-insa.fr\/site\/wp-json\/wp\/v2\/pages\/138\/revisions\/743"}],"up":[{"embeddable":true,"href":"https:\/\/fabric-insa.fr\/site\/wp-json\/wp\/v2\/pages\/142"}],"wp:attachment":[{"href":"https:\/\/fabric-insa.fr\/site\/wp-json\/wp\/v2\/media?parent=138"}],"curies":[{"name":"wp","href":"https:\/\/api.w.org\/{rel}","templated":true}]}}