{"id":128,"date":"2021-01-11T14:48:11","date_gmt":"2021-01-11T13:48:11","guid":{"rendered":"http:\/\/fabric-insa.fr\/site\/?page_id=128"},"modified":"2025-06-17T23:29:10","modified_gmt":"2025-06-17T21:29:10","slug":"faq","status":"publish","type":"page","link":"https:\/\/fabric-insa.fr\/site\/faq\/","title":{"rendered":"FAQ"},"content":{"rendered":"\n<h2 class=\"wp-block-heading has-black-color has-cyan-bluish-gray-background-color has-text-color has-background\">G\u00e9n\u00e9ral<\/h2>\n\n\n\n<h4 class=\"wp-block-heading has-black-color has-text-color\"><strong>Quels sont les tarifs pour l\u2019utilisation des machines ?<\/strong><\/h4>\n\n\n\n<p>Vous pouvez retrouver l&rsquo;int\u00e9gralit\u00e9 de nos tarifs sur notre page d\u00e9di\u00e9e : <a href=\"https:\/\/www.fabric-insa.fr\/materiel\/tarifs\/\">https:\/\/www.fabric-insa.fr\/materiel\/tarifs\/<\/a><\/p>\n\n\n\n<h4 class=\"wp-block-heading has-black-color has-text-color\"><strong>Quels sont les moyens de paiement que vous acceptez&nbsp;?<\/strong><\/h4>\n\n\n\n<p>Nous acceptons les esp\u00e8ces, les ch\u00e8ques et les carte bancaires.<\/p>\n\n\n\n<h4 class=\"wp-block-heading has-black-color has-text-color\">Comment fonctionne le Fablab&nbsp;?<\/h4>\n\n\n\n<p>Pour pouvoir utiliser les outils et machines du fablab vous devez adh\u00e9rer \u00e0 l&rsquo;association (<a href=\"https:\/\/www.fabric-insa.fr\/materiel\/tarifs\/\">https:\/\/www.fabric-insa.fr\/materiel\/tarifs\/<\/a>).<\/p>\n\n\n\n<p>Une fois adh\u00e9rent, vous avez un acc\u00e8s libre \u00e0 notre atelier sur ses horaires d&rsquo;ouverture.<\/p>\n\n\n\n<p>Pour les machines, il n&rsquo;y a pas de syst\u00e8me de r\u00e9servation ou de formation, les membres assurant la permanence sont l\u00e0 pour vous guider.<\/p>\n\n\n\n<h4 class=\"wp-block-heading has-black-color has-text-color\">Peut-on emprunter des outils&nbsp;?<\/h4>\n\n\n\n<p>Vous avez la possibilit\u00e9 d&#8217;emprunter notre Big Box, une boite \u00e0 outil compl\u00e8te permettant de r\u00e9aliser les petite r\u00e9parations du quotidien.<\/p>\n\n\n\n<h2 class=\"wp-block-heading has-black-color has-cyan-bluish-gray-background-color has-text-color has-background\">Impression 3D<\/h2>\n\n\n\n<h4 class=\"wp-block-heading has-black-color has-text-color\">Quels sont les logiciels que je dois utiliser pour l\u2019impression 3D&nbsp;?<\/h4>\n\n\n\n<p>Nous ne conseillons pas de logiciels particuliers pour la mod\u00e9lisation (<a href=\"https:\/\/www.fabric-insa.fr\/materiel\/logiciels\/\">https:\/\/www.fabric-insa.fr\/materiel\/logiciels\/<\/a>), de nombreux logiciels gratuits sont disponibles.<\/p>\n\n\n\n<p>Pour la configuration des impressions nous utilisons Cura (<a href=\"https:\/\/www.fabric-insa.fr\/materiel\/cao\/\">https:\/\/www.fabric-insa.fr\/materiel\/cao\/<\/a>).<\/p>\n\n\n\n<h4 class=\"wp-block-heading has-black-color has-text-color\">Quelles sont les dimensions maximales des impressions 3D&nbsp;?<\/h4>\n\n\n\n<p>Nous disposons de deux imprimantes:<\/p>\n\n\n\n<ul class=\"wp-block-list\">\n<li>Ultimaker S3 (230 x 190 x 200 mm)<\/li>\n\n\n\n<li>Ultimaker S5 (330 x 240 x 300 mm)<\/li>\n<\/ul>\n\n\n\n<h4 class=\"wp-block-heading has-black-color has-text-color\">Quelle est la pr\u00e9cision de vos imprimantes 3D&nbsp;?<\/h4>\n\n\n\n<p>En \u00e9paisseur de couche nous pouvons descendre jusqu\u2019\u00e0 0.05mm et en largeur de trac\u00e9 nous sommes sur du 0.25mm pour toutes nos imprimantes.<\/p>\n\n\n\n<h4 class=\"wp-block-heading has-black-color has-text-color\">Quels sont les mat\u00e9riaux pour les imprimantes 3D&nbsp;?<\/h4>\n\n\n\n<p>Nous utilisons g\u00e9n\u00e9ralement du PLA (disponible au fablab et inclus dans le prix).<\/p>\n\n\n\n<h4 class=\"wp-block-heading has-black-color has-text-color\">O\u00f9 trouver les mod\u00e8les&nbsp;pour les objets 3D&nbsp;?<\/h4>\n\n\n\n<p>Nous vous conseillons ce super site : <a href=\"https:\/\/www.thingiverse.com\/\">https:\/\/www.thingiverse.com\/<\/a><\/p>\n\n\n\n<h4 class=\"wp-block-heading has-black-color has-text-color\">Faut-il amener son propre filament ?<\/h4>\n\n\n\n<p>Pas besoin, tout est inclus. <\/p>\n\n\n\n<h4 class=\"wp-block-heading has-black-color has-text-color has-link-color wp-elements-14922286731c61b18e975d240af35901\">Est-il possible d&rsquo;apporter son propre filament pour l&rsquo;impression 3D au fablab ?<\/h4>\n\n\n\n<p>Bien entendu, vous avez la possibilit\u00e9 d&rsquo;apporter votre propre filament pour l&rsquo;impression 3D ! Toutefois, il est obligatoire de discuter avec notre \u00e9quipe avant de le faire. Nous serons heureux de vous fournir des conseils et des recommandations pour garantir que le filament que vous choisissez est compatible avec nos imprimantes 3D et r\u00e9pond aux sp\u00e9cifications n\u00e9cessaires pour des impressions de qualit\u00e9. N&rsquo;h\u00e9sitez pas \u00e0 nous contacter pour plus d&rsquo;informations sur l&rsquo;apport de votre propre filament.<\/p>\n\n\n\n<h2 class=\"wp-block-heading has-black-color has-cyan-bluish-gray-background-color has-text-color has-background\">D\u00e9coupeuse laser<\/h2>\n\n\n\n<h4 class=\"wp-block-heading has-black-color has-text-color\">Pouvons-nous d\u00e9couper le m\u00e9tal ?<\/h4>\n\n\n\n<p>Malheureusement nous ne pouvons pas le faire avec notre d\u00e9coupeuse.<\/p>\n\n\n\n<h4 class=\"wp-block-heading has-black-color has-text-color\">Quels sont les dimensions maximales pour la d\u00e9coupe laser&nbsp;?<\/h4>\n\n\n\n<p>Au maximum vous pouvez aller sur du 60cm par 90cm.<\/p>\n\n\n\n<h4 class=\"wp-block-heading has-black-color has-text-color\">Quels mat\u00e9riaux est-il possible de d\u00e9couper et de graver&nbsp;?<\/h4>\n\n\n\n<p>Pour d\u00e9couper vous pouvez utiliser du papier, du carton, du bois, de la mousse, certains plastiques (pas de chlore !), de la feutrine ou encore du cuir.<\/p>\n\n\n\n<p>Pour graver vous pouvez utiliser en plus des mat\u00e9riaux pr\u00e9c\u00e9dents de la pierre, du verre ou encore du miroir.<\/p>\n\n\n\n<h4 class=\"wp-block-heading has-black-color has-text-color\">Quels sont les mat\u00e9riaux disponibles au Fablab&nbsp;?&nbsp;<\/h4>\n\n\n\n<p>Nous proposons \u00e0 la vente du MDF 3mm en 50cm par 69cm et 50cm par 34.5cm. Ainsi que du PMMA transparent 3mm ou 5mm en 50cm par 50cm (ainsi qu\u2019en 50 x 25 cm et 25 x 25 cm).<\/p>\n\n\n\n<h4 class=\"wp-block-heading has-black-color has-text-color\">Sur quel logiciel dois-je cr\u00e9er le fichier pour la d\u00e9coupe laser&nbsp;? Et sous quelle extension&nbsp;?<\/h4>\n\n\n\n<p>Pour dessiner en vectoriel pour la d\u00e9coupeuse laser vous pouvez utiliser les logiciels cit\u00e9s ici : <a href=\"http:\/\/www.fabric-insa.fr\/materiel\/logiciels\/\">http:\/\/www.fabric-insa.fr\/materiel\/logiciels\/<\/a><\/p>\n\n\n\n<p>Pour le format il faut du DXF (versions maximales R14) mais prenez \u00e9galement du SVG au cas o\u00f9 (nous pouvons r\u00e9aliser la conversion sur place).<\/p>\n\n\n\n<h2 class=\"wp-block-heading has-black-color has-cyan-bluish-gray-background-color has-text-color has-background has-link-color wp-elements-00793195af42759b4f71e08a2d6628df\">CNC<\/h2>\n\n\n\n<h4 class=\"wp-block-heading has-black-color has-text-color has-link-color wp-elements-1db9352b0ff8825ee7574b26c39ece6d\">Quelles sont les cimentions de fraisage?<\/h4>\n\n\n\n<p>Nous avons une Shapeoko Pro CNC Router, avec un plateau de 838.2(X) x 444.5(Y) x 101.6(Z) mm.<\/p>\n\n\n\n<h4 class=\"wp-block-heading has-black-color has-text-color has-link-color wp-elements-928c9b72fccd4cf923bd0d66e846341d\">Quel format de ficher faut-il?<\/h4>\n\n\n\n<p>DXF, SVG ou STL.<\/p>\n\n\n\n<h4 class=\"wp-block-heading has-black-color has-text-color has-link-color wp-elements-8199254bde85f72f1eac8f4e7abaf36d\">Quels mat\u00e9riaux peut-on usiner?<\/h4>\n\n\n\n<ul class=\"wp-block-list\">\n<li>Tout type de bois<\/li>\n\n\n\n<li>Aluminium<\/li>\n\n\n\n<li>PVC, PMMA<\/li>\n\n\n\n<li>Autres, contactez-nous si vous avez des questions.<\/li>\n<\/ul>\n\n\n\n<p><\/p>\n\n\n\n<h2 class=\"wp-block-heading has-black-color has-cyan-bluish-gray-background-color has-text-color has-background has-link-color wp-elements-ecd665396e7defceb825538f0b9b5338\">Brodeuse num\u00e9rique <\/h2>\n\n\n\n<h4 class=\"wp-block-heading has-black-color has-text-color has-link-color wp-elements-a37c095d2d39722600f1bafa7c5e3985\">Quel format de fichier faut-il pour l&rsquo;utiliser?<\/h4>\n\n\n\n<p>Une image en format png ou jpeg.<\/p>\n\n\n\n<h4 class=\"wp-block-heading has-black-color has-text-color has-link-color wp-elements-a278480acbc8bfe851d13a8dcf3e4531\">Peut-on broder n&rsquo;importe quelle image?<\/h4>\n\n\n\n<p>Oui. Mais Il faut \u00e9viter les images avec beaucoup de couleurs (il faut changer le filament pour chaque couleur manuellement). Et il faut \u00e9viter afin d&rsquo;avoir un rendu correct les d\u00e9grad\u00e9s dans les images car nous avons un nombre limit\u00e9 de couleurs possibles.<\/p>\n\n\n\n<h4 class=\"wp-block-heading has-black-color has-text-color has-link-color wp-elements-5d9bdb07a0e7a84b0d68b2b5e2341a40\">Faut-il ramener le fil?<\/h4>\n\n\n\n<p>Non, nous avons tout-ce qu&rsquo;il faut.<\/p>\n\n\n\n<h4 class=\"wp-block-heading has-black-color has-text-color has-link-color wp-elements-6119fdfdfffbd6a3914c7ad8dd679350\">Sur quel tissu peut-on broder?<\/h4>\n\n\n\n<p>Tous les tissus pas trop \u00e9pais (nous avons test\u00e9 avec succ\u00e8s jusqu&rsquo;aux pulls fins). Et des tissus non \u00e9lastiques.<\/p>\n","protected":false},"excerpt":{"rendered":"<p>G\u00e9n\u00e9ral Quels sont les tarifs pour l\u2019utilisation des machines ? Vous pouvez retrouver l&rsquo;int\u00e9gralit\u00e9 de nos tarifs sur notre page d\u00e9di\u00e9e : https:\/\/www.fabric-insa.fr\/materiel\/tarifs\/ Quels sont les moyens de paiement que vous acceptez&nbsp;? Nous acceptons les esp\u00e8ces, les ch\u00e8ques et les carte bancaires. Comment fonctionne le Fablab&nbsp;? Pour pouvoir utiliser les outils et machines du fablab [&hellip;]<\/p>\n","protected":false},"author":2,"featured_media":0,"parent":0,"menu_order":0,"comment_status":"closed","ping_status":"closed","template":"","meta":{"footnotes":""},"class_list":["post-128","page","type-page","status-publish","hentry"],"yoast_head":"<!-- This site is optimized with the Yoast SEO plugin v26.4 - https:\/\/yoast.com\/wordpress\/plugins\/seo\/ -->\n<title>FAQ - Fabric&#039;INSA<\/title>\n<meta name=\"robots\" content=\"index, follow, max-snippet:-1, max-image-preview:large, max-video-preview:-1\" \/>\n<link rel=\"canonical\" href=\"https:\/\/fabric-insa.fr\/site\/faq\/\" \/>\n<meta property=\"og:locale\" content=\"fr_FR\" \/>\n<meta property=\"og:type\" content=\"article\" \/>\n<meta property=\"og:title\" content=\"FAQ - Fabric&#039;INSA\" \/>\n<meta property=\"og:description\" content=\"G\u00e9n\u00e9ral Quels sont les tarifs pour l\u2019utilisation des machines ? Vous pouvez retrouver l&rsquo;int\u00e9gralit\u00e9 de nos tarifs sur notre page d\u00e9di\u00e9e : https:\/\/www.fabric-insa.fr\/materiel\/tarifs\/ Quels sont les moyens de paiement que vous acceptez&nbsp;? Nous acceptons les esp\u00e8ces, les ch\u00e8ques et les carte bancaires. Comment fonctionne le Fablab&nbsp;? Pour pouvoir utiliser les outils et machines du fablab [&hellip;]\" \/>\n<meta property=\"og:url\" content=\"https:\/\/fabric-insa.fr\/site\/faq\/\" \/>\n<meta property=\"og:site_name\" content=\"Fabric&#039;INSA\" \/>\n<meta property=\"article:publisher\" content=\"https:\/\/facebook.com\/fabric.insa\" \/>\n<meta property=\"article:modified_time\" content=\"2025-06-17T21:29:10+00:00\" \/>\n<meta property=\"og:image\" content=\"https:\/\/fabric-insa.fr\/site\/wp-content\/uploads\/2021\/01\/cropped-LogoFabricINSA_small.png\" \/>\n\t<meta property=\"og:image:width\" content=\"512\" \/>\n\t<meta property=\"og:image:height\" content=\"512\" \/>\n\t<meta property=\"og:image:type\" content=\"image\/png\" \/>\n<meta name=\"twitter:card\" content=\"summary_large_image\" \/>\n<meta name=\"twitter:site\" content=\"@fabricinsa\" \/>\n<meta name=\"twitter:label1\" content=\"Dur\u00e9e de lecture estim\u00e9e\" \/>\n\t<meta name=\"twitter:data1\" content=\"4 minutes\" \/>\n<script type=\"application\/ld+json\" class=\"yoast-schema-graph\">{\"@context\":\"https:\/\/schema.org\",\"@graph\":[{\"@type\":\"WebPage\",\"@id\":\"https:\/\/fabric-insa.fr\/site\/faq\/\",\"url\":\"https:\/\/fabric-insa.fr\/site\/faq\/\",\"name\":\"FAQ - Fabric&#039;INSA\",\"isPartOf\":{\"@id\":\"https:\/\/fabric-insa.fr\/site\/#website\"},\"datePublished\":\"2021-01-11T13:48:11+00:00\",\"dateModified\":\"2025-06-17T21:29:10+00:00\",\"breadcrumb\":{\"@id\":\"https:\/\/fabric-insa.fr\/site\/faq\/#breadcrumb\"},\"inLanguage\":\"fr-FR\",\"potentialAction\":[{\"@type\":\"ReadAction\",\"target\":[\"https:\/\/fabric-insa.fr\/site\/faq\/\"]}]},{\"@type\":\"BreadcrumbList\",\"@id\":\"https:\/\/fabric-insa.fr\/site\/faq\/#breadcrumb\",\"itemListElement\":[{\"@type\":\"ListItem\",\"position\":1,\"name\":\"Accueil\",\"item\":\"https:\/\/fabric-insa.fr\/site\/\"},{\"@type\":\"ListItem\",\"position\":2,\"name\":\"FAQ\"}]},{\"@type\":\"WebSite\",\"@id\":\"https:\/\/fabric-insa.fr\/site\/#website\",\"url\":\"https:\/\/fabric-insa.fr\/site\/\",\"name\":\"Fabric'INSA\",\"description\":\"Le FabLab de l&#039;INSA Toulouse\",\"publisher\":{\"@id\":\"https:\/\/fabric-insa.fr\/site\/#organization\"},\"potentialAction\":[{\"@type\":\"SearchAction\",\"target\":{\"@type\":\"EntryPoint\",\"urlTemplate\":\"https:\/\/fabric-insa.fr\/site\/?s={search_term_string}\"},\"query-input\":{\"@type\":\"PropertyValueSpecification\",\"valueRequired\":true,\"valueName\":\"search_term_string\"}}],\"inLanguage\":\"fr-FR\"},{\"@type\":\"Organization\",\"@id\":\"https:\/\/fabric-insa.fr\/site\/#organization\",\"name\":\"Fabric'INSA\",\"url\":\"https:\/\/fabric-insa.fr\/site\/\",\"logo\":{\"@type\":\"ImageObject\",\"inLanguage\":\"fr-FR\",\"@id\":\"https:\/\/fabric-insa.fr\/site\/#\/schema\/logo\/image\/\",\"url\":\"http:\/\/fabric-insa.fr\/site\/wp-content\/uploads\/2021\/01\/LogoFabricINSA.png\",\"contentUrl\":\"http:\/\/fabric-insa.fr\/site\/wp-content\/uploads\/2021\/01\/LogoFabricINSA.png\",\"width\":595,\"height\":566,\"caption\":\"Fabric'INSA\"},\"image\":{\"@id\":\"https:\/\/fabric-insa.fr\/site\/#\/schema\/logo\/image\/\"},\"sameAs\":[\"https:\/\/facebook.com\/fabric.insa\",\"https:\/\/x.com\/fabricinsa\",\"https:\/\/www.instagram.com\/fabric_insa\",\"https:\/\/www.linkedin.com\/company\/fabric-insa\"]}]}<\/script>\n<!-- \/ Yoast SEO plugin. -->","yoast_head_json":{"title":"FAQ - Fabric&#039;INSA","robots":{"index":"index","follow":"follow","max-snippet":"max-snippet:-1","max-image-preview":"max-image-preview:large","max-video-preview":"max-video-preview:-1"},"canonical":"https:\/\/fabric-insa.fr\/site\/faq\/","og_locale":"fr_FR","og_type":"article","og_title":"FAQ - Fabric&#039;INSA","og_description":"G\u00e9n\u00e9ral Quels sont les tarifs pour l\u2019utilisation des machines ? Vous pouvez retrouver l&rsquo;int\u00e9gralit\u00e9 de nos tarifs sur notre page d\u00e9di\u00e9e : https:\/\/www.fabric-insa.fr\/materiel\/tarifs\/ Quels sont les moyens de paiement que vous acceptez&nbsp;? Nous acceptons les esp\u00e8ces, les ch\u00e8ques et les carte bancaires. Comment fonctionne le Fablab&nbsp;? Pour pouvoir utiliser les outils et machines du fablab [&hellip;]","og_url":"https:\/\/fabric-insa.fr\/site\/faq\/","og_site_name":"Fabric&#039;INSA","article_publisher":"https:\/\/facebook.com\/fabric.insa","article_modified_time":"2025-06-17T21:29:10+00:00","og_image":[{"width":512,"height":512,"url":"https:\/\/fabric-insa.fr\/site\/wp-content\/uploads\/2021\/01\/cropped-LogoFabricINSA_small.png","type":"image\/png"}],"twitter_card":"summary_large_image","twitter_site":"@fabricinsa","twitter_misc":{"Dur\u00e9e de lecture estim\u00e9e":"4 minutes"},"schema":{"@context":"https:\/\/schema.org","@graph":[{"@type":"WebPage","@id":"https:\/\/fabric-insa.fr\/site\/faq\/","url":"https:\/\/fabric-insa.fr\/site\/faq\/","name":"FAQ - Fabric&#039;INSA","isPartOf":{"@id":"https:\/\/fabric-insa.fr\/site\/#website"},"datePublished":"2021-01-11T13:48:11+00:00","dateModified":"2025-06-17T21:29:10+00:00","breadcrumb":{"@id":"https:\/\/fabric-insa.fr\/site\/faq\/#breadcrumb"},"inLanguage":"fr-FR","potentialAction":[{"@type":"ReadAction","target":["https:\/\/fabric-insa.fr\/site\/faq\/"]}]},{"@type":"BreadcrumbList","@id":"https:\/\/fabric-insa.fr\/site\/faq\/#breadcrumb","itemListElement":[{"@type":"ListItem","position":1,"name":"Accueil","item":"https:\/\/fabric-insa.fr\/site\/"},{"@type":"ListItem","position":2,"name":"FAQ"}]},{"@type":"WebSite","@id":"https:\/\/fabric-insa.fr\/site\/#website","url":"https:\/\/fabric-insa.fr\/site\/","name":"Fabric'INSA","description":"Le FabLab de l&#039;INSA Toulouse","publisher":{"@id":"https:\/\/fabric-insa.fr\/site\/#organization"},"potentialAction":[{"@type":"SearchAction","target":{"@type":"EntryPoint","urlTemplate":"https:\/\/fabric-insa.fr\/site\/?s={search_term_string}"},"query-input":{"@type":"PropertyValueSpecification","valueRequired":true,"valueName":"search_term_string"}}],"inLanguage":"fr-FR"},{"@type":"Organization","@id":"https:\/\/fabric-insa.fr\/site\/#organization","name":"Fabric'INSA","url":"https:\/\/fabric-insa.fr\/site\/","logo":{"@type":"ImageObject","inLanguage":"fr-FR","@id":"https:\/\/fabric-insa.fr\/site\/#\/schema\/logo\/image\/","url":"http:\/\/fabric-insa.fr\/site\/wp-content\/uploads\/2021\/01\/LogoFabricINSA.png","contentUrl":"http:\/\/fabric-insa.fr\/site\/wp-content\/uploads\/2021\/01\/LogoFabricINSA.png","width":595,"height":566,"caption":"Fabric'INSA"},"image":{"@id":"https:\/\/fabric-insa.fr\/site\/#\/schema\/logo\/image\/"},"sameAs":["https:\/\/facebook.com\/fabric.insa","https:\/\/x.com\/fabricinsa","https:\/\/www.instagram.com\/fabric_insa","https:\/\/www.linkedin.com\/company\/fabric-insa"]}]}},"_links":{"self":[{"href":"https:\/\/fabric-insa.fr\/site\/wp-json\/wp\/v2\/pages\/128","targetHints":{"allow":["GET"]}}],"collection":[{"href":"https:\/\/fabric-insa.fr\/site\/wp-json\/wp\/v2\/pages"}],"about":[{"href":"https:\/\/fabric-insa.fr\/site\/wp-json\/wp\/v2\/types\/page"}],"author":[{"embeddable":true,"href":"https:\/\/fabric-insa.fr\/site\/wp-json\/wp\/v2\/users\/2"}],"replies":[{"embeddable":true,"href":"https:\/\/fabric-insa.fr\/site\/wp-json\/wp\/v2\/comments?post=128"}],"version-history":[{"count":8,"href":"https:\/\/fabric-insa.fr\/site\/wp-json\/wp\/v2\/pages\/128\/revisions"}],"predecessor-version":[{"id":773,"href":"https:\/\/fabric-insa.fr\/site\/wp-json\/wp\/v2\/pages\/128\/revisions\/773"}],"wp:attachment":[{"href":"https:\/\/fabric-insa.fr\/site\/wp-json\/wp\/v2\/media?parent=128"}],"curies":[{"name":"wp","href":"https:\/\/api.w.org\/{rel}","templated":true}]}}