{"id":115,"date":"2021-01-11T14:28:50","date_gmt":"2021-01-11T13:28:50","guid":{"rendered":"http:\/\/fabric-insa.fr\/site\/?page_id=115"},"modified":"2022-01-05T22:19:12","modified_gmt":"2022-01-05T21:19:12","slug":"divers","status":"publish","type":"page","link":"https:\/\/fabric-insa.fr\/site\/materiel\/divers\/","title":{"rendered":"Divers"},"content":{"rendered":"\n<h4 class=\"has-vivid-red-color has-text-color wp-block-heading\">Brodeuse num\u00e9rique<\/h4>\n\n\n\n<figure class=\"wp-block-image size-large is-resized\"><img decoding=\"async\" src=\"http:\/\/fabric-insa.fr\/site\/wp-content\/uploads\/2022\/01\/IMG_20211105_134125-edited-scaled.jpg\" alt=\"\" class=\"wp-image-518\" width=\"499\" srcset=\"https:\/\/fabric-insa.fr\/site\/wp-content\/uploads\/2022\/01\/IMG_20211105_134125-edited-scaled.jpg 2560w, https:\/\/fabric-insa.fr\/site\/wp-content\/uploads\/2022\/01\/IMG_20211105_134125-edited-300x200.jpg 300w, https:\/\/fabric-insa.fr\/site\/wp-content\/uploads\/2022\/01\/IMG_20211105_134125-edited-1024x683.jpg 1024w, https:\/\/fabric-insa.fr\/site\/wp-content\/uploads\/2022\/01\/IMG_20211105_134125-edited-768x512.jpg 768w, https:\/\/fabric-insa.fr\/site\/wp-content\/uploads\/2022\/01\/IMG_20211105_134125-edited-1536x1025.jpg 1536w, https:\/\/fabric-insa.fr\/site\/wp-content\/uploads\/2022\/01\/IMG_20211105_134125-edited-2048x1366.jpg 2048w\" sizes=\"(max-width: 2560px) 100vw, 2560px\" \/><figcaption>Brodeuse num\u00e9rique<\/figcaption><\/figure>\n\n\n\n<p>Cette machine num\u00e9rique vous permettra de broder sur diff\u00e9rents tissus pour les personnaliser. Vous pouvez broder des t-shirts et polos pour les offrir \u00e0 vos proches.<\/p>\n\n\n\n<h4 class=\"has-vivid-red-color has-text-color wp-block-heading\">Machine \u00e0 coudre<\/h4>\n\n\n\n<figure class=\"wp-block-image size-large\"><img loading=\"lazy\" decoding=\"async\" width=\"265\" height=\"226\" src=\"http:\/\/fabric-insa.fr\/site\/wp-content\/uploads\/2021\/01\/machine_a_coudre.png\" alt=\"\" class=\"wp-image-118\"\/><\/figure>\n\n\n\n<p><\/p>\n","protected":false},"excerpt":{"rendered":"<p>Brodeuse num\u00e9rique Cette machine num\u00e9rique vous permettra de broder sur diff\u00e9rents tissus pour les personnaliser. Vous pouvez broder des t-shirts et polos pour les offrir \u00e0 vos proches. Machine \u00e0 coudre<\/p>\n","protected":false},"author":2,"featured_media":0,"parent":55,"menu_order":0,"comment_status":"closed","ping_status":"closed","template":"","meta":{"footnotes":""},"class_list":["post-115","page","type-page","status-publish","hentry"],"yoast_head":"<!-- This site is optimized with the Yoast SEO plugin v26.4 - https:\/\/yoast.com\/wordpress\/plugins\/seo\/ -->\n<title>Divers - Fabric&#039;INSA<\/title>\n<meta name=\"robots\" content=\"index, follow, max-snippet:-1, max-image-preview:large, max-video-preview:-1\" \/>\n<link rel=\"canonical\" href=\"https:\/\/fabric-insa.fr\/site\/materiel\/divers\/\" \/>\n<meta property=\"og:locale\" content=\"fr_FR\" \/>\n<meta property=\"og:type\" content=\"article\" \/>\n<meta property=\"og:title\" content=\"Divers - Fabric&#039;INSA\" \/>\n<meta property=\"og:description\" content=\"Brodeuse num\u00e9rique Cette machine num\u00e9rique vous permettra de broder sur diff\u00e9rents tissus pour les personnaliser. Vous pouvez broder des t-shirts et polos pour les offrir \u00e0 vos proches. Machine \u00e0 coudre\" \/>\n<meta property=\"og:url\" content=\"https:\/\/fabric-insa.fr\/site\/materiel\/divers\/\" \/>\n<meta property=\"og:site_name\" content=\"Fabric&#039;INSA\" \/>\n<meta property=\"article:publisher\" content=\"https:\/\/facebook.com\/fabric.insa\" \/>\n<meta property=\"article:modified_time\" content=\"2022-01-05T21:19:12+00:00\" \/>\n<meta property=\"og:image\" content=\"http:\/\/fabric-insa.fr\/site\/wp-content\/uploads\/2022\/01\/IMG_20211105_134125-edited-scaled.jpg\" \/>\n<meta name=\"twitter:card\" content=\"summary_large_image\" \/>\n<meta name=\"twitter:site\" content=\"@fabricinsa\" \/>\n<script type=\"application\/ld+json\" class=\"yoast-schema-graph\">{\"@context\":\"https:\/\/schema.org\",\"@graph\":[{\"@type\":\"WebPage\",\"@id\":\"https:\/\/fabric-insa.fr\/site\/materiel\/divers\/\",\"url\":\"https:\/\/fabric-insa.fr\/site\/materiel\/divers\/\",\"name\":\"Divers - Fabric&#039;INSA\",\"isPartOf\":{\"@id\":\"https:\/\/fabric-insa.fr\/site\/#website\"},\"primaryImageOfPage\":{\"@id\":\"https:\/\/fabric-insa.fr\/site\/materiel\/divers\/#primaryimage\"},\"image\":{\"@id\":\"https:\/\/fabric-insa.fr\/site\/materiel\/divers\/#primaryimage\"},\"thumbnailUrl\":\"http:\/\/fabric-insa.fr\/site\/wp-content\/uploads\/2022\/01\/IMG_20211105_134125-edited-scaled.jpg\",\"datePublished\":\"2021-01-11T13:28:50+00:00\",\"dateModified\":\"2022-01-05T21:19:12+00:00\",\"breadcrumb\":{\"@id\":\"https:\/\/fabric-insa.fr\/site\/materiel\/divers\/#breadcrumb\"},\"inLanguage\":\"fr-FR\",\"potentialAction\":[{\"@type\":\"ReadAction\",\"target\":[\"https:\/\/fabric-insa.fr\/site\/materiel\/divers\/\"]}]},{\"@type\":\"ImageObject\",\"inLanguage\":\"fr-FR\",\"@id\":\"https:\/\/fabric-insa.fr\/site\/materiel\/divers\/#primaryimage\",\"url\":\"https:\/\/fabric-insa.fr\/site\/wp-content\/uploads\/2022\/01\/IMG_20211105_134125-edited-scaled.jpg\",\"contentUrl\":\"https:\/\/fabric-insa.fr\/site\/wp-content\/uploads\/2022\/01\/IMG_20211105_134125-edited-scaled.jpg\",\"width\":2560,\"height\":1708},{\"@type\":\"BreadcrumbList\",\"@id\":\"https:\/\/fabric-insa.fr\/site\/materiel\/divers\/#breadcrumb\",\"itemListElement\":[{\"@type\":\"ListItem\",\"position\":1,\"name\":\"Accueil\",\"item\":\"https:\/\/fabric-insa.fr\/site\/\"},{\"@type\":\"ListItem\",\"position\":2,\"name\":\"Mat\u00e9riel\",\"item\":\"https:\/\/fabric-insa.fr\/site\/materiel\/\"},{\"@type\":\"ListItem\",\"position\":3,\"name\":\"Divers\"}]},{\"@type\":\"WebSite\",\"@id\":\"https:\/\/fabric-insa.fr\/site\/#website\",\"url\":\"https:\/\/fabric-insa.fr\/site\/\",\"name\":\"Fabric'INSA\",\"description\":\"Le FabLab de l&#039;INSA Toulouse\",\"publisher\":{\"@id\":\"https:\/\/fabric-insa.fr\/site\/#organization\"},\"potentialAction\":[{\"@type\":\"SearchAction\",\"target\":{\"@type\":\"EntryPoint\",\"urlTemplate\":\"https:\/\/fabric-insa.fr\/site\/?s={search_term_string}\"},\"query-input\":{\"@type\":\"PropertyValueSpecification\",\"valueRequired\":true,\"valueName\":\"search_term_string\"}}],\"inLanguage\":\"fr-FR\"},{\"@type\":\"Organization\",\"@id\":\"https:\/\/fabric-insa.fr\/site\/#organization\",\"name\":\"Fabric'INSA\",\"url\":\"https:\/\/fabric-insa.fr\/site\/\",\"logo\":{\"@type\":\"ImageObject\",\"inLanguage\":\"fr-FR\",\"@id\":\"https:\/\/fabric-insa.fr\/site\/#\/schema\/logo\/image\/\",\"url\":\"http:\/\/fabric-insa.fr\/site\/wp-content\/uploads\/2021\/01\/LogoFabricINSA.png\",\"contentUrl\":\"http:\/\/fabric-insa.fr\/site\/wp-content\/uploads\/2021\/01\/LogoFabricINSA.png\",\"width\":595,\"height\":566,\"caption\":\"Fabric'INSA\"},\"image\":{\"@id\":\"https:\/\/fabric-insa.fr\/site\/#\/schema\/logo\/image\/\"},\"sameAs\":[\"https:\/\/facebook.com\/fabric.insa\",\"https:\/\/x.com\/fabricinsa\",\"https:\/\/www.instagram.com\/fabric_insa\",\"https:\/\/www.linkedin.com\/company\/fabric-insa\"]}]}<\/script>\n<!-- \/ Yoast SEO plugin. -->","yoast_head_json":{"title":"Divers - Fabric&#039;INSA","robots":{"index":"index","follow":"follow","max-snippet":"max-snippet:-1","max-image-preview":"max-image-preview:large","max-video-preview":"max-video-preview:-1"},"canonical":"https:\/\/fabric-insa.fr\/site\/materiel\/divers\/","og_locale":"fr_FR","og_type":"article","og_title":"Divers - Fabric&#039;INSA","og_description":"Brodeuse num\u00e9rique Cette machine num\u00e9rique vous permettra de broder sur diff\u00e9rents tissus pour les personnaliser. Vous pouvez broder des t-shirts et polos pour les offrir \u00e0 vos proches. Machine \u00e0 coudre","og_url":"https:\/\/fabric-insa.fr\/site\/materiel\/divers\/","og_site_name":"Fabric&#039;INSA","article_publisher":"https:\/\/facebook.com\/fabric.insa","article_modified_time":"2022-01-05T21:19:12+00:00","og_image":[{"url":"http:\/\/fabric-insa.fr\/site\/wp-content\/uploads\/2022\/01\/IMG_20211105_134125-edited-scaled.jpg","type":"","width":"","height":""}],"twitter_card":"summary_large_image","twitter_site":"@fabricinsa","schema":{"@context":"https:\/\/schema.org","@graph":[{"@type":"WebPage","@id":"https:\/\/fabric-insa.fr\/site\/materiel\/divers\/","url":"https:\/\/fabric-insa.fr\/site\/materiel\/divers\/","name":"Divers - Fabric&#039;INSA","isPartOf":{"@id":"https:\/\/fabric-insa.fr\/site\/#website"},"primaryImageOfPage":{"@id":"https:\/\/fabric-insa.fr\/site\/materiel\/divers\/#primaryimage"},"image":{"@id":"https:\/\/fabric-insa.fr\/site\/materiel\/divers\/#primaryimage"},"thumbnailUrl":"http:\/\/fabric-insa.fr\/site\/wp-content\/uploads\/2022\/01\/IMG_20211105_134125-edited-scaled.jpg","datePublished":"2021-01-11T13:28:50+00:00","dateModified":"2022-01-05T21:19:12+00:00","breadcrumb":{"@id":"https:\/\/fabric-insa.fr\/site\/materiel\/divers\/#breadcrumb"},"inLanguage":"fr-FR","potentialAction":[{"@type":"ReadAction","target":["https:\/\/fabric-insa.fr\/site\/materiel\/divers\/"]}]},{"@type":"ImageObject","inLanguage":"fr-FR","@id":"https:\/\/fabric-insa.fr\/site\/materiel\/divers\/#primaryimage","url":"https:\/\/fabric-insa.fr\/site\/wp-content\/uploads\/2022\/01\/IMG_20211105_134125-edited-scaled.jpg","contentUrl":"https:\/\/fabric-insa.fr\/site\/wp-content\/uploads\/2022\/01\/IMG_20211105_134125-edited-scaled.jpg","width":2560,"height":1708},{"@type":"BreadcrumbList","@id":"https:\/\/fabric-insa.fr\/site\/materiel\/divers\/#breadcrumb","itemListElement":[{"@type":"ListItem","position":1,"name":"Accueil","item":"https:\/\/fabric-insa.fr\/site\/"},{"@type":"ListItem","position":2,"name":"Mat\u00e9riel","item":"https:\/\/fabric-insa.fr\/site\/materiel\/"},{"@type":"ListItem","position":3,"name":"Divers"}]},{"@type":"WebSite","@id":"https:\/\/fabric-insa.fr\/site\/#website","url":"https:\/\/fabric-insa.fr\/site\/","name":"Fabric'INSA","description":"Le FabLab de l&#039;INSA Toulouse","publisher":{"@id":"https:\/\/fabric-insa.fr\/site\/#organization"},"potentialAction":[{"@type":"SearchAction","target":{"@type":"EntryPoint","urlTemplate":"https:\/\/fabric-insa.fr\/site\/?s={search_term_string}"},"query-input":{"@type":"PropertyValueSpecification","valueRequired":true,"valueName":"search_term_string"}}],"inLanguage":"fr-FR"},{"@type":"Organization","@id":"https:\/\/fabric-insa.fr\/site\/#organization","name":"Fabric'INSA","url":"https:\/\/fabric-insa.fr\/site\/","logo":{"@type":"ImageObject","inLanguage":"fr-FR","@id":"https:\/\/fabric-insa.fr\/site\/#\/schema\/logo\/image\/","url":"http:\/\/fabric-insa.fr\/site\/wp-content\/uploads\/2021\/01\/LogoFabricINSA.png","contentUrl":"http:\/\/fabric-insa.fr\/site\/wp-content\/uploads\/2021\/01\/LogoFabricINSA.png","width":595,"height":566,"caption":"Fabric'INSA"},"image":{"@id":"https:\/\/fabric-insa.fr\/site\/#\/schema\/logo\/image\/"},"sameAs":["https:\/\/facebook.com\/fabric.insa","https:\/\/x.com\/fabricinsa","https:\/\/www.instagram.com\/fabric_insa","https:\/\/www.linkedin.com\/company\/fabric-insa"]}]}},"_links":{"self":[{"href":"https:\/\/fabric-insa.fr\/site\/wp-json\/wp\/v2\/pages\/115","targetHints":{"allow":["GET"]}}],"collection":[{"href":"https:\/\/fabric-insa.fr\/site\/wp-json\/wp\/v2\/pages"}],"about":[{"href":"https:\/\/fabric-insa.fr\/site\/wp-json\/wp\/v2\/types\/page"}],"author":[{"embeddable":true,"href":"https:\/\/fabric-insa.fr\/site\/wp-json\/wp\/v2\/users\/2"}],"replies":[{"embeddable":true,"href":"https:\/\/fabric-insa.fr\/site\/wp-json\/wp\/v2\/comments?post=115"}],"version-history":[{"count":4,"href":"https:\/\/fabric-insa.fr\/site\/wp-json\/wp\/v2\/pages\/115\/revisions"}],"predecessor-version":[{"id":519,"href":"https:\/\/fabric-insa.fr\/site\/wp-json\/wp\/v2\/pages\/115\/revisions\/519"}],"up":[{"embeddable":true,"href":"https:\/\/fabric-insa.fr\/site\/wp-json\/wp\/v2\/pages\/55"}],"wp:attachment":[{"href":"https:\/\/fabric-insa.fr\/site\/wp-json\/wp\/v2\/media?parent=115"}],"curies":[{"name":"wp","href":"https:\/\/api.w.org\/{rel}","templated":true}]}}