{"id":102,"date":"2021-01-11T14:09:00","date_gmt":"2021-01-11T13:09:00","guid":{"rendered":"http:\/\/fabric-insa.fr\/site\/?page_id=102"},"modified":"2022-01-05T22:08:29","modified_gmt":"2022-01-05T21:08:29","slug":"electronique","status":"publish","type":"page","link":"https:\/\/fabric-insa.fr\/site\/materiel\/electronique\/","title":{"rendered":"Electronique"},"content":{"rendered":"\n<div class=\"wp-block-columns is-layout-flex wp-container-core-columns-is-layout-9d6595d7 wp-block-columns-is-layout-flex\">\n<div class=\"wp-block-column is-layout-flow wp-block-column-is-layout-flow\">\n<h4 class=\"has-text-align-center has-vivid-red-color has-text-color wp-block-heading\">Insoleuse<\/h4>\n\n\n\n<figure class=\"wp-block-image size-large\"><img loading=\"lazy\" decoding=\"async\" width=\"288\" height=\"271\" src=\"http:\/\/fabric-insa.fr\/site\/wp-content\/uploads\/2021\/01\/insoleuse.jpg\" alt=\"\" class=\"wp-image-103\"\/><\/figure>\n<\/div>\n\n\n\n<div class=\"wp-block-column is-layout-flow wp-block-column-is-layout-flow\">\n<h4 class=\"has-text-align-center has-vivid-red-color has-text-color wp-block-heading\">Station de r\u00e9paration<\/h4>\n\n\n\n<figure class=\"wp-block-image size-large\"><img loading=\"lazy\" decoding=\"async\" width=\"320\" height=\"197\" src=\"http:\/\/fabric-insa.fr\/site\/wp-content\/uploads\/2021\/01\/station_de_reparation.jpeg\" alt=\"\" class=\"wp-image-104\" srcset=\"https:\/\/fabric-insa.fr\/site\/wp-content\/uploads\/2021\/01\/station_de_reparation.jpeg 320w, https:\/\/fabric-insa.fr\/site\/wp-content\/uploads\/2021\/01\/station_de_reparation-300x185.jpeg 300w\" sizes=\"auto, (max-width: 320px) 100vw, 320px\" \/><\/figure>\n<\/div>\n\n\n\n<div class=\"wp-block-column is-layout-flow wp-block-column-is-layout-flow\">\n<h4 class=\"has-text-align-center has-vivid-red-color has-text-color wp-block-heading\">Graveuse<\/h4>\n\n\n\n<figure class=\"wp-block-image size-large\"><img loading=\"lazy\" decoding=\"async\" width=\"288\" height=\"271\" src=\"http:\/\/fabric-insa.fr\/site\/wp-content\/uploads\/2021\/01\/graveuse.jpg\" alt=\"\" class=\"wp-image-105\"\/><\/figure>\n<\/div>\n<\/div>\n\n\n\n<div class=\"wp-block-columns is-layout-flex wp-container-core-columns-is-layout-9d6595d7 wp-block-columns-is-layout-flex\">\n<div class=\"wp-block-column is-layout-flow wp-block-column-is-layout-flow\">\n<h4 class=\"has-text-align-center has-vivid-red-color has-text-color wp-block-heading\">Four \u00e0 refusion<\/h4>\n\n\n\n<figure class=\"wp-block-image size-large\"><img loading=\"lazy\" decoding=\"async\" width=\"190\" height=\"200\" src=\"http:\/\/fabric-insa.fr\/site\/wp-content\/uploads\/2021\/01\/2530428-40.jpg\" alt=\"\" class=\"wp-image-106\"\/><\/figure>\n<\/div>\n\n\n\n<div class=\"wp-block-column is-layout-flow wp-block-column-is-layout-flow\">\n<h4 class=\"has-text-align-center has-vivid-red-color has-text-color wp-block-heading\">2 Fers \u00e0 souder<\/h4>\n\n\n\n<figure class=\"wp-block-image size-large\"><img loading=\"lazy\" decoding=\"async\" width=\"304\" height=\"200\" src=\"http:\/\/fabric-insa.fr\/site\/wp-content\/uploads\/2021\/01\/2581187-40.jpg\" alt=\"\" class=\"wp-image-107\" srcset=\"https:\/\/fabric-insa.fr\/site\/wp-content\/uploads\/2021\/01\/2581187-40.jpg 304w, https:\/\/fabric-insa.fr\/site\/wp-content\/uploads\/2021\/01\/2581187-40-300x197.jpg 300w\" sizes=\"auto, (max-width: 304px) 100vw, 304px\" \/><\/figure>\n<\/div>\n\n\n\n<div class=\"wp-block-column is-layout-flow wp-block-column-is-layout-flow\">\n<h4 class=\"has-text-align-center has-vivid-red-color has-text-color wp-block-heading\">Analyseur de spectre<\/h4>\n\n\n\n<figure class=\"wp-block-image size-large\"><img loading=\"lazy\" decoding=\"async\" width=\"434\" height=\"282\" src=\"http:\/\/fabric-insa.fr\/site\/wp-content\/uploads\/2021\/01\/analyseur_de_spectre.jpg\" alt=\"\" class=\"wp-image-109\" srcset=\"https:\/\/fabric-insa.fr\/site\/wp-content\/uploads\/2021\/01\/analyseur_de_spectre.jpg 434w, https:\/\/fabric-insa.fr\/site\/wp-content\/uploads\/2021\/01\/analyseur_de_spectre-300x195.jpg 300w\" sizes=\"auto, (max-width: 434px) 100vw, 434px\" \/><\/figure>\n<\/div>\n<\/div>\n\n\n\n<div class=\"wp-block-columns is-layout-flex wp-container-core-columns-is-layout-9d6595d7 wp-block-columns-is-layout-flex\">\n<div class=\"wp-block-column is-layout-flow wp-block-column-is-layout-flow\">\n<h4 class=\"has-text-align-center has-vivid-red-color has-text-color wp-block-heading\">Oscilloscopes<\/h4>\n\n\n\n<figure class=\"wp-block-image size-large\"><img loading=\"lazy\" decoding=\"async\" width=\"1024\" height=\"766\" src=\"http:\/\/fabric-insa.fr\/site\/wp-content\/uploads\/2022\/01\/IMG_20220105_215540-1024x766.jpg\" alt=\"\" class=\"wp-image-513\" srcset=\"https:\/\/fabric-insa.fr\/site\/wp-content\/uploads\/2022\/01\/IMG_20220105_215540-1024x766.jpg 1024w, https:\/\/fabric-insa.fr\/site\/wp-content\/uploads\/2022\/01\/IMG_20220105_215540-300x224.jpg 300w, https:\/\/fabric-insa.fr\/site\/wp-content\/uploads\/2022\/01\/IMG_20220105_215540-768x574.jpg 768w, https:\/\/fabric-insa.fr\/site\/wp-content\/uploads\/2022\/01\/IMG_20220105_215540-1536x1149.jpg 1536w, https:\/\/fabric-insa.fr\/site\/wp-content\/uploads\/2022\/01\/IMG_20220105_215540-2048x1532.jpg 2048w\" sizes=\"auto, (max-width: 1024px) 100vw, 1024px\" \/><\/figure>\n<\/div>\n\n\n\n<div class=\"wp-block-column is-layout-flow wp-block-column-is-layout-flow\"><\/div>\n\n\n\n<div class=\"wp-block-column is-layout-flow wp-block-column-is-layout-flow\"><\/div>\n<\/div>\n\n\n\n<p>Pour vos PCB, venez directement avec vos fichiers <strong>.pdf<\/strong> !!<\/p>\n\n\n\n<p>La fabrication de PCB (insoleuse et graveuse) est soumise \u00e0 tarification. Vous trouverez les d\u00e9tails <a href=\"http:\/\/fabric-insa.fr\/site\/materiel\/tarifs\/\">ici<\/a>.<\/p>\n\n\n\n<hr class=\"wp-block-separator is-style-wide\"\/>\n\n\n\n<h4 class=\"has-vivid-red-color has-text-color wp-block-heading\">Outils et Instruments de mesure<\/h4>\n\n\n\n<ul class=\"wp-block-list\"><li>Multim\u00e8tres<\/li><li>Troisi\u00e8me main<\/li><li>Analyseur logique<\/li><li>Alimentations diverses<\/li><li>Tresse \u00e0 dessouder<\/li><li>\u00c9tain<\/li><li>Pinces de pr\u00e9cisions<\/li><li>GBF (G\u00e9n\u00e9rateur basse fr\u00e9quence)<\/li><li>Oscilloscope analogique et num\u00e9rique<\/li><li>Analyseur de spectre<\/li><li>Breadboards<\/li><\/ul>\n\n\n\n<hr class=\"wp-block-separator is-style-wide\"\/>\n\n\n\n<h4 class=\"has-vivid-red-color has-text-color wp-block-heading\">Plusieurs Kits Arduino<\/h4>\n\n\n\n<div class=\"wp-block-columns is-layout-flex wp-container-core-columns-is-layout-9d6595d7 wp-block-columns-is-layout-flex\">\n<div class=\"wp-block-column is-layout-flow wp-block-column-is-layout-flow\">\n<figure class=\"wp-block-image size-large\"><img loading=\"lazy\" decoding=\"async\" width=\"748\" height=\"363\" src=\"http:\/\/fabric-insa.fr\/site\/wp-content\/uploads\/2021\/01\/kit_arduino.jpg\" alt=\"\" class=\"wp-image-111\" srcset=\"https:\/\/fabric-insa.fr\/site\/wp-content\/uploads\/2021\/01\/kit_arduino.jpg 748w, https:\/\/fabric-insa.fr\/site\/wp-content\/uploads\/2021\/01\/kit_arduino-300x146.jpg 300w\" sizes=\"auto, (max-width: 748px) 100vw, 748px\" \/><\/figure>\n<\/div>\n<\/div>\n\n\n\n<hr class=\"wp-block-separator is-style-wide\"\/>\n\n\n\n<h4 class=\"has-vivid-red-color has-text-color wp-block-heading\">Cartes de d\u00e9veloppement<\/h4>\n\n\n\n<ul class=\"wp-block-list\"><li>Arduino MEGA ADK<\/li><li>Arduino Yun<\/li><li>Arduino Uno<\/li><li>Arduino DUE<\/li><li>Arduino Mini<\/li><li>Arduino Micro<\/li><li>Arduino Galileo INTEL<\/li><li>Raspberry pi 2 mod\u00e8le B<\/li><li>Teensy 3Spark Core Wifi (STM32)<\/li><li>Nexxys 3 (Cortex-M3)<\/li><li>STM32F411 Nucleo<\/li><li>Raspberry Pi 2<\/li><li>Raspberry Pi 3<\/li><li>FRDM-KL25Z<\/li><\/ul>\n\n\n\n<hr class=\"wp-block-separator is-style-wide\"\/>\n\n\n\n<h4 class=\"has-vivid-red-color has-text-color wp-block-heading\">Capteurs<\/h4>\n\n\n\n<ul class=\"wp-block-list\"><li>Hall<\/li><li>Flex Sensor<\/li><li>Force Sensitif<\/li><li>Centrale inertielle 10 DOF<\/li><li>pH<\/li><li>Alcool<\/li><li>Temp\u00e9rature<\/li><li>Humidit\u00e9<\/li><li>Gaz<\/li><li>Scanner empreinte<\/li><li>PIR (mouvements)<\/li><li>Rythme Cardiaque<\/li><li>Mouvement des muscles<\/li><li>Distances (Infrarouge, US)<\/li><li>RFID<\/li><li>Encodeur Rotatif<\/li><li>Reconnaissance Vid\u00e9o (Arduino)<\/li><li>GPS<\/li><\/ul>\n\n\n\n<hr class=\"wp-block-separator is-style-wide\"\/>\n\n\n\n<h4 class=\"has-vivid-red-color has-text-color wp-block-heading\">Composants<\/h4>\n\n\n\n<ul class=\"wp-block-list\"><li>R\u00e9sonateurs 16 Mhz<\/li><li>R\u00e9gulateurs 7805<\/li><li>Diverses r\u00e9sistances<\/li><li>Divers condensateurs<\/li><li>Midi Shield Snootlab<\/li><li>Contr\u00f4leur Moteur<\/li><li>Moteurs&nbsp;pas \u00e0 pas<\/li><li>Moteurs DC<\/li><li>Dalle Nintendo DS<\/li><li>Soleno\u00efde<\/li><li>Shield Relais<\/li><li>\u00c9cran LCD tactile (Arduino Mega)<\/li><li>Divers boutons<\/li><li>\u00c9cran \u00e0 LEDs<\/li><li>Joysticks<\/li><li>\u00c9cran 7 segments<\/li><li>T\u00e9l\u00e9commande infrarouge<\/li><li>Potentiom\u00e8tre<\/li><li>Pav\u00e9 num\u00e9rique<\/li><\/ul>\n\n\n\n<hr class=\"wp-block-separator is-style-wide\"\/>\n\n\n\n<h4 class=\"has-vivid-red-color has-text-color wp-block-heading\">Modules de communications<\/h4>\n\n\n\n<ul class=\"wp-block-list\"><li>XBEE<\/li><li>Bluetooth<\/li><li>Radio<\/li><li>GSM<\/li><li>WiFi<\/li><\/ul>\n","protected":false},"excerpt":{"rendered":"<p>Insoleuse Station de r\u00e9paration Graveuse Four \u00e0 refusion 2 Fers \u00e0 souder Analyseur de spectre Oscilloscopes Pour vos PCB, venez directement avec vos fichiers .pdf !! La fabrication de PCB (insoleuse et graveuse) est soumise \u00e0 tarification. Vous trouverez les d\u00e9tails ici. Outils et Instruments de mesure Multim\u00e8tres Troisi\u00e8me main Analyseur logique Alimentations diverses Tresse [&hellip;]<\/p>\n","protected":false},"author":2,"featured_media":108,"parent":55,"menu_order":0,"comment_status":"closed","ping_status":"closed","template":"","meta":{"footnotes":""},"class_list":["post-102","page","type-page","status-publish","has-post-thumbnail","hentry"],"yoast_head":"<!-- This site is optimized with the Yoast SEO plugin v26.4 - https:\/\/yoast.com\/wordpress\/plugins\/seo\/ -->\n<title>Electronique - Fabric&#039;INSA<\/title>\n<meta name=\"robots\" content=\"index, follow, max-snippet:-1, max-image-preview:large, max-video-preview:-1\" \/>\n<link rel=\"canonical\" href=\"https:\/\/fabric-insa.fr\/site\/materiel\/electronique\/\" \/>\n<meta property=\"og:locale\" content=\"fr_FR\" \/>\n<meta property=\"og:type\" content=\"article\" \/>\n<meta property=\"og:title\" content=\"Electronique - Fabric&#039;INSA\" \/>\n<meta property=\"og:description\" content=\"Insoleuse Station de r\u00e9paration Graveuse Four \u00e0 refusion 2 Fers \u00e0 souder Analyseur de spectre Oscilloscopes Pour vos PCB, venez directement avec vos fichiers .pdf !! La fabrication de PCB (insoleuse et graveuse) est soumise \u00e0 tarification. Vous trouverez les d\u00e9tails ici. Outils et Instruments de mesure Multim\u00e8tres Troisi\u00e8me main Analyseur logique Alimentations diverses Tresse [&hellip;]\" \/>\n<meta property=\"og:url\" content=\"https:\/\/fabric-insa.fr\/site\/materiel\/electronique\/\" \/>\n<meta property=\"og:site_name\" content=\"Fabric&#039;INSA\" \/>\n<meta property=\"article:publisher\" content=\"https:\/\/facebook.com\/fabric.insa\" \/>\n<meta property=\"article:modified_time\" content=\"2022-01-05T21:08:29+00:00\" \/>\n<meta property=\"og:image\" content=\"https:\/\/fabric-insa.fr\/site\/wp-content\/uploads\/2021\/01\/20180301_173600-scaled.jpg\" \/>\n\t<meta property=\"og:image:width\" content=\"2560\" \/>\n\t<meta property=\"og:image:height\" content=\"1665\" \/>\n\t<meta property=\"og:image:type\" content=\"image\/jpeg\" \/>\n<meta name=\"twitter:card\" content=\"summary_large_image\" \/>\n<meta name=\"twitter:site\" content=\"@fabricinsa\" \/>\n<meta name=\"twitter:label1\" content=\"Dur\u00e9e de lecture estim\u00e9e\" \/>\n\t<meta name=\"twitter:data1\" content=\"1 minute\" \/>\n<script type=\"application\/ld+json\" class=\"yoast-schema-graph\">{\"@context\":\"https:\/\/schema.org\",\"@graph\":[{\"@type\":\"WebPage\",\"@id\":\"https:\/\/fabric-insa.fr\/site\/materiel\/electronique\/\",\"url\":\"https:\/\/fabric-insa.fr\/site\/materiel\/electronique\/\",\"name\":\"Electronique - Fabric&#039;INSA\",\"isPartOf\":{\"@id\":\"https:\/\/fabric-insa.fr\/site\/#website\"},\"primaryImageOfPage\":{\"@id\":\"https:\/\/fabric-insa.fr\/site\/materiel\/electronique\/#primaryimage\"},\"image\":{\"@id\":\"https:\/\/fabric-insa.fr\/site\/materiel\/electronique\/#primaryimage\"},\"thumbnailUrl\":\"https:\/\/fabric-insa.fr\/site\/wp-content\/uploads\/2021\/01\/20180301_173600-scaled.jpg\",\"datePublished\":\"2021-01-11T13:09:00+00:00\",\"dateModified\":\"2022-01-05T21:08:29+00:00\",\"breadcrumb\":{\"@id\":\"https:\/\/fabric-insa.fr\/site\/materiel\/electronique\/#breadcrumb\"},\"inLanguage\":\"fr-FR\",\"potentialAction\":[{\"@type\":\"ReadAction\",\"target\":[\"https:\/\/fabric-insa.fr\/site\/materiel\/electronique\/\"]}]},{\"@type\":\"ImageObject\",\"inLanguage\":\"fr-FR\",\"@id\":\"https:\/\/fabric-insa.fr\/site\/materiel\/electronique\/#primaryimage\",\"url\":\"https:\/\/fabric-insa.fr\/site\/wp-content\/uploads\/2021\/01\/20180301_173600-scaled.jpg\",\"contentUrl\":\"https:\/\/fabric-insa.fr\/site\/wp-content\/uploads\/2021\/01\/20180301_173600-scaled.jpg\",\"width\":2560,\"height\":1665},{\"@type\":\"BreadcrumbList\",\"@id\":\"https:\/\/fabric-insa.fr\/site\/materiel\/electronique\/#breadcrumb\",\"itemListElement\":[{\"@type\":\"ListItem\",\"position\":1,\"name\":\"Accueil\",\"item\":\"https:\/\/fabric-insa.fr\/site\/\"},{\"@type\":\"ListItem\",\"position\":2,\"name\":\"Mat\u00e9riel\",\"item\":\"https:\/\/fabric-insa.fr\/site\/materiel\/\"},{\"@type\":\"ListItem\",\"position\":3,\"name\":\"Electronique\"}]},{\"@type\":\"WebSite\",\"@id\":\"https:\/\/fabric-insa.fr\/site\/#website\",\"url\":\"https:\/\/fabric-insa.fr\/site\/\",\"name\":\"Fabric'INSA\",\"description\":\"Le FabLab de l&#039;INSA Toulouse\",\"publisher\":{\"@id\":\"https:\/\/fabric-insa.fr\/site\/#organization\"},\"potentialAction\":[{\"@type\":\"SearchAction\",\"target\":{\"@type\":\"EntryPoint\",\"urlTemplate\":\"https:\/\/fabric-insa.fr\/site\/?s={search_term_string}\"},\"query-input\":{\"@type\":\"PropertyValueSpecification\",\"valueRequired\":true,\"valueName\":\"search_term_string\"}}],\"inLanguage\":\"fr-FR\"},{\"@type\":\"Organization\",\"@id\":\"https:\/\/fabric-insa.fr\/site\/#organization\",\"name\":\"Fabric'INSA\",\"url\":\"https:\/\/fabric-insa.fr\/site\/\",\"logo\":{\"@type\":\"ImageObject\",\"inLanguage\":\"fr-FR\",\"@id\":\"https:\/\/fabric-insa.fr\/site\/#\/schema\/logo\/image\/\",\"url\":\"http:\/\/fabric-insa.fr\/site\/wp-content\/uploads\/2021\/01\/LogoFabricINSA.png\",\"contentUrl\":\"http:\/\/fabric-insa.fr\/site\/wp-content\/uploads\/2021\/01\/LogoFabricINSA.png\",\"width\":595,\"height\":566,\"caption\":\"Fabric'INSA\"},\"image\":{\"@id\":\"https:\/\/fabric-insa.fr\/site\/#\/schema\/logo\/image\/\"},\"sameAs\":[\"https:\/\/facebook.com\/fabric.insa\",\"https:\/\/x.com\/fabricinsa\",\"https:\/\/www.instagram.com\/fabric_insa\",\"https:\/\/www.linkedin.com\/company\/fabric-insa\"]}]}<\/script>\n<!-- \/ Yoast SEO plugin. -->","yoast_head_json":{"title":"Electronique - Fabric&#039;INSA","robots":{"index":"index","follow":"follow","max-snippet":"max-snippet:-1","max-image-preview":"max-image-preview:large","max-video-preview":"max-video-preview:-1"},"canonical":"https:\/\/fabric-insa.fr\/site\/materiel\/electronique\/","og_locale":"fr_FR","og_type":"article","og_title":"Electronique - Fabric&#039;INSA","og_description":"Insoleuse Station de r\u00e9paration Graveuse Four \u00e0 refusion 2 Fers \u00e0 souder Analyseur de spectre Oscilloscopes Pour vos PCB, venez directement avec vos fichiers .pdf !! La fabrication de PCB (insoleuse et graveuse) est soumise \u00e0 tarification. Vous trouverez les d\u00e9tails ici. Outils et Instruments de mesure Multim\u00e8tres Troisi\u00e8me main Analyseur logique Alimentations diverses Tresse [&hellip;]","og_url":"https:\/\/fabric-insa.fr\/site\/materiel\/electronique\/","og_site_name":"Fabric&#039;INSA","article_publisher":"https:\/\/facebook.com\/fabric.insa","article_modified_time":"2022-01-05T21:08:29+00:00","og_image":[{"width":2560,"height":1665,"url":"https:\/\/fabric-insa.fr\/site\/wp-content\/uploads\/2021\/01\/20180301_173600-scaled.jpg","type":"image\/jpeg"}],"twitter_card":"summary_large_image","twitter_site":"@fabricinsa","twitter_misc":{"Dur\u00e9e de lecture estim\u00e9e":"1 minute"},"schema":{"@context":"https:\/\/schema.org","@graph":[{"@type":"WebPage","@id":"https:\/\/fabric-insa.fr\/site\/materiel\/electronique\/","url":"https:\/\/fabric-insa.fr\/site\/materiel\/electronique\/","name":"Electronique - Fabric&#039;INSA","isPartOf":{"@id":"https:\/\/fabric-insa.fr\/site\/#website"},"primaryImageOfPage":{"@id":"https:\/\/fabric-insa.fr\/site\/materiel\/electronique\/#primaryimage"},"image":{"@id":"https:\/\/fabric-insa.fr\/site\/materiel\/electronique\/#primaryimage"},"thumbnailUrl":"https:\/\/fabric-insa.fr\/site\/wp-content\/uploads\/2021\/01\/20180301_173600-scaled.jpg","datePublished":"2021-01-11T13:09:00+00:00","dateModified":"2022-01-05T21:08:29+00:00","breadcrumb":{"@id":"https:\/\/fabric-insa.fr\/site\/materiel\/electronique\/#breadcrumb"},"inLanguage":"fr-FR","potentialAction":[{"@type":"ReadAction","target":["https:\/\/fabric-insa.fr\/site\/materiel\/electronique\/"]}]},{"@type":"ImageObject","inLanguage":"fr-FR","@id":"https:\/\/fabric-insa.fr\/site\/materiel\/electronique\/#primaryimage","url":"https:\/\/fabric-insa.fr\/site\/wp-content\/uploads\/2021\/01\/20180301_173600-scaled.jpg","contentUrl":"https:\/\/fabric-insa.fr\/site\/wp-content\/uploads\/2021\/01\/20180301_173600-scaled.jpg","width":2560,"height":1665},{"@type":"BreadcrumbList","@id":"https:\/\/fabric-insa.fr\/site\/materiel\/electronique\/#breadcrumb","itemListElement":[{"@type":"ListItem","position":1,"name":"Accueil","item":"https:\/\/fabric-insa.fr\/site\/"},{"@type":"ListItem","position":2,"name":"Mat\u00e9riel","item":"https:\/\/fabric-insa.fr\/site\/materiel\/"},{"@type":"ListItem","position":3,"name":"Electronique"}]},{"@type":"WebSite","@id":"https:\/\/fabric-insa.fr\/site\/#website","url":"https:\/\/fabric-insa.fr\/site\/","name":"Fabric'INSA","description":"Le FabLab de l&#039;INSA Toulouse","publisher":{"@id":"https:\/\/fabric-insa.fr\/site\/#organization"},"potentialAction":[{"@type":"SearchAction","target":{"@type":"EntryPoint","urlTemplate":"https:\/\/fabric-insa.fr\/site\/?s={search_term_string}"},"query-input":{"@type":"PropertyValueSpecification","valueRequired":true,"valueName":"search_term_string"}}],"inLanguage":"fr-FR"},{"@type":"Organization","@id":"https:\/\/fabric-insa.fr\/site\/#organization","name":"Fabric'INSA","url":"https:\/\/fabric-insa.fr\/site\/","logo":{"@type":"ImageObject","inLanguage":"fr-FR","@id":"https:\/\/fabric-insa.fr\/site\/#\/schema\/logo\/image\/","url":"http:\/\/fabric-insa.fr\/site\/wp-content\/uploads\/2021\/01\/LogoFabricINSA.png","contentUrl":"http:\/\/fabric-insa.fr\/site\/wp-content\/uploads\/2021\/01\/LogoFabricINSA.png","width":595,"height":566,"caption":"Fabric'INSA"},"image":{"@id":"https:\/\/fabric-insa.fr\/site\/#\/schema\/logo\/image\/"},"sameAs":["https:\/\/facebook.com\/fabric.insa","https:\/\/x.com\/fabricinsa","https:\/\/www.instagram.com\/fabric_insa","https:\/\/www.linkedin.com\/company\/fabric-insa"]}]}},"_links":{"self":[{"href":"https:\/\/fabric-insa.fr\/site\/wp-json\/wp\/v2\/pages\/102","targetHints":{"allow":["GET"]}}],"collection":[{"href":"https:\/\/fabric-insa.fr\/site\/wp-json\/wp\/v2\/pages"}],"about":[{"href":"https:\/\/fabric-insa.fr\/site\/wp-json\/wp\/v2\/types\/page"}],"author":[{"embeddable":true,"href":"https:\/\/fabric-insa.fr\/site\/wp-json\/wp\/v2\/users\/2"}],"replies":[{"embeddable":true,"href":"https:\/\/fabric-insa.fr\/site\/wp-json\/wp\/v2\/comments?post=102"}],"version-history":[{"count":3,"href":"https:\/\/fabric-insa.fr\/site\/wp-json\/wp\/v2\/pages\/102\/revisions"}],"predecessor-version":[{"id":515,"href":"https:\/\/fabric-insa.fr\/site\/wp-json\/wp\/v2\/pages\/102\/revisions\/515"}],"up":[{"embeddable":true,"href":"https:\/\/fabric-insa.fr\/site\/wp-json\/wp\/v2\/pages\/55"}],"wp:featuredmedia":[{"embeddable":true,"href":"https:\/\/fabric-insa.fr\/site\/wp-json\/wp\/v2\/media\/108"}],"wp:attachment":[{"href":"https:\/\/fabric-insa.fr\/site\/wp-json\/wp\/v2\/media?parent=102"}],"curies":[{"name":"wp","href":"https:\/\/api.w.org\/{rel}","templated":true}]}}